{"id":689948,"date":"2025-08-27T13:48:59","date_gmt":"2025-08-27T10:48:59","guid":{"rendered":"https:\/\/roveyayinevi.com.tr\/index.php\/urun\/yanlisliklar-komedyasi\/"},"modified":"2026-04-16T01:59:43","modified_gmt":"2026-04-15T22:59:43","slug":"yanlisliklar-komedyasi","status":"publish","type":"product","link":"https:\/\/roveyayinevi.com.tr\/index.php\/urun\/yanlisliklar-komedyasi\/","title":{"rendered":"Yanl\u0131\u015fl\u0131klar Komedyas\u0131"},"content":{"rendered":"<p>William Shakespeare (1564-1616): Oyunlar\u0131 ve \u015fiirlerinde insanl\u0131k durumlar\u0131n\u0131 dile getiri\u015f g\u00fcc\u00fcyle yakla\u015f\u0131k 400 y\u0131ld\u0131r b\u00fct\u00fcn d\u00fcnya okur ve seyircilerini etkilemeyi s\u00fcrd\u00fcren efsanevi yazar, Yanl\u0131\u015fl\u0131klar Komedyas\u0131\u2019nda olay dizisini ikiz karde\u015fler ve onlar\u0131n ikiz u\u015faklar\u0131n\u0131n benzerli\u011finden kaynaklanan yan\u0131lg\u0131lar \u00fczerine kurmu\u015ftur. Birbirini izleyen yan\u0131lg\u0131lar\u0131 g\u00fclerek izleyen seyirci, oyunun ba\u015f\u0131nda \u00f6\u011frendi\u011fi ac\u0131l\u0131 bir ya\u015fam\u00f6yk\u00fcs\u00fcn\u00fcn nas\u0131l sona erece\u011fini de merak i\u00e7inde bekler. Kaderin bir f\u0131rt\u0131nayla da\u011f\u0131tt\u0131\u011f\u0131 ailenin bireyleri bu g\u00fcl\u00fcn\u00e7 olaylar aras\u0131nda birbirini bulur. Mutlu son inand\u0131r\u0131c\u0131 bir geli\u015fmeyi izleyerek ortaya \u00e7\u0131kar. Yanl\u0131\u015fl\u0131klar Komedyas\u0131 Shakespeare\u2019in ilk ve k\u0131sa komedyalar\u0131ndand\u0131r. \ufffcTan\u0131t\u0131m Metni<\/p>\n","protected":false},"excerpt":{"rendered":"<p>William Shakespeare (1564-1616): Oyunlar\u0131 ve \u015fiirlerinde insanl\u0131k durumlar\u0131n\u0131 dile getiri\u015f g\u00fcc\u00fcyle yakla\u015f\u0131k 400 y\u0131ld\u0131r b\u00fct\u00fcn d\u00fcnya okur ve seyircilerini etkilemeyi s\u00fcrd\u00fcren efsanevi yazar, Yanl\u0131\u015fl\u0131klar Komedyas\u0131\u2019nda olay<span class=\"excerpt-hellip\"> [\u2026]<\/span><\/p>\n","protected":false},"featured_media":0,"template":"","meta":{"_monsterinsights_skip_tracking":false,"_monsterinsights_sitenote_active":false,"_monsterinsights_sitenote_note":"","_monsterinsights_sitenote_category":0},"product_brand":[],"product_cat":[12291,14272],"product_tag":[],"class_list":{"0":"post-689948","1":"product","2":"type-product","3":"status-publish","5":"product_cat-edebiyat","6":"product_cat-tiyatro","7":"pa_cilt-ciltsiz","8":"pa_tur-kitap","9":"pa_yayinevi-is-bankasi-kultur-yayinlari","10":"pa_yazar-william-shakespeare","12":"first","13":"instock","14":"sale","15":"shipping-taxable","16":"purchasable","17":"product-type-simple"},"_links":{"self":[{"href":"https:\/\/roveyayinevi.com.tr\/index.php\/wp-json\/wp\/v2\/product\/689948","targetHints":{"allow":["GET"]}}],"collection":[{"href":"https:\/\/roveyayinevi.com.tr\/index.php\/wp-json\/wp\/v2\/product"}],"about":[{"href":"https:\/\/roveyayinevi.com.tr\/index.php\/wp-json\/wp\/v2\/types\/product"}],"wp:attachment":[{"href":"https:\/\/roveyayinevi.com.tr\/index.php\/wp-json\/wp\/v2\/media?parent=689948"}],"wp:term":[{"taxonomy":"product_brand","embeddable":true,"href":"https:\/\/roveyayinevi.com.tr\/index.php\/wp-json\/wp\/v2\/product_brand?post=689948"},{"taxonomy":"product_cat","embeddable":true,"href":"https:\/\/roveyayinevi.com.tr\/index.php\/wp-json\/wp\/v2\/product_cat?post=689948"},{"taxonomy":"product_tag","embeddable":true,"href":"https:\/\/roveyayinevi.com.tr\/index.php\/wp-json\/wp\/v2\/product_tag?post=689948"}],"curies":[{"name":"wp","href":"https:\/\/api.w.org\/{rel}","templated":true}]}}