{"id":689947,"date":"2025-08-27T13:48:58","date_gmt":"2025-08-27T10:48:58","guid":{"rendered":"https:\/\/roveyayinevi.com.tr\/index.php\/urun\/necati-tosuner-sokagi\/"},"modified":"2026-04-16T01:59:43","modified_gmt":"2026-04-15T22:59:43","slug":"necati-tosuner-sokagi","status":"publish","type":"product","link":"https:\/\/roveyayinevi.com.tr\/index.php\/urun\/necati-tosuner-sokagi\/","title":{"rendered":"Necati Tosuner Soka\u011f\u0131"},"content":{"rendered":"<p>Necati Tosuner Soka\u011f\u0131,   ekme\u011fin tad\u0131nda, kokusunda ve i\u015flenmi\u015fli\u011finde   \u00f6yk\u00fclerden olu\u015fuyor. \u0130nsan\u0131n i\u00e7indeki yanarda\u011f u\u00e7 uca eklenen \u00e7a\u011fr\u0131\u015f\u0131mlar, birbirine yaslanan imgeler ve benzetmelerle anlat\u0131l\u0131yor. Necati Tosuner en s\u0131radan olaylar\u0131n i\u00e7inde en ince duygular\u0131 yakalay\u0131p \u015fiirsel bir duyarl\u0131l\u0131kla dile getiriyor. <\/p>\n","protected":false},"excerpt":{"rendered":"<p>Necati Tosuner Soka\u011f\u0131, ekme\u011fin tad\u0131nda, kokusunda ve i\u015flenmi\u015fli\u011finde \u00f6yk\u00fclerden olu\u015fuyor. \u0130nsan\u0131n i\u00e7indeki yanarda\u011f u\u00e7 uca eklenen \u00e7a\u011fr\u0131\u015f\u0131mlar, birbirine yaslanan imgeler ve benzetmelerle anlat\u0131l\u0131yor. Necati Tosuner en<span class=\"excerpt-hellip\"> [\u2026]<\/span><\/p>\n","protected":false},"featured_media":0,"template":"","meta":{"_monsterinsights_skip_tracking":false,"_monsterinsights_sitenote_active":false,"_monsterinsights_sitenote_note":"","_monsterinsights_sitenote_category":0},"product_brand":[],"product_cat":[12291,12711],"product_tag":[],"class_list":{"0":"post-689947","1":"product","2":"type-product","3":"status-publish","5":"product_cat-edebiyat","6":"product_cat-roman-oyku","7":"pa_cilt-ciltsiz","8":"pa_tur-kitap","9":"pa_yayinevi-is-bankasi-kultur-yayinlari","10":"pa_yazar-necati-tosuner","12":"first","13":"instock","14":"sale","15":"shipping-taxable","16":"purchasable","17":"product-type-simple"},"_links":{"self":[{"href":"https:\/\/roveyayinevi.com.tr\/index.php\/wp-json\/wp\/v2\/product\/689947","targetHints":{"allow":["GET"]}}],"collection":[{"href":"https:\/\/roveyayinevi.com.tr\/index.php\/wp-json\/wp\/v2\/product"}],"about":[{"href":"https:\/\/roveyayinevi.com.tr\/index.php\/wp-json\/wp\/v2\/types\/product"}],"wp:attachment":[{"href":"https:\/\/roveyayinevi.com.tr\/index.php\/wp-json\/wp\/v2\/media?parent=689947"}],"wp:term":[{"taxonomy":"product_brand","embeddable":true,"href":"https:\/\/roveyayinevi.com.tr\/index.php\/wp-json\/wp\/v2\/product_brand?post=689947"},{"taxonomy":"product_cat","embeddable":true,"href":"https:\/\/roveyayinevi.com.tr\/index.php\/wp-json\/wp\/v2\/product_cat?post=689947"},{"taxonomy":"product_tag","embeddable":true,"href":"https:\/\/roveyayinevi.com.tr\/index.php\/wp-json\/wp\/v2\/product_tag?post=689947"}],"curies":[{"name":"wp","href":"https:\/\/api.w.org\/{rel}","templated":true}]}}