{"id":689946,"date":"2025-08-27T13:48:58","date_gmt":"2025-08-27T10:48:58","guid":{"rendered":"https:\/\/roveyayinevi.com.tr\/index.php\/urun\/nasil-hosunuza-giderse\/"},"modified":"2026-04-16T01:59:43","modified_gmt":"2026-04-15T22:59:43","slug":"nasil-hosunuza-giderse","status":"publish","type":"product","link":"https:\/\/roveyayinevi.com.tr\/index.php\/urun\/nasil-hosunuza-giderse\/","title":{"rendered":"Nas\u0131l Ho\u015funuza Giderse"},"content":{"rendered":"<p>William Shakespeare (1564-1616): Oyunlar\u0131 ve \u015fiirlerinde insanl\u0131k durumlar\u0131n\u0131 dile getiri\u015f g\u00fcc\u00fcyle yakla\u015f\u0131k 400 y\u0131ld\u0131r b\u00fct\u00fcn d\u00fcnya okur ve seyircilerini etkilemeyi s\u00fcrd\u00fcren efsanevi yazar, pastoral komedisi Nas\u0131l Ho\u015funuza Giderse&#8217;de bir a\u015fk hik\u00e2yesi etraf\u0131nda \u015fekillenen olaylar\u0131 ustaca resmeder. Shakespeare oyunun konusunu Thomas Lodge&#8217;un Rosalynd adl\u0131 roman\u0131ndan alm\u0131\u015ft\u0131r. Yazar a\u015fk, tutku, melankoli kadar co\u015fku, ne\u015fe ve ironiyi de muazzam bir ahenkle aktaran zekice kotar\u0131lm\u0131\u015f diyaloglar\u0131yla \u00f6l\u00fcms\u00fcz bir eser yaratm\u0131\u015ft\u0131r. B\u00fct\u00fcn d\u00fcnya bir sahnedir, kad\u0131n erkek b\u00fct\u00fcn insanlar da oyuncular. tirad\u0131yla da \u00fcnl\u00fc olan Nas\u0131l Ho\u015funuza Giderse, Shakespeare oyunlar\u0131 aras\u0131nda \u00f6zel bir yere sahiptir. <\/p>\n","protected":false},"excerpt":{"rendered":"<p>William Shakespeare (1564-1616): Oyunlar\u0131 ve \u015fiirlerinde insanl\u0131k durumlar\u0131n\u0131 dile getiri\u015f g\u00fcc\u00fcyle yakla\u015f\u0131k 400 y\u0131ld\u0131r b\u00fct\u00fcn d\u00fcnya okur ve seyircilerini etkilemeyi s\u00fcrd\u00fcren efsanevi yazar, pastoral komedisi Nas\u0131l<span class=\"excerpt-hellip\"> [\u2026]<\/span><\/p>\n","protected":false},"featured_media":0,"template":"","meta":{"_monsterinsights_skip_tracking":false,"_monsterinsights_sitenote_active":false,"_monsterinsights_sitenote_note":"","_monsterinsights_sitenote_category":0},"product_brand":[],"product_cat":[12291,12866],"product_tag":[],"class_list":{"0":"post-689946","1":"product","2":"type-product","3":"status-publish","5":"product_cat-edebiyat","6":"product_cat-ingiliz-edebiyati","7":"pa_cilt-ciltsiz","8":"pa_tur-kitap","9":"pa_yayinevi-is-bankasi-kultur-yayinlari","10":"pa_yazar-william-shakespeare","12":"first","13":"instock","14":"sale","15":"shipping-taxable","16":"purchasable","17":"product-type-simple"},"_links":{"self":[{"href":"https:\/\/roveyayinevi.com.tr\/index.php\/wp-json\/wp\/v2\/product\/689946","targetHints":{"allow":["GET"]}}],"collection":[{"href":"https:\/\/roveyayinevi.com.tr\/index.php\/wp-json\/wp\/v2\/product"}],"about":[{"href":"https:\/\/roveyayinevi.com.tr\/index.php\/wp-json\/wp\/v2\/types\/product"}],"wp:attachment":[{"href":"https:\/\/roveyayinevi.com.tr\/index.php\/wp-json\/wp\/v2\/media?parent=689946"}],"wp:term":[{"taxonomy":"product_brand","embeddable":true,"href":"https:\/\/roveyayinevi.com.tr\/index.php\/wp-json\/wp\/v2\/product_brand?post=689946"},{"taxonomy":"product_cat","embeddable":true,"href":"https:\/\/roveyayinevi.com.tr\/index.php\/wp-json\/wp\/v2\/product_cat?post=689946"},{"taxonomy":"product_tag","embeddable":true,"href":"https:\/\/roveyayinevi.com.tr\/index.php\/wp-json\/wp\/v2\/product_tag?post=689946"}],"curies":[{"name":"wp","href":"https:\/\/api.w.org\/{rel}","templated":true}]}}