{"id":689941,"date":"2025-08-27T13:48:57","date_gmt":"2025-08-27T10:48:57","guid":{"rendered":"https:\/\/roveyayinevi.com.tr\/index.php\/urun\/atlari-hatirlayin-ve-sopayi-kapin\/"},"modified":"2026-04-16T01:59:43","modified_gmt":"2026-04-15T22:59:43","slug":"atlari-hatirlayin-ve-sopayi-kapin","status":"publish","type":"product","link":"https:\/\/roveyayinevi.com.tr\/index.php\/urun\/atlari-hatirlayin-ve-sopayi-kapin\/","title":{"rendered":"Atlar\u0131 Hat\u0131rlay\u0131n&#8230; Ve Sopay\u0131 Kap\u0131n !"},"content":{"rendered":"<p>Bir u\u00e7a\u011f\u0131n pilotu, yolcular\u0131na verilecek iki haberi oldu\u011funu anons eder. \u0130yi haber, belirlendi\u011fi \u015fekilde saatte 500 mil h\u0131zla ilerlemektedirler ve u\u00e7a\u011f\u0131n t\u00fcm mekanizmas\u0131 sorunsuz \u00e7al\u0131\u015fmaktad\u0131r. K\u00f6t\u00fc haber ise, kaybolmu\u015flard\u0131r. \u00c7o\u011fu yorumcuya g\u00f6re, kapitalizm bu u\u00e7a\u011fa benzer: Pek \u00e7ok \u00fcr\u00fcn\u00fc verimli bir \u015fekilde \u00fcretir, fakat bunlar ne t\u00fcr \u00fcr\u00fcnlerdir ve bunlar\u0131n \u00e7o\u011funlu\u011funu kimler al\u0131r? Tan\u0131k olunan bunca \u00e7ile d\u00fc\u015f\u00fcn\u00fcl\u00fcnce, sistem yolunu kaybetmi\u015f gibi g\u00f6z\u00fckmektedir. Marx ise, u\u00e7a\u011f\u0131n yolunu kaybetti\u011fini reddedecektir. Kapitalist sistem son derece g\u00fczel bi\u00e7imde egemenlerin beklentilerine kar\u015f\u0131l\u0131k verir. Fakat bu u\u00e7ak, ciddi ve gittik\u00e7e k\u00f6t\u00fcle\u015fen motor ar\u0131zalar\u0131na sahiptir, dolay\u0131s\u0131yla yak\u0131n zamanda d\u00fc\u015fmesi muhtemeldir. Kapitalizm, s\u00fcrd\u00fcr\u00fclemez h\u00e2le gelmektedir. Yoksa \u00e7oktan gelmi\u015f midir? Bertell Ollman, Gezi \u0130syan\u0131&#8217;n\u0131n hemen \u00f6ncesinde, May\u0131s 2013&#8217;te T\u00fcrkiye&#8217;de verdi\u011fi konferanslarda ve kendisiyle yap\u0131lan r\u00f6portajlarda bu soruyu sordu ve ya\u015fanan son b\u00fcy\u00fck kriz ba\u011flam\u0131nda yan\u0131tlar \u00fcretmeye \u00e7al\u0131\u015ft\u0131. Ollman&#8217;\u0131n krize ili\u015fkin \u00f6zg\u00fcn ve \u00e7arp\u0131c\u0131 yorumlar\u0131n\u0131 i\u00e7eren r\u00f6portajlar, bu kitapta \u00f6nemli bir yer tutuyor. T\u00fcrkiye&#8217;deki &#8220;Gezi&#8221; ile simgelenen halk m\u00fccadelesini \u00e2deta \u00f6ng\u00f6ren bu r\u00f6portajlarda, Gezi Direni\u015fi (Occupy Taksim) \u0131\u015f\u0131\u011f\u0131nda kimi geni\u015fletmeler ve de\u011fi\u015fiklikler yap\u0131ld\u0131. Ollman&#8217;\u0131n &#8220;Marksist bir masa oyunuyla sosyalist fikirleri \u00f6\u011fretme denemelerim&#8221; dedi\u011fi S\u0131n\u0131f M\u00fccadelesi oyunu da r\u00f6portajlardan birinin konusunu olu\u015fturuyor. Kitab\u0131n izleyen b\u00f6l\u00fcmlerinde, emperyalizmden piyasa sosyalizmine, akademik \u00f6zg\u00fcrl\u00fckten sosyalist pedagojiye uzanan, farkl\u0131 fakat birbiriyle ili\u015fkili konular\u0131n daha sistematik bir analizini sunan, daha eski \u00fc\u00e7 ayr\u0131 r\u00f6portaj yer al\u0131yor. \ufffcTan\u0131t\u0131m Metni<\/p>\n","protected":false},"excerpt":{"rendered":"<p>Bir u\u00e7a\u011f\u0131n pilotu, yolcular\u0131na verilecek iki haberi oldu\u011funu anons eder. \u0130yi haber, belirlendi\u011fi \u015fekilde saatte 500 mil h\u0131zla ilerlemektedirler ve u\u00e7a\u011f\u0131n t\u00fcm mekanizmas\u0131 sorunsuz \u00e7al\u0131\u015fmaktad\u0131r. K\u00f6t\u00fc<span class=\"excerpt-hellip\"> [\u2026]<\/span><\/p>\n","protected":false},"featured_media":0,"template":"","meta":{"_monsterinsights_skip_tracking":false,"_monsterinsights_sitenote_active":false,"_monsterinsights_sitenote_note":"","_monsterinsights_sitenote_category":0},"product_brand":[],"product_cat":[12312,12304],"product_tag":[],"class_list":{"0":"post-689941","1":"product","2":"type-product","3":"status-publish","5":"product_cat-diger","6":"product_cat-tarih","7":"pa_cilt-ciltsiz","8":"pa_tur-kitap","9":"pa_yayinevi-yordam-kitap","10":"pa_yazar-bertell-ollman","12":"first","13":"instock","14":"sale","15":"shipping-taxable","16":"purchasable","17":"product-type-simple"},"_links":{"self":[{"href":"https:\/\/roveyayinevi.com.tr\/index.php\/wp-json\/wp\/v2\/product\/689941","targetHints":{"allow":["GET"]}}],"collection":[{"href":"https:\/\/roveyayinevi.com.tr\/index.php\/wp-json\/wp\/v2\/product"}],"about":[{"href":"https:\/\/roveyayinevi.com.tr\/index.php\/wp-json\/wp\/v2\/types\/product"}],"wp:attachment":[{"href":"https:\/\/roveyayinevi.com.tr\/index.php\/wp-json\/wp\/v2\/media?parent=689941"}],"wp:term":[{"taxonomy":"product_brand","embeddable":true,"href":"https:\/\/roveyayinevi.com.tr\/index.php\/wp-json\/wp\/v2\/product_brand?post=689941"},{"taxonomy":"product_cat","embeddable":true,"href":"https:\/\/roveyayinevi.com.tr\/index.php\/wp-json\/wp\/v2\/product_cat?post=689941"},{"taxonomy":"product_tag","embeddable":true,"href":"https:\/\/roveyayinevi.com.tr\/index.php\/wp-json\/wp\/v2\/product_tag?post=689941"}],"curies":[{"name":"wp","href":"https:\/\/api.w.org\/{rel}","templated":true}]}}