{"id":689936,"date":"2025-08-27T13:48:56","date_gmt":"2025-08-27T10:48:56","guid":{"rendered":"https:\/\/roveyayinevi.com.tr\/index.php\/urun\/upanishadlar\/"},"modified":"2026-04-16T01:59:42","modified_gmt":"2026-04-15T22:59:42","slug":"upanishadlar","status":"publish","type":"product","link":"https:\/\/roveyayinevi.com.tr\/index.php\/urun\/upanishadlar\/","title":{"rendered":"Upanishadlar"},"content":{"rendered":"<p>Upanishadlar \u0130\u00d6 600 y\u0131llar\u0131nda ortaya \u00e7\u0131km\u0131\u015ft\u0131r. Eski Hintlilerin evreni, tanr\u0131y\u0131, ya\u015fam\u0131, \u00f6l\u00fcm\u00fc ve \u00f6l\u00fcmden sonras\u0131n\u0131 a\u00e7\u0131klamaya \u00e7al\u0131\u015ft\u0131klar\u0131 felsefe ve teoloji metinleridir. Upanishadlar\u2019daki \u00f6\u011fretiye g\u00f6re en y\u00fcce ama\u00e7, Brahma ile bir olmakt\u0131r. Bu amaca ula\u015fmak da bilgisizli\u011fin yenilmesiyle m\u00fcmk\u00fcn olabilir. Hindistan\u2019daki b\u00fct\u00fcn d\u00fc\u015f\u00fcnce ak\u0131mlar\u0131n\u0131 etkileyen Upanishadlar\u2019\u0131n bat\u0131 felsefesi \u00fczerinde de etkileri g\u00f6r\u00fcl\u00fcr. Schopenhauer, Upanishadlar i\u00e7in \u015f\u00f6yle demi\u015ftir:   Bu, d\u00fcnyadaki en i\u00e7 rahatlat\u0131c\u0131 ve insan\u0131 y\u00fccelten eser olsa gerek. Ya\u015fam\u0131m\u0131n tesellisi o oldu, \u00f6l\u00fcm\u00fcm\u00fcn de o olacak. <\/p>\n","protected":false},"excerpt":{"rendered":"<p>Upanishadlar \u0130\u00d6 600 y\u0131llar\u0131nda ortaya \u00e7\u0131km\u0131\u015ft\u0131r. Eski Hintlilerin evreni, tanr\u0131y\u0131, ya\u015fam\u0131, \u00f6l\u00fcm\u00fc ve \u00f6l\u00fcmden sonras\u0131n\u0131 a\u00e7\u0131klamaya \u00e7al\u0131\u015ft\u0131klar\u0131 felsefe ve teoloji metinleridir. Upanishadlar\u2019daki \u00f6\u011fretiye g\u00f6re en y\u00fcce<span class=\"excerpt-hellip\"> [\u2026]<\/span><\/p>\n","protected":false},"featured_media":0,"template":"","meta":{"_monsterinsights_skip_tracking":false,"_monsterinsights_sitenote_active":false,"_monsterinsights_sitenote_note":"","_monsterinsights_sitenote_category":0},"product_brand":[],"product_cat":[13661,12291],"product_tag":[],"class_list":{"0":"post-689936","1":"product","2":"type-product","3":"status-publish","5":"product_cat-diger-ulke-edebiyatlari","6":"product_cat-edebiyat","7":"pa_cilt-ciltsiz","8":"pa_tur-kitap","9":"pa_yayinevi-is-bankasi-kultur-yayinlari","10":"pa_yazar-kolektif","12":"first","13":"instock","14":"sale","15":"shipping-taxable","16":"purchasable","17":"product-type-simple"},"_links":{"self":[{"href":"https:\/\/roveyayinevi.com.tr\/index.php\/wp-json\/wp\/v2\/product\/689936","targetHints":{"allow":["GET"]}}],"collection":[{"href":"https:\/\/roveyayinevi.com.tr\/index.php\/wp-json\/wp\/v2\/product"}],"about":[{"href":"https:\/\/roveyayinevi.com.tr\/index.php\/wp-json\/wp\/v2\/types\/product"}],"wp:attachment":[{"href":"https:\/\/roveyayinevi.com.tr\/index.php\/wp-json\/wp\/v2\/media?parent=689936"}],"wp:term":[{"taxonomy":"product_brand","embeddable":true,"href":"https:\/\/roveyayinevi.com.tr\/index.php\/wp-json\/wp\/v2\/product_brand?post=689936"},{"taxonomy":"product_cat","embeddable":true,"href":"https:\/\/roveyayinevi.com.tr\/index.php\/wp-json\/wp\/v2\/product_cat?post=689936"},{"taxonomy":"product_tag","embeddable":true,"href":"https:\/\/roveyayinevi.com.tr\/index.php\/wp-json\/wp\/v2\/product_tag?post=689936"}],"curies":[{"name":"wp","href":"https:\/\/api.w.org\/{rel}","templated":true}]}}