{"id":689935,"date":"2025-08-27T13:48:56","date_gmt":"2025-08-27T10:48:56","guid":{"rendered":"https:\/\/roveyayinevi.com.tr\/index.php\/urun\/mozart-ve-deyyuslar\/"},"modified":"2026-04-16T01:59:42","modified_gmt":"2026-04-15T22:59:42","slug":"mozart-ve-deyyuslar","status":"publish","type":"product","link":"https:\/\/roveyayinevi.com.tr\/index.php\/urun\/mozart-ve-deyyuslar\/","title":{"rendered":"Mozart ve Deyyuslar"},"content":{"rendered":"<p>Mozart: M\u00fczi\u011fin bir s\u00fcsten, bir oyuncaktan, bo\u015f hayatlar\u0131n\u0131z\u0131 s\u00fcsleyen sesli bir duvar k\u00e2\u011f\u0131d\u0131ndan daha fazla bir \u015fey oldu\u011fu bilmem hi\u00e7 akl\u0131n\u0131za geldi mi krallar, krali\u00e7eler, asilzadeler? (&#8230;) Wolfgang Amadeus Mozart\u2019\u0131n iki y\u00fcz\u00fcnc\u00fc \u00f6l\u00fcm y\u0131ld\u00f6n\u00fcm\u00fc olan 1991 y\u0131l\u0131nda yay\u0131mlanan Mozart ve Deyyuslar, \u00fcnl\u00fc bestecinin ki\u015fili\u011fini ve eserlerini anlamak i\u00e7in yaz\u0131lm\u0131\u015f belki de en e\u011flenceli kitap; felsefi, teolojik, ironik g\u00f6ndermelerle dolu bir roman. Ele\u015ftirmenlere g\u00f6re 40. Senfoni\u2019yi edebiyata d\u00f6n\u00fc\u015ft\u00fcrmek i\u00e7in Stendhalvari bir \u00e7aba olan kitapta Burgess\u2019\u0131n dehas\u0131na bir kez daha \u015fapka \u00e7\u0131karacaks\u0131n\u0131z. Anthony Burgess (1917-1993) \u0130ngiliz romanc\u0131, besteci, ele\u015ftirmen. 1959 y\u0131l\u0131nda Burgess&#8217;a ameliyat edilemez bir beyin t\u00fcm\u00f6r\u00fc tan\u0131s\u0131 kondu ve bir y\u0131ldan az \u00f6m\u00fcr bi\u00e7ildi. \u0130lk kar\u0131s\u0131 Lynne&#8217;nin ge\u00e7imini sa\u011flamaya kararl\u0131 olan Burgess \u00f6fkeyle masaya oturup 12 ay i\u00e7inde be\u015f bu\u00e7uk roman yazd\u0131ktan sonra te\u015fhisin yanl\u0131\u015f oldu\u011fu anla\u015f\u0131ld\u0131. Art\u0131k tan\u0131nan bir yazar olmu\u015ftu. 50&#8217;den fazla roman ve kitap yazd\u0131. Burgess&#8217;\u0131n Otomatik Portakal ve Deptford&#8217;daki \u00d6l\u00fc Adam isimli kitaplar\u0131 da yay\u0131nlar\u0131m\u0131z aras\u0131ndad\u0131r. <\/p>\n","protected":false},"excerpt":{"rendered":"<p>Mozart: M\u00fczi\u011fin bir s\u00fcsten, bir oyuncaktan, bo\u015f hayatlar\u0131n\u0131z\u0131 s\u00fcsleyen sesli bir duvar k\u00e2\u011f\u0131d\u0131ndan daha fazla bir \u015fey oldu\u011fu bilmem hi\u00e7 akl\u0131n\u0131za geldi mi krallar, krali\u00e7eler, asilzadeler?<span class=\"excerpt-hellip\"> [\u2026]<\/span><\/p>\n","protected":false},"featured_media":0,"template":"","meta":{"_monsterinsights_skip_tracking":false,"_monsterinsights_sitenote_active":false,"_monsterinsights_sitenote_note":"","_monsterinsights_sitenote_category":0},"product_brand":[],"product_cat":[14591,14556],"product_tag":[],"class_list":{"0":"post-689935","1":"product","2":"type-product","3":"status-publish","5":"product_cat-genel-kavramlar-kuram-ve-tarihce","6":"product_cat-muzik","7":"pa_cilt-ciltsiz","8":"pa_tur-kitap","9":"pa_yayinevi-is-bankasi-kultur-yayinlari","10":"pa_yazar-anthony-burgess","12":"first","13":"instock","14":"sale","15":"shipping-taxable","16":"purchasable","17":"product-type-simple"},"_links":{"self":[{"href":"https:\/\/roveyayinevi.com.tr\/index.php\/wp-json\/wp\/v2\/product\/689935","targetHints":{"allow":["GET"]}}],"collection":[{"href":"https:\/\/roveyayinevi.com.tr\/index.php\/wp-json\/wp\/v2\/product"}],"about":[{"href":"https:\/\/roveyayinevi.com.tr\/index.php\/wp-json\/wp\/v2\/types\/product"}],"wp:attachment":[{"href":"https:\/\/roveyayinevi.com.tr\/index.php\/wp-json\/wp\/v2\/media?parent=689935"}],"wp:term":[{"taxonomy":"product_brand","embeddable":true,"href":"https:\/\/roveyayinevi.com.tr\/index.php\/wp-json\/wp\/v2\/product_brand?post=689935"},{"taxonomy":"product_cat","embeddable":true,"href":"https:\/\/roveyayinevi.com.tr\/index.php\/wp-json\/wp\/v2\/product_cat?post=689935"},{"taxonomy":"product_tag","embeddable":true,"href":"https:\/\/roveyayinevi.com.tr\/index.php\/wp-json\/wp\/v2\/product_tag?post=689935"}],"curies":[{"name":"wp","href":"https:\/\/api.w.org\/{rel}","templated":true}]}}