{"id":689930,"date":"2025-08-27T13:48:55","date_gmt":"2025-08-27T10:48:55","guid":{"rendered":"https:\/\/roveyayinevi.com.tr\/index.php\/urun\/murasaki-shikibunun-gunlugu\/"},"modified":"2026-04-16T01:59:42","modified_gmt":"2026-04-15T22:59:42","slug":"murasaki-shikibunun-gunlugu","status":"publish","type":"product","link":"https:\/\/roveyayinevi.com.tr\/index.php\/urun\/murasaki-shikibunun-gunlugu\/","title":{"rendered":"Murasaki Shikibu&#8217;nun G\u00fcnl\u00fc\u011f\u00fc"},"content":{"rendered":"<p>Murasaki Shikibu (970?-1014?) : Do\u011fum ve \u00f6l\u00fcm tarihleri gibi ger\u00e7ek ad\u0131 da bilinmemektedir. Murasaki, b\u00fcy\u00fck \u00fcn kazand\u0131\u011f\u0131 roman\u0131 Genji Monogatari&#8217;deki kad\u0131n kahramanlardan birinin ad\u0131d\u0131r, Shikibu ise babas\u0131n\u0131n unvan\u0131d\u0131r. Japone edebiyat\u0131n\u0131n en \u00fcnl\u00fc klasikl roman\u0131 say\u0131lan Genji Monogatari&#8217;den ba\u015fka, Mrusaki Shikibu&#8217;nun G\u00fcnl\u00fcg\u00fc&#8217;nde canl\u0131 bir \u015fekilde anlat\u0131lan d\u00f6nemin saray ya\u015fam\u0131 ve t\u00f6renlerin yan\u0131 s\u0131ra hakk\u0131nda \u00e7ok az bilgiye ula\u015f\u0131lan bu \u00fcnl\u00fc yazar\u0131n ya\u015fam\u0131na dair \u00f6nemli ipu\u00e7lar\u0131 da yer al\u0131r. \ufffcTan\u0131t\u0131m Metni<\/p>\n","protected":false},"excerpt":{"rendered":"<p>Murasaki Shikibu (970?-1014?) : Do\u011fum ve \u00f6l\u00fcm tarihleri gibi ger\u00e7ek ad\u0131 da bilinmemektedir. Murasaki, b\u00fcy\u00fck \u00fcn kazand\u0131\u011f\u0131 roman\u0131 Genji Monogatari&#8217;deki kad\u0131n kahramanlardan birinin ad\u0131d\u0131r, Shikibu ise<span class=\"excerpt-hellip\"> [\u2026]<\/span><\/p>\n","protected":false},"featured_media":0,"template":"","meta":{"_monsterinsights_skip_tracking":false,"_monsterinsights_sitenote_active":false,"_monsterinsights_sitenote_note":"","_monsterinsights_sitenote_category":0},"product_brand":[],"product_cat":[13661,12291],"product_tag":[],"class_list":{"0":"post-689930","1":"product","2":"type-product","3":"status-publish","5":"product_cat-diger-ulke-edebiyatlari","6":"product_cat-edebiyat","7":"pa_cilt-ciltsiz","8":"pa_tur-kitap","9":"pa_yayinevi-is-bankasi-kultur-yayinlari","10":"pa_yazar-murasaki-shikibu","12":"first","13":"instock","14":"sale","15":"shipping-taxable","16":"purchasable","17":"product-type-simple"},"_links":{"self":[{"href":"https:\/\/roveyayinevi.com.tr\/index.php\/wp-json\/wp\/v2\/product\/689930","targetHints":{"allow":["GET"]}}],"collection":[{"href":"https:\/\/roveyayinevi.com.tr\/index.php\/wp-json\/wp\/v2\/product"}],"about":[{"href":"https:\/\/roveyayinevi.com.tr\/index.php\/wp-json\/wp\/v2\/types\/product"}],"wp:attachment":[{"href":"https:\/\/roveyayinevi.com.tr\/index.php\/wp-json\/wp\/v2\/media?parent=689930"}],"wp:term":[{"taxonomy":"product_brand","embeddable":true,"href":"https:\/\/roveyayinevi.com.tr\/index.php\/wp-json\/wp\/v2\/product_brand?post=689930"},{"taxonomy":"product_cat","embeddable":true,"href":"https:\/\/roveyayinevi.com.tr\/index.php\/wp-json\/wp\/v2\/product_cat?post=689930"},{"taxonomy":"product_tag","embeddable":true,"href":"https:\/\/roveyayinevi.com.tr\/index.php\/wp-json\/wp\/v2\/product_tag?post=689930"}],"curies":[{"name":"wp","href":"https:\/\/api.w.org\/{rel}","templated":true}]}}