{"id":689929,"date":"2025-08-27T13:48:55","date_gmt":"2025-08-27T10:48:55","guid":{"rendered":"https:\/\/roveyayinevi.com.tr\/index.php\/urun\/kutadgu-biligden-secmeler\/"},"modified":"2026-04-16T01:59:42","modified_gmt":"2026-04-15T22:59:42","slug":"kutadgu-biligden-secmeler","status":"publish","type":"product","link":"https:\/\/roveyayinevi.com.tr\/index.php\/urun\/kutadgu-biligden-secmeler\/","title":{"rendered":"Kutadgu Bilig\u2019den Se\u00e7meler"},"content":{"rendered":"<p>Kutadgu Bilig 11. y\u00fczy\u0131lda Yusuf Has Hacib taraf\u0131ndan kaleme al\u0131nm\u0131\u015f bir mesnevidir, bir siyasetname, bir nasihatname; kutlulu\u011fa ula\u015ft\u0131ran bir tiyatro \u00f6rne\u011fi, bir m\u00fcnazara hatta bir manzum roman. O, h\u00fck\u00fcmdardan vezire, zanaatk\u00e2rdan hizmet\u00e7iye okuyup anlayabilen herkesin bir \u015feyler bulabilece\u011fi bir felsefe kitab\u0131d\u0131r. O; adaletin, mutlulu\u011fun, akl\u0131n ve ak\u0131betin somutla\u015ft\u0131\u011f\u0131 \u00f6l\u00fcms\u00fcz bir eserdir. Eserin tamam\u0131nda insan\u0131 kutlu k\u0131lacak de\u011ferler, ak\u0131l, bilgi, adalet, do\u011fru kanun, d\u00fcr\u00fcstl\u00fck ve bunlara sahip olmas\u0131 gereken y\u00f6neticilerin vas\u0131flar\u0131 \u00fczerinde durulur. Bunlarla Kutadgu Bilig yani kutlu edecek bilgiler anlat\u0131l\u0131r. Kut, kutsal bir g\u00fc\u00e7 olup insana Tanr\u0131 taraf\u0131ndan verilir, bu vasf\u0131yla devlet otoritesi anlam\u0131na gelir. T\u00fcrk t\u00f6resinde y\u00f6neticinin yani beyin kut sahibi olmas\u0131 gerekir. Balasagunlu Yusuf\u2019un \u00e7a\u011flar \u00f6ncesinden yank\u0131lanan sesine kulak vermenin vaktidir: Hayat tamam\u0131 tamam\u0131na \u00fc\u00e7 g\u00fcnd\u00fcr; bundan \u00f6tesi birka\u00e7 r\u00fcya ve gecedir. Bu \u00fc\u00e7 g\u00fcnden biri yar\u0131nd\u0131r, biri d\u00fcnd\u00fc ge\u00e7ti; bug\u00fcnk\u00fc hayat acaba yar\u0131na ula\u015f\u0131r m\u0131? <\/p>\n","protected":false},"excerpt":{"rendered":"<p>Kutadgu Bilig 11. y\u00fczy\u0131lda Yusuf Has Hacib taraf\u0131ndan kaleme al\u0131nm\u0131\u015f bir mesnevidir, bir siyasetname, bir nasihatname; kutlulu\u011fa ula\u015ft\u0131ran bir tiyatro \u00f6rne\u011fi, bir m\u00fcnazara hatta bir manzum<span class=\"excerpt-hellip\"> [\u2026]<\/span><\/p>\n","protected":false},"featured_media":0,"template":"","meta":{"_monsterinsights_skip_tracking":false,"_monsterinsights_sitenote_active":false,"_monsterinsights_sitenote_note":"","_monsterinsights_sitenote_category":0},"product_brand":[],"product_cat":[12718,12719,15238],"product_tag":[],"class_list":{"0":"post-689929","1":"product","2":"type-product","3":"status-publish","5":"product_cat-din","6":"product_cat-islam","7":"product_cat-tasavvuf","8":"pa_cilt-ciltsiz","9":"pa_tur-kitap","10":"pa_yayinevi-inkilap-kitabevi","11":"pa_yazar-yusuf-has-hacib","13":"first","14":"instock","15":"sale","16":"shipping-taxable","17":"purchasable","18":"product-type-simple"},"_links":{"self":[{"href":"https:\/\/roveyayinevi.com.tr\/index.php\/wp-json\/wp\/v2\/product\/689929","targetHints":{"allow":["GET"]}}],"collection":[{"href":"https:\/\/roveyayinevi.com.tr\/index.php\/wp-json\/wp\/v2\/product"}],"about":[{"href":"https:\/\/roveyayinevi.com.tr\/index.php\/wp-json\/wp\/v2\/types\/product"}],"wp:attachment":[{"href":"https:\/\/roveyayinevi.com.tr\/index.php\/wp-json\/wp\/v2\/media?parent=689929"}],"wp:term":[{"taxonomy":"product_brand","embeddable":true,"href":"https:\/\/roveyayinevi.com.tr\/index.php\/wp-json\/wp\/v2\/product_brand?post=689929"},{"taxonomy":"product_cat","embeddable":true,"href":"https:\/\/roveyayinevi.com.tr\/index.php\/wp-json\/wp\/v2\/product_cat?post=689929"},{"taxonomy":"product_tag","embeddable":true,"href":"https:\/\/roveyayinevi.com.tr\/index.php\/wp-json\/wp\/v2\/product_tag?post=689929"}],"curies":[{"name":"wp","href":"https:\/\/api.w.org\/{rel}","templated":true}]}}