{"id":689928,"date":"2025-08-27T13:48:55","date_gmt":"2025-08-27T10:48:55","guid":{"rendered":"https:\/\/roveyayinevi.com.tr\/index.php\/urun\/soneler\/"},"modified":"2026-04-16T01:59:42","modified_gmt":"2026-04-15T22:59:42","slug":"soneler","status":"publish","type":"product","link":"https:\/\/roveyayinevi.com.tr\/index.php\/urun\/soneler\/","title":{"rendered":"Soneler"},"content":{"rendered":"<p>William Shakespeare(1564-1616): Oyunlar\u0131nda insanl\u0131k durumlar\u0131n\u0131 ifade edili\u015f g\u00fcc\u00fcyle yakla\u015f\u0131k 400 y\u0131ld\u0131r d\u00fcnya okur ve seyircilerini etkilemeyi s\u00fcrd\u00fcren efsanevi yazar,sonelerinde de insan ruhunun bir \u00e7ok boyutunu yans\u0131tm\u0131\u015ft\u0131r. \u0130lk kez 1609 y\u0131l\u0131nda topluca bas\u0131lan 154 sone, denebilir ki, \u0130ngilizcenin en \u00fcnl\u00fc \u015fiir dizisidir. D\u00fcnya edebiyat\u0131n\u0131n en g\u00fczel \u00f6rnekleri aras\u0131nda yer alan bu \u015fiirlerde, sevgi, ku\u015fku, \u00f6zlem, ihanet, k\u0131skan\u00e7l\u0131k, umut, hayal k\u0131r\u0131kl\u0131\u011f\u0131, karamsarl\u0131k, su\u00e7 ve g\u00fcnah, sevgili \u00f6n\u00fcnde benli\u011fin de\u011fersizli\u011fi, sevgi u\u011frunda her ac\u0131ya katlanma, \u00f6l\u00fcm kar\u015f\u0131s\u0131nda korku duygulu ve lirik bir sesle dile getirilmi\u015ftir. \ufffcTan\u0131t\u0131m Metni<\/p>\n","protected":false},"excerpt":{"rendered":"<p>William Shakespeare(1564-1616): Oyunlar\u0131nda insanl\u0131k durumlar\u0131n\u0131 ifade edili\u015f g\u00fcc\u00fcyle yakla\u015f\u0131k 400 y\u0131ld\u0131r d\u00fcnya okur ve seyircilerini etkilemeyi s\u00fcrd\u00fcren efsanevi yazar,sonelerinde de insan ruhunun bir \u00e7ok boyutunu yans\u0131tm\u0131\u015ft\u0131r.<span class=\"excerpt-hellip\"> [\u2026]<\/span><\/p>\n","protected":false},"featured_media":0,"template":"","meta":{"_monsterinsights_skip_tracking":false,"_monsterinsights_sitenote_active":false,"_monsterinsights_sitenote_note":"","_monsterinsights_sitenote_category":0},"product_brand":[],"product_cat":[12291,12866],"product_tag":[],"class_list":{"0":"post-689928","1":"product","2":"type-product","3":"status-publish","5":"product_cat-edebiyat","6":"product_cat-ingiliz-edebiyati","7":"pa_cilt-ciltsiz","8":"pa_tur-kitap","9":"pa_yayinevi-is-bankasi-kultur-yayinlari","10":"pa_yazar-william-shakespeare","12":"first","13":"instock","14":"sale","15":"shipping-taxable","16":"purchasable","17":"product-type-simple"},"_links":{"self":[{"href":"https:\/\/roveyayinevi.com.tr\/index.php\/wp-json\/wp\/v2\/product\/689928","targetHints":{"allow":["GET"]}}],"collection":[{"href":"https:\/\/roveyayinevi.com.tr\/index.php\/wp-json\/wp\/v2\/product"}],"about":[{"href":"https:\/\/roveyayinevi.com.tr\/index.php\/wp-json\/wp\/v2\/types\/product"}],"wp:attachment":[{"href":"https:\/\/roveyayinevi.com.tr\/index.php\/wp-json\/wp\/v2\/media?parent=689928"}],"wp:term":[{"taxonomy":"product_brand","embeddable":true,"href":"https:\/\/roveyayinevi.com.tr\/index.php\/wp-json\/wp\/v2\/product_brand?post=689928"},{"taxonomy":"product_cat","embeddable":true,"href":"https:\/\/roveyayinevi.com.tr\/index.php\/wp-json\/wp\/v2\/product_cat?post=689928"},{"taxonomy":"product_tag","embeddable":true,"href":"https:\/\/roveyayinevi.com.tr\/index.php\/wp-json\/wp\/v2\/product_tag?post=689928"}],"curies":[{"name":"wp","href":"https:\/\/api.w.org\/{rel}","templated":true}]}}