{"id":689925,"date":"2025-08-27T13:48:54","date_gmt":"2025-08-27T10:48:54","guid":{"rendered":"https:\/\/roveyayinevi.com.tr\/index.php\/urun\/kucuk-italyanca-turkce-turkce-italyanca-sozluk-piccolo-dizionario-italiano-turco-turco-italiano\/"},"modified":"2026-04-16T01:59:42","modified_gmt":"2026-04-15T22:59:42","slug":"kucuk-italyanca-turkce-turkce-italyanca-sozluk-piccolo-dizionario-italiano-turco-turco-italiano","status":"publish","type":"product","link":"https:\/\/roveyayinevi.com.tr\/index.php\/urun\/kucuk-italyanca-turkce-turkce-italyanca-sozluk-piccolo-dizionario-italiano-turco-turco-italiano\/","title":{"rendered":"K\u00fc\u00e7\u00fck \u0130talyanca &#8211; T\u00fcrk\u00e7e \/  T\u00fcrk\u00e7e &#8211; \u0130talyanca S\u00f6zl\u00fck, Piccolo Dizionario Italiano &#8211; Turco Turco &#8211; Italiano"},"content":{"rendered":"<p>K\u00fc\u00e7\u00fck ,  orta ,  b\u00fcy\u00fck  boy s\u00f6zl\u00fcklerden olu\u015fan dizinin, \u015fimdilik en k\u00fc\u00e7\u00fc\u011f\u00fc,  \u0130talyanca-T\u00fcrk\u00e7e, T\u00fcrk\u00e7e-\u0130talyanca ,  geni\u015fletilmi\u015f  olarak kar\u015f\u0131n\u0131za \u00e7\u0131k\u0131yor.  \u0130talyanca-T\u00fcrk\u00e7e  b\u00f6l\u00fcm, yakla\u015f\u0131k, onsekiz-ondokuz bin, italyanca s\u00f6zc\u00fc\u011f\u00fcn, onlarla ilgili kimi deyim vs.nin, p\u0131r\u0131l p\u0131r\u0131l, t\u00fcrk\u00e7e kar\u015f\u0131l\u0131klar\u0131n\u0131,  T\u00fcrk\u00e7e-\u0130talyanca  b\u00f6l\u00fcm ise, yakla\u015f\u0131k, onalt\u0131-onyedibin, t\u00fcrk\u00e7e s\u00f6zc\u00fc\u011f\u00fcn, onlarla ilgili kimi deyim vs.nin, italyanca kar\u015f\u0131l\u0131klar\u0131n\u0131 kaps\u0131yor. Bu s\u00f6zl\u00fcklerde bulup kullanabildikleriniz, 2009 y\u0131l\u0131 eyl\u00fcl ay\u0131 ba\u015f\u0131nda ilk bask\u0131s\u0131 yap\u0131lan, 1300 sayfal\u0131k,  \u0130talyanca-T\u00fcrk\u00e7e, T\u00fcrk\u00e7e-\u0130talyanca   orta  boy  \u00f6\u011fretici s\u00f6zl\u00fck te, 2005 y\u0131l\u0131 ba\u015f\u0131nda, ola\u011fan s\u0131rada, yeniden d\u00fczenlenmi\u015f, ikinci bask\u0131s\u0131 yap\u0131lan, yakla\u015f\u0131k 1400 sayfal\u0131k  \u0130talyanca-T\u00fcrk\u00e7e   B\u00fcy\u00fck \u00d6\u011fretici S\u00f6zl\u00fck  ile, 2006 y\u0131l\u0131 ba\u015f\u0131nda ilk bask\u0131s\u0131 yap\u0131lan, gene yakla\u015f\u0131k 1400 sayfal\u0131k  T\u00fcrk\u00e7e-\u0130talyanca   B\u00fcy\u00fck \u00d6\u011fretici S\u00f6zl\u00fck te bulabileceklerinize \u00f6rnek say\u0131labilir. <\/p>\n","protected":false},"excerpt":{"rendered":"<p>K\u00fc\u00e7\u00fck , orta , b\u00fcy\u00fck boy s\u00f6zl\u00fcklerden olu\u015fan dizinin, \u015fimdilik en k\u00fc\u00e7\u00fc\u011f\u00fc, \u0130talyanca-T\u00fcrk\u00e7e, T\u00fcrk\u00e7e-\u0130talyanca , geni\u015fletilmi\u015f olarak kar\u015f\u0131n\u0131za \u00e7\u0131k\u0131yor. \u0130talyanca-T\u00fcrk\u00e7e b\u00f6l\u00fcm, yakla\u015f\u0131k, onsekiz-ondokuz bin, italyanca s\u00f6zc\u00fc\u011f\u00fcn,<span class=\"excerpt-hellip\"> [\u2026]<\/span><\/p>\n","protected":false},"featured_media":0,"template":"","meta":{"_monsterinsights_skip_tracking":false,"_monsterinsights_sitenote_active":false,"_monsterinsights_sitenote_note":"","_monsterinsights_sitenote_category":0},"product_brand":[],"product_cat":[12566,13612,13611],"product_tag":[],"class_list":{"0":"post-689925","1":"product","2":"type-product","3":"status-publish","5":"product_cat-egitim","6":"product_cat-italyanca-sozlukler","7":"product_cat-sozlukler-ve-konusma-kilavuzlari","8":"pa_cilt-ciltsiz","9":"pa_tur-kitap","10":"pa_yayinevi-inkilap-kitabevi","11":"pa_yazar-asim-tanis","13":"first","14":"instock","15":"sale","16":"shipping-taxable","17":"purchasable","18":"product-type-simple"},"_links":{"self":[{"href":"https:\/\/roveyayinevi.com.tr\/index.php\/wp-json\/wp\/v2\/product\/689925","targetHints":{"allow":["GET"]}}],"collection":[{"href":"https:\/\/roveyayinevi.com.tr\/index.php\/wp-json\/wp\/v2\/product"}],"about":[{"href":"https:\/\/roveyayinevi.com.tr\/index.php\/wp-json\/wp\/v2\/types\/product"}],"wp:attachment":[{"href":"https:\/\/roveyayinevi.com.tr\/index.php\/wp-json\/wp\/v2\/media?parent=689925"}],"wp:term":[{"taxonomy":"product_brand","embeddable":true,"href":"https:\/\/roveyayinevi.com.tr\/index.php\/wp-json\/wp\/v2\/product_brand?post=689925"},{"taxonomy":"product_cat","embeddable":true,"href":"https:\/\/roveyayinevi.com.tr\/index.php\/wp-json\/wp\/v2\/product_cat?post=689925"},{"taxonomy":"product_tag","embeddable":true,"href":"https:\/\/roveyayinevi.com.tr\/index.php\/wp-json\/wp\/v2\/product_tag?post=689925"}],"curies":[{"name":"wp","href":"https:\/\/api.w.org\/{rel}","templated":true}]}}