{"id":689924,"date":"2025-08-27T13:48:54","date_gmt":"2025-08-27T10:48:54","guid":{"rendered":"https:\/\/roveyayinevi.com.tr\/index.php\/urun\/portekizce-cep-sozluk\/"},"modified":"2026-04-16T01:59:42","modified_gmt":"2026-04-15T22:59:42","slug":"portekizce-cep-sozluk","status":"publish","type":"product","link":"https:\/\/roveyayinevi.com.tr\/index.php\/urun\/portekizce-cep-sozluk\/","title":{"rendered":"Portekizce Cep S\u00f6zl\u00fck"},"content":{"rendered":"<p>20.000 madde ba\u015f\u0131; Fonetik yaz\u0131l\u0131\u015flar; Tel\u00e2ffuz ve dilbilgisi a\u00e7\u0131klamalar\u0131; Deyimler ve ibareler; Kullan\u0131m \u00f6rnekleri; Say\u0131lar, g\u00fcnler, aylar. 30.000 entradas, Trans\u00e7ricao fonetica, Informa\u00e7oes gramaticais, Locu\u00e7oes e frases feitas, Exemplos de uso, Numerias, dias, meses. <\/p>\n","protected":false},"excerpt":{"rendered":"<p>20.000 madde ba\u015f\u0131; Fonetik yaz\u0131l\u0131\u015flar; Tel\u00e2ffuz ve dilbilgisi a\u00e7\u0131klamalar\u0131; Deyimler ve ibareler; Kullan\u0131m \u00f6rnekleri; Say\u0131lar, g\u00fcnler, aylar. 30.000 entradas, Trans\u00e7ricao fonetica, Informa\u00e7oes gramaticais, Locu\u00e7oes e frases<span class=\"excerpt-hellip\"> [\u2026]<\/span><\/p>\n","protected":false},"featured_media":0,"template":"","meta":{"_monsterinsights_skip_tracking":false,"_monsterinsights_sitenote_active":false,"_monsterinsights_sitenote_note":"","_monsterinsights_sitenote_category":0},"product_brand":[],"product_cat":[14597,12566,15656],"product_tag":[],"class_list":{"0":"post-689924","1":"product","2":"type-product","3":"status-publish","5":"product_cat-dil-ogrenimi","6":"product_cat-egitim","7":"product_cat-portekizce","8":"pa_cilt-ciltsiz","9":"pa_tur-kitap","10":"pa_yayinevi-inkilap-kitabevi","11":"pa_yazar-inci-kut","13":"first","14":"instock","15":"sale","16":"shipping-taxable","17":"purchasable","18":"product-type-simple"},"_links":{"self":[{"href":"https:\/\/roveyayinevi.com.tr\/index.php\/wp-json\/wp\/v2\/product\/689924","targetHints":{"allow":["GET"]}}],"collection":[{"href":"https:\/\/roveyayinevi.com.tr\/index.php\/wp-json\/wp\/v2\/product"}],"about":[{"href":"https:\/\/roveyayinevi.com.tr\/index.php\/wp-json\/wp\/v2\/types\/product"}],"wp:attachment":[{"href":"https:\/\/roveyayinevi.com.tr\/index.php\/wp-json\/wp\/v2\/media?parent=689924"}],"wp:term":[{"taxonomy":"product_brand","embeddable":true,"href":"https:\/\/roveyayinevi.com.tr\/index.php\/wp-json\/wp\/v2\/product_brand?post=689924"},{"taxonomy":"product_cat","embeddable":true,"href":"https:\/\/roveyayinevi.com.tr\/index.php\/wp-json\/wp\/v2\/product_cat?post=689924"},{"taxonomy":"product_tag","embeddable":true,"href":"https:\/\/roveyayinevi.com.tr\/index.php\/wp-json\/wp\/v2\/product_tag?post=689924"}],"curies":[{"name":"wp","href":"https:\/\/api.w.org\/{rel}","templated":true}]}}