{"id":689922,"date":"2025-08-27T13:48:54","date_gmt":"2025-08-27T10:48:54","guid":{"rendered":"https:\/\/roveyayinevi.com.tr\/index.php\/urun\/gizemli-anne\/"},"modified":"2026-04-16T01:59:42","modified_gmt":"2026-04-15T22:59:42","slug":"gizemli-anne","status":"publish","type":"product","link":"https:\/\/roveyayinevi.com.tr\/index.php\/urun\/gizemli-anne\/","title":{"rendered":"Gizemli Anne"},"content":{"rendered":"<p>Ya\u015famad\u0131\u011f\u0131n\u0131z bir duyguyu betimleyebilir misiniz? Kimsesiz \u00e7ocuklar yuvas\u0131 \u00f6\u011frencisi Deniz, i\u00e7inde ya\u015fad\u0131\u011f\u0131 ortam\u0131n s\u0131n\u0131rlar\u0131n\u0131 ve kendini a\u015farak i\u015fte bunu ba\u015farmaya \u00e7al\u0131\u015f\u0131yor. Ola\u011fan\u00fcst\u00fc hayal g\u00fcc\u00fcyle ya\u015fam\u0131ndaki gizin pe\u015fine d\u00fc\u015f\u00fcyor. Sevgiye giden bu d\u00fc\u015flemsel yolculukta y\u00fcre\u011finiz Deniz\u2019le birlikte \u00e7arpacak, onun gizemli ser\u00fcvenine co\u015fkuyla kat\u0131lacaks\u0131n\u0131z. Erol B\u00fcy\u00fckmeri\u00e7, toplumsal bir olguyu duyarl\u0131l\u0131k ve incelikle ele alarak bamba\u015fka bir evrenin kap\u0131s\u0131n\u0131 aral\u0131yor&#8230; <\/p>\n","protected":false},"excerpt":{"rendered":"<p>Ya\u015famad\u0131\u011f\u0131n\u0131z bir duyguyu betimleyebilir misiniz? Kimsesiz \u00e7ocuklar yuvas\u0131 \u00f6\u011frencisi Deniz, i\u00e7inde ya\u015fad\u0131\u011f\u0131 ortam\u0131n s\u0131n\u0131rlar\u0131n\u0131 ve kendini a\u015farak i\u015fte bunu ba\u015farmaya \u00e7al\u0131\u015f\u0131yor. Ola\u011fan\u00fcst\u00fc hayal g\u00fcc\u00fcyle ya\u015fam\u0131ndaki gizin<span class=\"excerpt-hellip\"> [\u2026]<\/span><\/p>\n","protected":false},"featured_media":0,"template":"","meta":{"_monsterinsights_skip_tracking":false,"_monsterinsights_sitenote_active":false,"_monsterinsights_sitenote_note":"","_monsterinsights_sitenote_category":0},"product_brand":[],"product_cat":[12274,12284],"product_tag":[],"class_list":{"0":"post-689922","1":"product","2":"type-product","3":"status-publish","5":"product_cat-cocuk-ve-genclik-kitaplari","6":"product_cat-hikayeler","7":"pa_tur-kitap","8":"pa_yayinevi-kaynak-cocuk-yayinlari","9":"pa_yazar-erol-buyukmeric","11":"first","12":"instock","13":"sale","14":"shipping-taxable","15":"purchasable","16":"product-type-simple"},"_links":{"self":[{"href":"https:\/\/roveyayinevi.com.tr\/index.php\/wp-json\/wp\/v2\/product\/689922","targetHints":{"allow":["GET"]}}],"collection":[{"href":"https:\/\/roveyayinevi.com.tr\/index.php\/wp-json\/wp\/v2\/product"}],"about":[{"href":"https:\/\/roveyayinevi.com.tr\/index.php\/wp-json\/wp\/v2\/types\/product"}],"wp:attachment":[{"href":"https:\/\/roveyayinevi.com.tr\/index.php\/wp-json\/wp\/v2\/media?parent=689922"}],"wp:term":[{"taxonomy":"product_brand","embeddable":true,"href":"https:\/\/roveyayinevi.com.tr\/index.php\/wp-json\/wp\/v2\/product_brand?post=689922"},{"taxonomy":"product_cat","embeddable":true,"href":"https:\/\/roveyayinevi.com.tr\/index.php\/wp-json\/wp\/v2\/product_cat?post=689922"},{"taxonomy":"product_tag","embeddable":true,"href":"https:\/\/roveyayinevi.com.tr\/index.php\/wp-json\/wp\/v2\/product_tag?post=689922"}],"curies":[{"name":"wp","href":"https:\/\/api.w.org\/{rel}","templated":true}]}}