{"id":689920,"date":"2025-08-27T13:48:53","date_gmt":"2025-08-27T10:48:53","guid":{"rendered":"https:\/\/roveyayinevi.com.tr\/index.php\/urun\/emece-memece-cizgili-bilmece\/"},"modified":"2026-04-16T01:59:42","modified_gmt":"2026-04-15T22:59:42","slug":"emece-memece-cizgili-bilmece","status":"publish","type":"product","link":"https:\/\/roveyayinevi.com.tr\/index.php\/urun\/emece-memece-cizgili-bilmece\/","title":{"rendered":"Emece Memece \u00c7izgili Bilmece"},"content":{"rendered":"<p>Birbirinden g\u00fczel ve ba\u015fka hi\u00e7bir yerde duymad\u0131\u011f\u0131n\u0131z bilmeceleri bu kitapta bulacaks\u0131n\u0131z! <\/p>\n","protected":false},"excerpt":{"rendered":"<p>Birbirinden g\u00fczel ve ba\u015fka hi\u00e7bir yerde duymad\u0131\u011f\u0131n\u0131z bilmeceleri bu kitapta bulacaks\u0131n\u0131z!<\/p>\n","protected":false},"featured_media":0,"template":"","meta":{"_monsterinsights_skip_tracking":false,"_monsterinsights_sitenote_active":false,"_monsterinsights_sitenote_note":"","_monsterinsights_sitenote_category":0},"product_brand":[],"product_cat":[12492,12274],"product_tag":[],"class_list":{"0":"post-689920","1":"product","2":"type-product","3":"status-publish","5":"product_cat-bilmece-bulmaca","6":"product_cat-cocuk-ve-genclik-kitaplari","7":"pa_tur-kitap","8":"pa_yayinevi-kaynak-cocuk-yayinlari","9":"pa_yazar-erol-buyukmeric","11":"first","12":"instock","13":"sale","14":"shipping-taxable","15":"purchasable","16":"product-type-simple"},"_links":{"self":[{"href":"https:\/\/roveyayinevi.com.tr\/index.php\/wp-json\/wp\/v2\/product\/689920","targetHints":{"allow":["GET"]}}],"collection":[{"href":"https:\/\/roveyayinevi.com.tr\/index.php\/wp-json\/wp\/v2\/product"}],"about":[{"href":"https:\/\/roveyayinevi.com.tr\/index.php\/wp-json\/wp\/v2\/types\/product"}],"wp:attachment":[{"href":"https:\/\/roveyayinevi.com.tr\/index.php\/wp-json\/wp\/v2\/media?parent=689920"}],"wp:term":[{"taxonomy":"product_brand","embeddable":true,"href":"https:\/\/roveyayinevi.com.tr\/index.php\/wp-json\/wp\/v2\/product_brand?post=689920"},{"taxonomy":"product_cat","embeddable":true,"href":"https:\/\/roveyayinevi.com.tr\/index.php\/wp-json\/wp\/v2\/product_cat?post=689920"},{"taxonomy":"product_tag","embeddable":true,"href":"https:\/\/roveyayinevi.com.tr\/index.php\/wp-json\/wp\/v2\/product_tag?post=689920"}],"curies":[{"name":"wp","href":"https:\/\/api.w.org\/{rel}","templated":true}]}}