{"id":689918,"date":"2025-08-27T13:48:53","date_gmt":"2025-08-27T10:48:53","guid":{"rendered":"https:\/\/roveyayinevi.com.tr\/index.php\/urun\/hobbit-resimsiz\/"},"modified":"2026-04-16T01:59:42","modified_gmt":"2026-04-15T22:59:42","slug":"hobbit-resimsiz","status":"publish","type":"product","link":"https:\/\/roveyayinevi.com.tr\/index.php\/urun\/hobbit-resimsiz\/","title":{"rendered":"Hobbit (Resimsiz)"},"content":{"rendered":"<p>\u0130ngiliz Dilbilim Profes\u00f6r\u00fc ve roman yazar\u0131 J.R.R. Tolkien\u2019\u0131n ola\u011fan\u00fcst\u00fc bir titizlikle kurgulad\u0131\u011f\u0131 Orta-D\u00fcnya adl\u0131 fantastik\/mitolojik bir evrende ge\u00e7en Hobbit, yazar\u0131n bu evrende ge\u00e7en masallar\u0131 \u00e7ocuklar\u0131na anlatmaya ba\u015flamas\u0131yla bir kitap haline gelmi\u015ftir.Hobbit adl\u0131 eserin \u00fczerine kuruldu\u011fu Orta-D\u00fcnya b\u00fcy\u00fcl\u00fc, \u00e7e\u015fitli \u0131rklara ve dillere sahip epik bir d\u00fcnyad\u0131r. Bu d\u00fcnyada \u0130nsanlar, C\u00fcceler, Elfler, B\u00fcy\u00fcc\u00fcler, Ejderhalar, Goblinler ve Orklar ya\u015famaktad\u0131r. C\u00fcceler, da\u011flar\u0131n kalbinde ya\u015fayan kudretli, madenci bir halkt\u0131r. Korkun\u00e7 ve alt\u0131na susam\u0131\u015f \u015feytan\u00ee ejderha Smaug, Erebor adl\u0131 C\u00fcce Kenti\u2019ne sald\u0131r\u0131r ve burada ya\u015fayan C\u00fcce halk\u0131n ba\u015f\u0131na korkun\u00e7 felaketler getirir. Anavatanlar\u0131ndan ka\u00e7\u0131p s\u00fcrg\u00fcn hayat\u0131 ya\u015famak zorunda kalan Erebor Taht\u0131\u2019n\u0131n Varisi Thorin Me\u015fekalkan ve kuzenleri, Gandalf ad\u0131nda bir b\u00fcy\u00fcc\u00fcn\u00fcn yard\u0131m\u0131yla anavatanlar\u0131n\u0131 ejderha Smaug\u2019dan kurtarmak i\u00e7in ola\u011fan\u00fcst\u00fc bir plan yaparlar. Bu planda oynayaca\u011f\u0131 rol son derece \u00f6nemli bir hal alacak Hobbit Bilbo Baggins\u2019in kap\u0131s\u0131n\u0131 \u00e7alarlar ve Bilbo, hi\u00e7 beklemedi\u011fi bir anda, destans\u0131 bir maceraya dahil olmak zorunda kal\u0131r.Peter Jackson taraf\u0131ndan \u00fc\u00e7leme olarak sinemaya uyarlanan eser, yay\u0131mland\u0131\u011f\u0131 tarihte b\u00fcy\u00fck bir ilgi g\u00f6rm\u00fc\u015ft\u00fcr ve olumlu yorumlar alarak \u00e7ok k\u0131sa zamanda k\u00fclt eser mertebesine eri\u015fmi\u015ftir.Hobbit, edebiyat \u00e7evrelerince b\u00fcy\u00fck sayg\u0131 g\u00f6ren Y\u00fcz\u00fcklerin Efendisi \u00fc\u00e7lemesinin ba\u015flang\u0131c\u0131n\u0131 anlatmas\u0131yla da \u00f6nemli bir yere sahiptir. <\/p>\n","protected":false},"excerpt":{"rendered":"<p>\u0130ngiliz Dilbilim Profes\u00f6r\u00fc ve roman yazar\u0131 J.R.R. Tolkien\u2019\u0131n ola\u011fan\u00fcst\u00fc bir titizlikle kurgulad\u0131\u011f\u0131 Orta-D\u00fcnya adl\u0131 fantastik\/mitolojik bir evrende ge\u00e7en Hobbit, yazar\u0131n bu evrende ge\u00e7en masallar\u0131 \u00e7ocuklar\u0131na anlatmaya<span class=\"excerpt-hellip\"> [\u2026]<\/span><\/p>\n","protected":false},"featured_media":0,"template":"","meta":{"_monsterinsights_skip_tracking":false,"_monsterinsights_sitenote_active":false,"_monsterinsights_sitenote_note":"","_monsterinsights_sitenote_category":0},"product_brand":[],"product_cat":[12291,14777],"product_tag":[],"class_list":{"0":"post-689918","1":"product","2":"type-product","3":"status-publish","5":"product_cat-edebiyat","6":"product_cat-fantastik","7":"pa_cilt-ciltsiz","8":"pa_tur-kitap","9":"pa_yayinevi-ithaki-yayinlari","10":"pa_yazar-j-r-r-tolkien","12":"first","13":"instock","14":"sale","15":"shipping-taxable","16":"purchasable","17":"product-type-simple"},"_links":{"self":[{"href":"https:\/\/roveyayinevi.com.tr\/index.php\/wp-json\/wp\/v2\/product\/689918","targetHints":{"allow":["GET"]}}],"collection":[{"href":"https:\/\/roveyayinevi.com.tr\/index.php\/wp-json\/wp\/v2\/product"}],"about":[{"href":"https:\/\/roveyayinevi.com.tr\/index.php\/wp-json\/wp\/v2\/types\/product"}],"wp:attachment":[{"href":"https:\/\/roveyayinevi.com.tr\/index.php\/wp-json\/wp\/v2\/media?parent=689918"}],"wp:term":[{"taxonomy":"product_brand","embeddable":true,"href":"https:\/\/roveyayinevi.com.tr\/index.php\/wp-json\/wp\/v2\/product_brand?post=689918"},{"taxonomy":"product_cat","embeddable":true,"href":"https:\/\/roveyayinevi.com.tr\/index.php\/wp-json\/wp\/v2\/product_cat?post=689918"},{"taxonomy":"product_tag","embeddable":true,"href":"https:\/\/roveyayinevi.com.tr\/index.php\/wp-json\/wp\/v2\/product_tag?post=689918"}],"curies":[{"name":"wp","href":"https:\/\/api.w.org\/{rel}","templated":true}]}}