{"id":689917,"date":"2025-08-27T13:48:53","date_gmt":"2025-08-27T10:48:53","guid":{"rendered":"https:\/\/roveyayinevi.com.tr\/index.php\/urun\/08-zaman-carki-serisi-ciltli-hancer-yolu\/"},"modified":"2026-04-16T01:59:42","modified_gmt":"2026-04-15T22:59:42","slug":"08-zaman-carki-serisi-ciltli-hancer-yolu","status":"publish","type":"product","link":"https:\/\/roveyayinevi.com.tr\/index.php\/urun\/08-zaman-carki-serisi-ciltli-hancer-yolu\/","title":{"rendered":"08 &#8211; Zaman \u00c7ark\u0131 Serisi (Ciltli): Han\u00e7er Yolu"},"content":{"rendered":"<p>Rand her \u015feyini kaybetmenin e\u015fi\u011finde; bir yandan da etrafinda d\u00f6nen entrikalarla ba\u015fa \u00e7\u0131kmaya \u00e7al\u0131\u015f\u0131yor ve Seanchan\u2019a meydan okuyor. Egwene, nihayet Tar Valon ve Elaida ile ka\u00e7\u0131n\u0131lmaz kar\u015f\u0131la\u015fmaya ad\u0131m ad\u0131m yakla\u015f\u0131rken ger\u00e7ek Amyrlin olarak yerini yava\u015f yava\u015f sa\u011flamla\u015ft\u0131r\u0131yor. Nynaeve, Elayne ve pe\u015flerindeki Seanchan ise Aslan Taht\u0131\u2019na do\u011fru yol almaktalar.. \ufffcTan\u0131t\u0131m Metni<\/p>\n","protected":false},"excerpt":{"rendered":"<p>Rand her \u015feyini kaybetmenin e\u015fi\u011finde; bir yandan da etrafinda d\u00f6nen entrikalarla ba\u015fa \u00e7\u0131kmaya \u00e7al\u0131\u015f\u0131yor ve Seanchan\u2019a meydan okuyor. Egwene, nihayet Tar Valon ve Elaida ile ka\u00e7\u0131n\u0131lmaz<span class=\"excerpt-hellip\"> [\u2026]<\/span><\/p>\n","protected":false},"featured_media":0,"template":"","meta":{"_monsterinsights_skip_tracking":false,"_monsterinsights_sitenote_active":false,"_monsterinsights_sitenote_note":"","_monsterinsights_sitenote_category":0},"product_brand":[],"product_cat":[12291,14777],"product_tag":[],"class_list":{"0":"post-689917","1":"product","2":"type-product","3":"status-publish","5":"product_cat-edebiyat","6":"product_cat-fantastik","7":"pa_cilt-ciltli","8":"pa_tur-kitap","9":"pa_yayinevi-ithaki-yayinlari","10":"pa_yazar-robert-jordan","12":"first","13":"instock","14":"sale","15":"shipping-taxable","16":"purchasable","17":"product-type-simple"},"_links":{"self":[{"href":"https:\/\/roveyayinevi.com.tr\/index.php\/wp-json\/wp\/v2\/product\/689917","targetHints":{"allow":["GET"]}}],"collection":[{"href":"https:\/\/roveyayinevi.com.tr\/index.php\/wp-json\/wp\/v2\/product"}],"about":[{"href":"https:\/\/roveyayinevi.com.tr\/index.php\/wp-json\/wp\/v2\/types\/product"}],"wp:attachment":[{"href":"https:\/\/roveyayinevi.com.tr\/index.php\/wp-json\/wp\/v2\/media?parent=689917"}],"wp:term":[{"taxonomy":"product_brand","embeddable":true,"href":"https:\/\/roveyayinevi.com.tr\/index.php\/wp-json\/wp\/v2\/product_brand?post=689917"},{"taxonomy":"product_cat","embeddable":true,"href":"https:\/\/roveyayinevi.com.tr\/index.php\/wp-json\/wp\/v2\/product_cat?post=689917"},{"taxonomy":"product_tag","embeddable":true,"href":"https:\/\/roveyayinevi.com.tr\/index.php\/wp-json\/wp\/v2\/product_tag?post=689917"}],"curies":[{"name":"wp","href":"https:\/\/api.w.org\/{rel}","templated":true}]}}