{"id":689916,"date":"2025-08-27T13:48:52","date_gmt":"2025-08-27T10:48:52","guid":{"rendered":"https:\/\/roveyayinevi.com.tr\/index.php\/urun\/yakaricilar\/"},"modified":"2026-04-16T01:59:42","modified_gmt":"2026-04-15T22:59:42","slug":"yakaricilar","status":"publish","type":"product","link":"https:\/\/roveyayinevi.com.tr\/index.php\/urun\/yakaricilar\/","title":{"rendered":"Yakar\u0131c\u0131lar"},"content":{"rendered":"<p>Euripides (\u0130\u00d6 y.484-406): Atina\u2019n\u0131n yeti\u015ftirdi\u011fi \u00fc\u00e7 b\u00fcy\u00fck tragedya \u015fairi aras\u0131nda en fazla eseri g\u00fcn\u00fcm\u00fcze ula\u015fan yazar olarak \u00f6zel bir yeri vard\u0131r. Bu durum \u015fenliklerde Aiskhylos ve Sophokles kadar birincilik \u00f6d\u00fcl\u00fc kazanmam\u0131\u015f olsa da halk aras\u0131nda daha \u00e7ok be\u011fenilen bir \u015fair olmas\u0131na ba\u011flan\u0131r. Euripides\u2019in oyun kahramanlar\u0131 insana \u00f6zg\u00fc zay\u0131fl\u0131k ve kusurlar\u0131 ta\u015f\u0131rlar, ya\u015fad\u0131klar\u0131 ac\u0131lar da bu kusurlar\u0131 ile vazge\u00e7emedikleri tutkular\u0131ndan kaynaklan\u0131r. Yakar\u0131c\u0131lar, muhtemelen Delos sava\u015f\u0131n\u0131n ard\u0131ndan \u00f6l\u00fclerin geri verilmesi konusunda Atinal\u0131lar\u0131n Thebaililerle yapt\u0131klar\u0131 g\u00f6r\u00fc\u015fmelere dayal\u0131d\u0131r. Euripides bu tragedyas\u0131yla sava\u015f kar\u015f\u0131t\u0131 sesini duyurmakta ve sava\u015f\u0131n anlams\u0131zl\u0131\u011f\u0131n\u0131 vurgulamaktad\u0131r. Sema Sandalc\u0131: \u0130. \u00dc. Edebiyat Fak\u00fcltesi, Eski\u00e7a\u011f Dilleri ve K\u00fclt\u00fcrleri B\u00f6l\u00fcm\u00fc Klasik Filoloji Latin Dili ve Edebiyat\u0131 Anabilim Dal\u0131&#8217;ndan mezun oldu. Ayn\u0131 k\u00fcrs\u00fcde y\u00fcksek lisans\u0131n\u0131 1993&#8217;de, doktora \u00e7al\u0131\u015fmalar\u0131n\u0131 1999&#8217;da tamamlad\u0131. Trakya \u00dcniversitesi Edebiyat Fak\u00fcltesi Balkan Dilleri B\u00f6l\u00fcm\u00fc \u00f6\u011fretim \u00fcyesi olarak \u00e7al\u0131\u015f\u0131yor. Eski Yunanca Dilbilgisi ve C\u00fcmle Yap\u0131s\u0131 I-II-III, Modern Yunanca Dilbilgisi, Roma Edebiyat\u0131nda Satura T\u00fcr\u00fc, Tar\u0131m K\u00fclt\u00fcr\u00fcnden \u015ee\u00e7kiler, Tanr\u0131lar\u0131n Anadolu Toplant\u0131s\u0131 adl\u0131 kitaplar\u0131 yay\u0131mland\u0131. Eserlerini \u00e7evirdi\u011fi yazarlar aras\u0131nda Eski Yunanca&#8217;dan Euripides ve Plutarkhos, Yunanca&#8217;dan Y. Andreadis, H. Samuilidis, V. T. Theodorakupulos, D. Sotiriyu, A. Kiriakidu, F. Asteris- T. Rodantis, Y. Vul\u00e7idis- S. Pelasgos, P.G. Lambardis yer al\u0131yor. \ufffcTan\u0131t\u0131m Metni<\/p>\n","protected":false},"excerpt":{"rendered":"<p>Euripides (\u0130\u00d6 y.484-406): Atina\u2019n\u0131n yeti\u015ftirdi\u011fi \u00fc\u00e7 b\u00fcy\u00fck tragedya \u015fairi aras\u0131nda en fazla eseri g\u00fcn\u00fcm\u00fcze ula\u015fan yazar olarak \u00f6zel bir yeri vard\u0131r. Bu durum \u015fenliklerde Aiskhylos ve<span class=\"excerpt-hellip\"> [\u2026]<\/span><\/p>\n","protected":false},"featured_media":0,"template":"","meta":{"_monsterinsights_skip_tracking":false,"_monsterinsights_sitenote_active":false,"_monsterinsights_sitenote_note":"","_monsterinsights_sitenote_category":0},"product_brand":[],"product_cat":[12388,14717],"product_tag":[],"class_list":{"0":"post-689916","1":"product","2":"type-product","3":"status-publish","5":"product_cat-felsefe","6":"product_cat-felsefe-tarihi","7":"pa_cilt-ciltsiz","8":"pa_tur-kitap","9":"pa_yayinevi-is-bankasi-kultur-yayinlari","10":"pa_yazar-euripides","12":"first","13":"instock","14":"sale","15":"shipping-taxable","16":"purchasable","17":"product-type-simple"},"_links":{"self":[{"href":"https:\/\/roveyayinevi.com.tr\/index.php\/wp-json\/wp\/v2\/product\/689916","targetHints":{"allow":["GET"]}}],"collection":[{"href":"https:\/\/roveyayinevi.com.tr\/index.php\/wp-json\/wp\/v2\/product"}],"about":[{"href":"https:\/\/roveyayinevi.com.tr\/index.php\/wp-json\/wp\/v2\/types\/product"}],"wp:attachment":[{"href":"https:\/\/roveyayinevi.com.tr\/index.php\/wp-json\/wp\/v2\/media?parent=689916"}],"wp:term":[{"taxonomy":"product_brand","embeddable":true,"href":"https:\/\/roveyayinevi.com.tr\/index.php\/wp-json\/wp\/v2\/product_brand?post=689916"},{"taxonomy":"product_cat","embeddable":true,"href":"https:\/\/roveyayinevi.com.tr\/index.php\/wp-json\/wp\/v2\/product_cat?post=689916"},{"taxonomy":"product_tag","embeddable":true,"href":"https:\/\/roveyayinevi.com.tr\/index.php\/wp-json\/wp\/v2\/product_tag?post=689916"}],"curies":[{"name":"wp","href":"https:\/\/api.w.org\/{rel}","templated":true}]}}