{"id":689913,"date":"2025-08-27T13:48:52","date_gmt":"2025-08-27T10:48:52","guid":{"rendered":"https:\/\/roveyayinevi.com.tr\/index.php\/urun\/2-x-2-dort-sincaptir-belki\/"},"modified":"2026-04-16T01:59:41","modified_gmt":"2026-04-15T22:59:41","slug":"2-x-2-dort-sincaptir-belki","status":"publish","type":"product","link":"https:\/\/roveyayinevi.com.tr\/index.php\/urun\/2-x-2-dort-sincaptir-belki\/","title":{"rendered":"2 x 2 D\u00f6rt Sincapt\u0131r Belki"},"content":{"rendered":"<p>Bir \u015fiir kitab\u0131 elinizdeki. Hayvanlar\u0131n \u015fa\u015f\u0131rt\u0131c\u0131, ilgin\u00e7 d\u00fcnyas\u0131ndan s\u00f6z eden \u015fiirlerden olu\u015fuyor. <\/p>\n","protected":false},"excerpt":{"rendered":"<p>Bir \u015fiir kitab\u0131 elinizdeki. Hayvanlar\u0131n \u015fa\u015f\u0131rt\u0131c\u0131, ilgin\u00e7 d\u00fcnyas\u0131ndan s\u00f6z eden \u015fiirlerden olu\u015fuyor.<\/p>\n","protected":false},"featured_media":0,"template":"","meta":{"_monsterinsights_skip_tracking":false,"_monsterinsights_sitenote_active":false,"_monsterinsights_sitenote_note":"","_monsterinsights_sitenote_category":0},"product_brand":[],"product_cat":[12274],"product_tag":[],"class_list":{"0":"post-689913","1":"product","2":"type-product","3":"status-publish","5":"product_cat-cocuk-ve-genclik-kitaplari","6":"pa_tur-kitap","7":"pa_yayinevi-kaynak-cocuk-yayinlari","8":"pa_yazar-cafer-yildirim","10":"first","11":"instock","12":"sale","13":"shipping-taxable","14":"purchasable","15":"product-type-simple"},"_links":{"self":[{"href":"https:\/\/roveyayinevi.com.tr\/index.php\/wp-json\/wp\/v2\/product\/689913","targetHints":{"allow":["GET"]}}],"collection":[{"href":"https:\/\/roveyayinevi.com.tr\/index.php\/wp-json\/wp\/v2\/product"}],"about":[{"href":"https:\/\/roveyayinevi.com.tr\/index.php\/wp-json\/wp\/v2\/types\/product"}],"wp:attachment":[{"href":"https:\/\/roveyayinevi.com.tr\/index.php\/wp-json\/wp\/v2\/media?parent=689913"}],"wp:term":[{"taxonomy":"product_brand","embeddable":true,"href":"https:\/\/roveyayinevi.com.tr\/index.php\/wp-json\/wp\/v2\/product_brand?post=689913"},{"taxonomy":"product_cat","embeddable":true,"href":"https:\/\/roveyayinevi.com.tr\/index.php\/wp-json\/wp\/v2\/product_cat?post=689913"},{"taxonomy":"product_tag","embeddable":true,"href":"https:\/\/roveyayinevi.com.tr\/index.php\/wp-json\/wp\/v2\/product_tag?post=689913"}],"curies":[{"name":"wp","href":"https:\/\/api.w.org\/{rel}","templated":true}]}}