{"id":689908,"date":"2025-08-27T13:48:51","date_gmt":"2025-08-27T10:48:51","guid":{"rendered":"https:\/\/roveyayinevi.com.tr\/index.php\/urun\/mantik-al-tayr\/"},"modified":"2026-04-16T01:59:41","modified_gmt":"2026-04-15T22:59:41","slug":"mantik-al-tayr","status":"publish","type":"product","link":"https:\/\/roveyayinevi.com.tr\/index.php\/urun\/mantik-al-tayr\/","title":{"rendered":"Mant\u0131k Al-Tayr"},"content":{"rendered":"<p>Ferid\u00fcddin Att\u00e2r (1140 civar\u0131 &#8211; 1220 civar\u0131): Klasik Fars edebiyat\u0131n\u0131n 12. y\u00fczy\u0131l sonu-13.y\u00fczy\u0131l ba\u015f\u0131ndaki en \u00f6nemli \u015fair-d\u00fc\u015f\u00fcn\u00fcrlerindendir. \u0130lah\u00eename ve Tezkiret-\u00fct Evliya gibi eserlerinin yan\u0131s\u0131ra, en tan\u0131nm\u0131\u015f mesnevisi say\u0131lan Mant\u0131k Al-tayr, Mevl\u00e2n\u00e2 dahil kendinden sonraki pek \u00e7ok b\u00fcy\u00fck \u015fairi etkilemi\u015ftir. Att\u00e2r, bu eserinde yolun ve yolculu\u011fun ki\u015fileri bulmak istediklerinin ta kendisi k\u0131ld\u0131\u011f\u0131n\u0131 etkileyici bi\u00e7imde g\u00f6stermi\u015ftir.<\/p>\n","protected":false},"excerpt":{"rendered":"<p>Ferid\u00fcddin Att\u00e2r (1140 civar\u0131 &#8211; 1220 civar\u0131): Klasik Fars edebiyat\u0131n\u0131n 12. y\u00fczy\u0131l sonu-13.y\u00fczy\u0131l ba\u015f\u0131ndaki en \u00f6nemli \u015fair-d\u00fc\u015f\u00fcn\u00fcrlerindendir. \u0130lah\u00eename ve Tezkiret-\u00fct Evliya gibi eserlerinin yan\u0131s\u0131ra, en tan\u0131nm\u0131\u015f<span class=\"excerpt-hellip\"> [\u2026]<\/span><\/p>\n","protected":false},"featured_media":0,"template":"","meta":{"_monsterinsights_skip_tracking":false,"_monsterinsights_sitenote_active":false,"_monsterinsights_sitenote_note":"","_monsterinsights_sitenote_category":0},"product_brand":[],"product_cat":[12718,12719,15238],"product_tag":[],"class_list":{"0":"post-689908","1":"product","2":"type-product","3":"status-publish","5":"product_cat-din","6":"product_cat-islam","7":"product_cat-tasavvuf","8":"pa_cilt-ciltsiz","9":"pa_tur-kitap","10":"pa_yayinevi-is-bankasi-kultur-yayinlari","11":"pa_yazar-feriduddin-i-attar","13":"first","14":"instock","15":"sale","16":"shipping-taxable","17":"purchasable","18":"product-type-simple"},"_links":{"self":[{"href":"https:\/\/roveyayinevi.com.tr\/index.php\/wp-json\/wp\/v2\/product\/689908","targetHints":{"allow":["GET"]}}],"collection":[{"href":"https:\/\/roveyayinevi.com.tr\/index.php\/wp-json\/wp\/v2\/product"}],"about":[{"href":"https:\/\/roveyayinevi.com.tr\/index.php\/wp-json\/wp\/v2\/types\/product"}],"wp:attachment":[{"href":"https:\/\/roveyayinevi.com.tr\/index.php\/wp-json\/wp\/v2\/media?parent=689908"}],"wp:term":[{"taxonomy":"product_brand","embeddable":true,"href":"https:\/\/roveyayinevi.com.tr\/index.php\/wp-json\/wp\/v2\/product_brand?post=689908"},{"taxonomy":"product_cat","embeddable":true,"href":"https:\/\/roveyayinevi.com.tr\/index.php\/wp-json\/wp\/v2\/product_cat?post=689908"},{"taxonomy":"product_tag","embeddable":true,"href":"https:\/\/roveyayinevi.com.tr\/index.php\/wp-json\/wp\/v2\/product_tag?post=689908"}],"curies":[{"name":"wp","href":"https:\/\/api.w.org\/{rel}","templated":true}]}}