{"id":689907,"date":"2025-08-27T13:48:51","date_gmt":"2025-08-27T10:48:51","guid":{"rendered":"https:\/\/roveyayinevi.com.tr\/index.php\/urun\/minik-kopek\/"},"modified":"2026-04-16T01:59:26","modified_gmt":"2026-04-15T22:59:26","slug":"minik-kopek","status":"publish","type":"product","link":"https:\/\/roveyayinevi.com.tr\/index.php\/urun\/minik-kopek\/","title":{"rendered":"Minik K\u00f6pek"},"content":{"rendered":"<p>Erik, B\u00fcy\u00fck Teyze Ak\u0131ll\u0131pati\u2019yi g\u00f6rmeye gitti\u011finde, en yak\u0131n arkada\u015f\u0131 Kurbi\u015f b\u00fcy\u00fck kuzenlerinin eline d\u00fc\u015fer! G\u0131d\u0131 G\u0131d\u0131! G\u0131d\u0131 G\u0131d\u0131! Belki de b\u00fcy\u00fck \u00e7ocuklar g\u00f6r\u00fcnd\u00fckleri kadar acayip de\u011filllerdir. Acaba Erik bunu \u00f6\u011frenebilecek kadar cesur mu? Ya\u015f Grubu: Bu kitab\u0131 \u00e7ocu\u011funuza 7 ya\u015f\u0131na kadar siz okuyabilirsiniz. \u00c7ocu\u011funuz okumay\u0131 \u00f6\u011frendikten sonra kendisi okuyabilir. Milli E\u011fitim Bakanl\u0131\u011f\u0131\u2019n\u0131n belirledi\u011fi yaz\u0131 tipi kullan\u0131lm\u0131\u015ft\u0131r. <\/p>\n","protected":false},"excerpt":{"rendered":"<p>Erik, B\u00fcy\u00fck Teyze Ak\u0131ll\u0131pati\u2019yi g\u00f6rmeye gitti\u011finde, en yak\u0131n arkada\u015f\u0131 Kurbi\u015f b\u00fcy\u00fck kuzenlerinin eline d\u00fc\u015fer! G\u0131d\u0131 G\u0131d\u0131! G\u0131d\u0131 G\u0131d\u0131! Belki de b\u00fcy\u00fck \u00e7ocuklar g\u00f6r\u00fcnd\u00fckleri kadar acayip de\u011filllerdir.<span class=\"excerpt-hellip\"> [\u2026]<\/span><\/p>\n","protected":false},"featured_media":0,"template":"","meta":{"_monsterinsights_skip_tracking":false,"_monsterinsights_sitenote_active":false,"_monsterinsights_sitenote_note":"","_monsterinsights_sitenote_category":0},"product_brand":[],"product_cat":[12913,12274],"product_tag":[],"class_list":{"0":"post-689907","1":"product","2":"type-product","3":"status-publish","5":"product_cat-3-6-yas-kitaplari","6":"product_cat-cocuk-ve-genclik-kitaplari","7":"pa_cilt-ciltsiz","8":"pa_tur-kitap","9":"pa_yayinevi-is-bankasi-kultur-yayinlari","10":"pa_yazar-vivian-french","12":"first","13":"instock","14":"sale","15":"shipping-taxable","16":"purchasable","17":"product-type-simple"},"_links":{"self":[{"href":"https:\/\/roveyayinevi.com.tr\/index.php\/wp-json\/wp\/v2\/product\/689907","targetHints":{"allow":["GET"]}}],"collection":[{"href":"https:\/\/roveyayinevi.com.tr\/index.php\/wp-json\/wp\/v2\/product"}],"about":[{"href":"https:\/\/roveyayinevi.com.tr\/index.php\/wp-json\/wp\/v2\/types\/product"}],"wp:attachment":[{"href":"https:\/\/roveyayinevi.com.tr\/index.php\/wp-json\/wp\/v2\/media?parent=689907"}],"wp:term":[{"taxonomy":"product_brand","embeddable":true,"href":"https:\/\/roveyayinevi.com.tr\/index.php\/wp-json\/wp\/v2\/product_brand?post=689907"},{"taxonomy":"product_cat","embeddable":true,"href":"https:\/\/roveyayinevi.com.tr\/index.php\/wp-json\/wp\/v2\/product_cat?post=689907"},{"taxonomy":"product_tag","embeddable":true,"href":"https:\/\/roveyayinevi.com.tr\/index.php\/wp-json\/wp\/v2\/product_tag?post=689907"}],"curies":[{"name":"wp","href":"https:\/\/api.w.org\/{rel}","templated":true}]}}