{"id":689904,"date":"2025-08-27T13:48:50","date_gmt":"2025-08-27T10:48:50","guid":{"rendered":"https:\/\/roveyayinevi.com.tr\/index.php\/urun\/mevsimler\/"},"modified":"2026-04-16T01:59:26","modified_gmt":"2026-04-15T22:59:26","slug":"mevsimler","status":"publish","type":"product","link":"https:\/\/roveyayinevi.com.tr\/index.php\/urun\/mevsimler\/","title":{"rendered":"Mevsimler"},"content":{"rendered":"<p>Aylar ge\u00e7erken neler olur, neler&#8230; \u0130lkbaharda a\u011fa\u00e7lar \u00e7i\u00e7ek a\u00e7ar. Yaz\u0131n hava \u00e7ok s\u0131cak olur. Sonbaharda ya\u011fmurlar ba\u015flar. K\u0131\u015f\u0131n kar ya\u011far. \u0130lkbahar, yaz, sonbahar, k\u0131\u015f. \u0130\u015fte size d\u00f6rt mevsim. Bu e\u011flenceli kitap mevsimlerin ilgin\u00e7 y\u00f6nlerini anlat\u0131yor. Bu e\u011flenceli kitap kolay okunabilen metinlerle, okumay\u0131 \u00f6\u011frenmeye \u00e7al\u0131\u015fan \u00e7ocuklar i\u00e7in harika bir al\u0131\u015ft\u0131rma kitab\u0131d\u0131r. T\u00fcrkiye \u0130\u015f Bankas\u0131 K\u00fclt\u00fcr Yay\u0131nlar\u0131 \u0130lk Okuma Kitab\u0131m serisi okumay\u0131 \u00f6\u011frenme s\u00fcrecindeki \u00e7ocuklara yard\u0131mc\u0131 kitaplar olarak haz\u0131rlanm\u0131\u015ft\u0131r. Uzman e\u011fitimciler taraf\u0131ndan haz\u0131rlanan bu kitaplarda \u00e7ocuklar\u0131n ilgisini \u00e7ekecek hikayeler, resimler, rahat okumaya uygun yaz\u0131 bi\u00e7imleri, kolay anla\u015f\u0131lacak basit c\u00fcmleler ve k\u0131sa b\u00f6l\u00fcmler ile sonu\u00e7 \u00e7\u0131karma yetilerini geli\u015ftirecek sorular yer almaktad\u0131r. \ufffcTan\u0131t\u0131m Metni<\/p>\n","protected":false},"excerpt":{"rendered":"<p>Aylar ge\u00e7erken neler olur, neler&#8230; \u0130lkbaharda a\u011fa\u00e7lar \u00e7i\u00e7ek a\u00e7ar. Yaz\u0131n hava \u00e7ok s\u0131cak olur. Sonbaharda ya\u011fmurlar ba\u015flar. K\u0131\u015f\u0131n kar ya\u011far. \u0130lkbahar, yaz, sonbahar, k\u0131\u015f. \u0130\u015fte size<span class=\"excerpt-hellip\"> [\u2026]<\/span><\/p>\n","protected":false},"featured_media":0,"template":"","meta":{"_monsterinsights_skip_tracking":false,"_monsterinsights_sitenote_active":false,"_monsterinsights_sitenote_note":"","_monsterinsights_sitenote_category":0},"product_brand":[],"product_cat":[12492,12274],"product_tag":[],"class_list":{"0":"post-689904","1":"product","2":"type-product","3":"status-publish","5":"product_cat-bilmece-bulmaca","6":"product_cat-cocuk-ve-genclik-kitaplari","7":"pa_cilt-ciltsiz","8":"pa_tur-kitap","9":"pa_yayinevi-is-bankasi-kultur-yayinlari","10":"pa_yazar-alkan-inal","12":"first","13":"instock","14":"sale","15":"shipping-taxable","16":"purchasable","17":"product-type-simple"},"_links":{"self":[{"href":"https:\/\/roveyayinevi.com.tr\/index.php\/wp-json\/wp\/v2\/product\/689904","targetHints":{"allow":["GET"]}}],"collection":[{"href":"https:\/\/roveyayinevi.com.tr\/index.php\/wp-json\/wp\/v2\/product"}],"about":[{"href":"https:\/\/roveyayinevi.com.tr\/index.php\/wp-json\/wp\/v2\/types\/product"}],"wp:attachment":[{"href":"https:\/\/roveyayinevi.com.tr\/index.php\/wp-json\/wp\/v2\/media?parent=689904"}],"wp:term":[{"taxonomy":"product_brand","embeddable":true,"href":"https:\/\/roveyayinevi.com.tr\/index.php\/wp-json\/wp\/v2\/product_brand?post=689904"},{"taxonomy":"product_cat","embeddable":true,"href":"https:\/\/roveyayinevi.com.tr\/index.php\/wp-json\/wp\/v2\/product_cat?post=689904"},{"taxonomy":"product_tag","embeddable":true,"href":"https:\/\/roveyayinevi.com.tr\/index.php\/wp-json\/wp\/v2\/product_tag?post=689904"}],"curies":[{"name":"wp","href":"https:\/\/api.w.org\/{rel}","templated":true}]}}