{"id":689901,"date":"2025-08-27T13:48:50","date_gmt":"2025-08-27T10:48:50","guid":{"rendered":"https:\/\/roveyayinevi.com.tr\/index.php\/urun\/utopia\/"},"modified":"2026-04-16T01:59:26","modified_gmt":"2026-04-15T22:59:26","slug":"utopia","status":"publish","type":"product","link":"https:\/\/roveyayinevi.com.tr\/index.php\/urun\/utopia\/","title":{"rendered":"Utopia"},"content":{"rendered":"<p>Thomas More (1478-1535): Yarg\u0131\u00e7l\u0131\u011f\u0131 boyunca d\u00fcr\u00fcstl\u00fc\u011f\u00fc ve haktan\u0131rl\u0131\u011f\u0131yla sivrilen ve Sokrates gibi bir anlamda bu y\u00fczden \u00f6l\u00fcme mahk\u00fbm edilen bir 16. y\u00fczy\u0131l yazar\u0131d\u0131r. G\u00fcn\u00fcm\u00fczden yakla\u015f\u0131k be\u015f y\u00fcz y\u0131l \u00f6nce yay\u0131nlanan Utopia&#8217;da (1516) ise More, \u00e7izdi\u011fi yery\u00fcz\u00fc cenneti ile bug\u00fcn de kaynak g\u00f6sterilen bir toplumsal mutluluk \u00f6rne\u011fi sunmaktad\u0131r. Utopia, Hasan \u00c2li Y\u00fccel Klasikler Dizisi&#8217;nde M\u00eena Urgan&#8217;\u0131n yazar\u0131 ve yap\u0131t\u0131 birlikte ele alan derinlikli incelemesiyle yay\u0131nlanmaktad\u0131r. Sabahattin Ey\u00fcbo\u011flu (1908-1973); Hasan \u00c2li Y\u00fccel&#8217;in kurdu\u011fu Terc\u00fcme B\u00fcrosu&#8217;nun ba\u015fkan yard\u0131mc\u0131 ve Cumhuriyet d\u00f6neminin en \u00f6nde gelen k\u00fclt\u00fcr insanlar\u0131ndan biridir. Vedat G\u00fcnyol (1911-2004);T\u00fcrc\u00fcme B\u00fcrosu ruhunu sonraki d\u00f6nemlerde yay\u0131nc\u0131s\u0131 oldu\u011fu Yeni Ufuklar dergisi ve \u00c7an Yay\u0131mlar\u0131&#8217;yla s\u00fcrd\u00fcren k\u00fclt\u00fcr tarihimizin en \u00f6nemle \u00fcyelerindendir. M\u00eena Urgan (1915-2005); Gerek yaz\u0131p \u00e7evirdikleri, gerekse dersleri ve konfranslar\u0131yla k\u00fclt\u00fcr hayat\u0131m\u0131z\u0131n en iz b\u0131rakan hocalar\u0131ndand\u0131r.<\/p>\n","protected":false},"excerpt":{"rendered":"<p>Thomas More (1478-1535): Yarg\u0131\u00e7l\u0131\u011f\u0131 boyunca d\u00fcr\u00fcstl\u00fc\u011f\u00fc ve haktan\u0131rl\u0131\u011f\u0131yla sivrilen ve Sokrates gibi bir anlamda bu y\u00fczden \u00f6l\u00fcme mahk\u00fbm edilen bir 16. y\u00fczy\u0131l yazar\u0131d\u0131r. G\u00fcn\u00fcm\u00fczden yakla\u015f\u0131k be\u015f<span class=\"excerpt-hellip\"> [\u2026]<\/span><\/p>\n","protected":false},"featured_media":0,"template":"","meta":{"_monsterinsights_skip_tracking":false,"_monsterinsights_sitenote_active":false,"_monsterinsights_sitenote_note":"","_monsterinsights_sitenote_category":0},"product_brand":[],"product_cat":[12388,15309],"product_tag":[],"class_list":{"0":"post-689901","1":"product","2":"type-product","3":"status-publish","5":"product_cat-felsefe","6":"product_cat-felsefi-akimlar","7":"pa_cilt-ciltsiz","8":"pa_tur-kitap","9":"pa_yayinevi-is-bankasi-kultur-yayinlari","10":"pa_yazar-thomas-more","12":"first","13":"instock","14":"sale","15":"shipping-taxable","16":"purchasable","17":"product-type-simple"},"_links":{"self":[{"href":"https:\/\/roveyayinevi.com.tr\/index.php\/wp-json\/wp\/v2\/product\/689901","targetHints":{"allow":["GET"]}}],"collection":[{"href":"https:\/\/roveyayinevi.com.tr\/index.php\/wp-json\/wp\/v2\/product"}],"about":[{"href":"https:\/\/roveyayinevi.com.tr\/index.php\/wp-json\/wp\/v2\/types\/product"}],"wp:attachment":[{"href":"https:\/\/roveyayinevi.com.tr\/index.php\/wp-json\/wp\/v2\/media?parent=689901"}],"wp:term":[{"taxonomy":"product_brand","embeddable":true,"href":"https:\/\/roveyayinevi.com.tr\/index.php\/wp-json\/wp\/v2\/product_brand?post=689901"},{"taxonomy":"product_cat","embeddable":true,"href":"https:\/\/roveyayinevi.com.tr\/index.php\/wp-json\/wp\/v2\/product_cat?post=689901"},{"taxonomy":"product_tag","embeddable":true,"href":"https:\/\/roveyayinevi.com.tr\/index.php\/wp-json\/wp\/v2\/product_tag?post=689901"}],"curies":[{"name":"wp","href":"https:\/\/api.w.org\/{rel}","templated":true}]}}