{"id":689899,"date":"2025-08-27T13:48:49","date_gmt":"2025-08-27T10:48:49","guid":{"rendered":"https:\/\/roveyayinevi.com.tr\/index.php\/urun\/uc-silahsor\/"},"modified":"2026-04-16T01:59:26","modified_gmt":"2026-04-15T22:59:26","slug":"uc-silahsor","status":"publish","type":"product","link":"https:\/\/roveyayinevi.com.tr\/index.php\/urun\/uc-silahsor\/","title":{"rendered":"\u00dc\u00e7 Silah\u015f\u00f6r"},"content":{"rendered":"<p>Alexandre Dumas (p\u00e8re) (1802-1870): On dokuzuncu y\u00fczy\u0131lda b\u00fct\u00fcn Avrupa\u2019y\u0131 saran siyasal ve sosyal \u00e7alkant\u0131lar i\u00e7inde ya\u015famas\u0131na ra\u011fmen, daha \u00e7ok 16. ve 17. y\u00fczy\u0131l\u0131n tarihsel olaylar\u0131n\u0131 konu alan \u00fc\u00e7 y\u00fczden fazla roman yazd\u0131. D\u00f6neminin sevilen ve \u00e7ok okunan romantik yazarlar\u0131 aras\u0131nda yer ald\u0131. \u00dc\u00e7 Silah\u015for, Monte Kristo Kontu, Demir Maske ve Siyah Lale en tan\u0131nm\u0131\u015f eserlerindendir. \u00dc\u00e7 Silah\u015for iki y\u00fczy\u0131l sonra bile h\u00e2l\u00e2 keyifle okunan s\u00fcr\u00fckleyici bir a\u015fk ve macera roman\u0131d\u0131r. Volkan Yal\u00e7\u0131ntoklu (1961)Saint-Joseph lisesinde okudu. 9 Eyl\u00fcl \u00dcniversitesi T\u0131bbi Biyoloji ve Genetik b\u00f6l\u00fcm\u00fcn\u00fc bitirdi. Uzun y\u0131llar kitap\u00e7\u0131l\u0131k yapt\u0131. Frans\u0131zca ve \u0130ngilizceden \u00e7eviriler yap\u0131yor. Eserlerini \u00e7evirdi\u011fi yazarlar aras\u0131nda Jules Verne, Helene DeWitt, Alan Snow, Richard Maltby, Jr, Lyman Frank Baum, Charles Perrault yer al\u0131yor. \ufffc<\/p>\n","protected":false},"excerpt":{"rendered":"<p>Alexandre Dumas (p\u00e8re) (1802-1870): On dokuzuncu y\u00fczy\u0131lda b\u00fct\u00fcn Avrupa\u2019y\u0131 saran siyasal ve sosyal \u00e7alkant\u0131lar i\u00e7inde ya\u015famas\u0131na ra\u011fmen, daha \u00e7ok 16. ve 17. y\u00fczy\u0131l\u0131n tarihsel olaylar\u0131n\u0131 konu<span class=\"excerpt-hellip\"> [\u2026]<\/span><\/p>\n","protected":false},"featured_media":0,"template":"","meta":{"_monsterinsights_skip_tracking":false,"_monsterinsights_sitenote_active":false,"_monsterinsights_sitenote_note":"","_monsterinsights_sitenote_category":0},"product_brand":[],"product_cat":[12312,12304],"product_tag":[],"class_list":{"0":"post-689899","1":"product","2":"type-product","3":"status-publish","5":"product_cat-diger","6":"product_cat-tarih","7":"pa_cilt-ciltsiz","8":"pa_tur-kitap","9":"pa_yayinevi-is-bankasi-kultur-yayinlari","10":"pa_yazar-alexandre-dumas","12":"first","13":"instock","14":"sale","15":"shipping-taxable","16":"purchasable","17":"product-type-simple"},"_links":{"self":[{"href":"https:\/\/roveyayinevi.com.tr\/index.php\/wp-json\/wp\/v2\/product\/689899","targetHints":{"allow":["GET"]}}],"collection":[{"href":"https:\/\/roveyayinevi.com.tr\/index.php\/wp-json\/wp\/v2\/product"}],"about":[{"href":"https:\/\/roveyayinevi.com.tr\/index.php\/wp-json\/wp\/v2\/types\/product"}],"wp:attachment":[{"href":"https:\/\/roveyayinevi.com.tr\/index.php\/wp-json\/wp\/v2\/media?parent=689899"}],"wp:term":[{"taxonomy":"product_brand","embeddable":true,"href":"https:\/\/roveyayinevi.com.tr\/index.php\/wp-json\/wp\/v2\/product_brand?post=689899"},{"taxonomy":"product_cat","embeddable":true,"href":"https:\/\/roveyayinevi.com.tr\/index.php\/wp-json\/wp\/v2\/product_cat?post=689899"},{"taxonomy":"product_tag","embeddable":true,"href":"https:\/\/roveyayinevi.com.tr\/index.php\/wp-json\/wp\/v2\/product_tag?post=689899"}],"curies":[{"name":"wp","href":"https:\/\/api.w.org\/{rel}","templated":true}]}}