{"id":689898,"date":"2025-08-27T13:48:49","date_gmt":"2025-08-27T10:48:49","guid":{"rendered":"https:\/\/roveyayinevi.com.tr\/index.php\/urun\/ursule-mirouet\/"},"modified":"2026-04-16T01:59:26","modified_gmt":"2026-04-15T22:59:26","slug":"ursule-mirouet","status":"publish","type":"product","link":"https:\/\/roveyayinevi.com.tr\/index.php\/urun\/ursule-mirouet\/","title":{"rendered":"Ursule Mirouet"},"content":{"rendered":"<p>Honor\u00e9 de Balzac (1799-1850): Elli bir y\u0131ll\u0131k bir \u00f6mre inan\u0131lmas\u0131 g\u00fc\u00e7 bir h\u0131zda, 100&#8217;\u00fc a\u015fk\u0131n kitap i\u00e7eren \u0130nsanl\u0131k Komedyas\u0131&#8217;n\u0131 s\u0131\u011fd\u0131ran 19. y\u00fczy\u0131l\u0131n an\u0131tsal romanc\u0131s\u0131d\u0131r. Balzac&#8217;\u0131n yirmi g\u00fcnde yazd\u0131\u011f\u0131 ve bir miras\u0131n etraf\u0131nda d\u00f6nen entrikalar\u0131 ele ald\u0131\u011f\u0131 Ursule Mirou\u00ebt&#8217;yse, (1841) yazar\u0131n an\u0131tsal yap\u0131t\u0131n\u0131n Ta\u015fra Ya\u015fam\u0131ndan Sahneler b\u00f6l\u00fcm\u00fcnde yer almaktad\u0131r. \ufffcTan\u0131t\u0131m Metni<\/p>\n","protected":false},"excerpt":{"rendered":"<p>Honor\u00e9 de Balzac (1799-1850): Elli bir y\u0131ll\u0131k bir \u00f6mre inan\u0131lmas\u0131 g\u00fc\u00e7 bir h\u0131zda, 100&#8217;\u00fc a\u015fk\u0131n kitap i\u00e7eren \u0130nsanl\u0131k Komedyas\u0131&#8217;n\u0131 s\u0131\u011fd\u0131ran 19. y\u00fczy\u0131l\u0131n an\u0131tsal romanc\u0131s\u0131d\u0131r. Balzac&#8217;\u0131n yirmi<span class=\"excerpt-hellip\"> [\u2026]<\/span><\/p>\n","protected":false},"featured_media":0,"template":"","meta":{"_monsterinsights_skip_tracking":false,"_monsterinsights_sitenote_active":false,"_monsterinsights_sitenote_note":"","_monsterinsights_sitenote_category":0},"product_brand":[],"product_cat":[12291,13376],"product_tag":[],"class_list":{"0":"post-689898","1":"product","2":"type-product","3":"status-publish","5":"product_cat-edebiyat","6":"product_cat-fransiz-edebiyati","7":"pa_cilt-ciltsiz","8":"pa_tur-kitap","9":"pa_yayinevi-is-bankasi-kultur-yayinlari","10":"pa_yazar-honore-de-balzac","12":"first","13":"instock","14":"sale","15":"shipping-taxable","16":"purchasable","17":"product-type-simple"},"_links":{"self":[{"href":"https:\/\/roveyayinevi.com.tr\/index.php\/wp-json\/wp\/v2\/product\/689898","targetHints":{"allow":["GET"]}}],"collection":[{"href":"https:\/\/roveyayinevi.com.tr\/index.php\/wp-json\/wp\/v2\/product"}],"about":[{"href":"https:\/\/roveyayinevi.com.tr\/index.php\/wp-json\/wp\/v2\/types\/product"}],"wp:attachment":[{"href":"https:\/\/roveyayinevi.com.tr\/index.php\/wp-json\/wp\/v2\/media?parent=689898"}],"wp:term":[{"taxonomy":"product_brand","embeddable":true,"href":"https:\/\/roveyayinevi.com.tr\/index.php\/wp-json\/wp\/v2\/product_brand?post=689898"},{"taxonomy":"product_cat","embeddable":true,"href":"https:\/\/roveyayinevi.com.tr\/index.php\/wp-json\/wp\/v2\/product_cat?post=689898"},{"taxonomy":"product_tag","embeddable":true,"href":"https:\/\/roveyayinevi.com.tr\/index.php\/wp-json\/wp\/v2\/product_tag?post=689898"}],"curies":[{"name":"wp","href":"https:\/\/api.w.org\/{rel}","templated":true}]}}