{"id":689892,"date":"2025-08-27T13:48:48","date_gmt":"2025-08-27T10:48:48","guid":{"rendered":"https:\/\/roveyayinevi.com.tr\/index.php\/urun\/dilin-tarihi\/"},"modified":"2025-09-26T09:26:19","modified_gmt":"2025-09-26T06:26:19","slug":"dilin-tarihi","status":"publish","type":"product","link":"https:\/\/roveyayinevi.com.tr\/index.php\/urun\/dilin-tarihi\/","title":{"rendered":"Dilin Tarihi"},"content":{"rendered":"<p>Do\u011fada g\u00f6r\u00fclen en b\u00fcy\u00fcleyici yetene\u011fin, s\u0131radan ve benzersiz bir becerinin, yani dilin hik\u00e2yesini anlatan Dilin Tarihi, bilinen ya da g\u00fcn y\u00fcz\u00fcne \u00e7\u0131kar\u0131lan insan dillerindeki de\u011fi\u015fikliklerin formel ve teknik anlat\u0131m\u0131yla yetinen geleneksel dilbilim tarihi eserlerinden \u00e7ok farkl\u0131 bir kitap. Eserde s\u0131ras\u0131yla b\u00fct\u00fcn hayvanlar\u0131n dillerinden primat dillerine, genel olarak Homo Sapiens\u2019lerin dilinden insan dillerinin b\u00fcy\u00fck ailelerine, \u00f6zg\u00fcl dil ailelerinden yeni k\u00fcresel toplumun dil kullan\u0131m\u0131na, internetle birlikte de\u011fi\u015fen ileti\u015fim teknolojisinin dil \u00fczerindeki etkisine ve g\u00fcn\u00fcm\u00fczde d\u00fcnya dili konumuna giderek yakla\u015fan \u0130ngilizcenin muhtemel gelece\u011fine kadar geni\u015f bir konu yelpazesi \u00fczerinde duruluyor. Dilbilim \u00f6\u011frencileri i\u00e7in yararl\u0131 bir haz\u0131rlay\u0131c\u0131 metin olan Dilin Tarihi, \u00f6zel dilbilim terminolojisi ya da y\u00f6ntemleri hakk\u0131nda hi\u00e7bir \u00f6nbilgi gerektirmedi\u011fi i\u00e7in, genel okuyucunun da dilin hik\u00e2yesini, bu benzersiz ser\u00fcveni kolayca izlemesine olanak veriyor. Dilin Tarihi, Steven Roger Fischer\u2019\u0131n kaleme ald\u0131\u011f\u0131 \u00fc\u00e7lemenin ilk kitab\u0131. \u00d6n\u00fcm\u00fczdeki aylarda yay\u0131mlanacak di\u011fer kitaplar ise, Yazman\u0131n Tarihi ve Okuman\u0131n Tarihi. Steven Fischer\u2019\u0131n ilgi \u00e7ekici ve iddial\u0131 \u00e7al\u0131\u015fmas\u0131, bir b\u00f6l\u00fcm\u00fc neredeyse hi\u00e7 bilinmeyen, bir b\u00f6l\u00fcm\u00fc ise y\u0131llard\u0131r \u00e7e\u015fitli derinliklerde ara\u015ft\u0131r\u0131lm\u0131\u015f engin bir sahay\u0131 ke\u015ffe \u00e7\u0131k\u0131yor. Fischer, insan do\u011fas\u0131n\u0131n ve ba\u015far\u0131lar\u0131n\u0131n temel ve \u00f6zg\u00fcn y\u00f6nlerine ili\u015fkin zorlu sorular ortaya at\u0131yor. Heyecan verici ve son derece bilgilendirici bir ara\u015ft\u0131rma. -Noam Chomsky-<\/p>\n","protected":false},"excerpt":{"rendered":"<p>Do\u011fada g\u00f6r\u00fclen en b\u00fcy\u00fcleyici yetene\u011fin, s\u0131radan ve benzersiz bir becerinin, yani dilin hik\u00e2yesini anlatan Dilin Tarihi, bilinen ya da g\u00fcn y\u00fcz\u00fcne \u00e7\u0131kar\u0131lan insan dillerindeki de\u011fi\u015fikliklerin formel<span class=\"excerpt-hellip\"> [\u2026]<\/span><\/p>\n","protected":false},"featured_media":0,"template":"","meta":{"_monsterinsights_skip_tracking":false,"_monsterinsights_sitenote_active":false,"_monsterinsights_sitenote_note":"","_monsterinsights_sitenote_category":0},"product_brand":[],"product_cat":[12364],"product_tag":[],"class_list":{"0":"post-689892","1":"product","2":"type-product","3":"status-publish","5":"product_cat-genel-konular","6":"pa_cilt-ciltsiz","7":"pa_tur-kitap","8":"pa_yayinevi-is-bankasi-kultur-yayinlari","9":"pa_yazar-steven-roger-fischer","11":"first","12":"instock","13":"sale","14":"shipping-taxable","15":"purchasable","16":"product-type-simple"},"_links":{"self":[{"href":"https:\/\/roveyayinevi.com.tr\/index.php\/wp-json\/wp\/v2\/product\/689892","targetHints":{"allow":["GET"]}}],"collection":[{"href":"https:\/\/roveyayinevi.com.tr\/index.php\/wp-json\/wp\/v2\/product"}],"about":[{"href":"https:\/\/roveyayinevi.com.tr\/index.php\/wp-json\/wp\/v2\/types\/product"}],"wp:attachment":[{"href":"https:\/\/roveyayinevi.com.tr\/index.php\/wp-json\/wp\/v2\/media?parent=689892"}],"wp:term":[{"taxonomy":"product_brand","embeddable":true,"href":"https:\/\/roveyayinevi.com.tr\/index.php\/wp-json\/wp\/v2\/product_brand?post=689892"},{"taxonomy":"product_cat","embeddable":true,"href":"https:\/\/roveyayinevi.com.tr\/index.php\/wp-json\/wp\/v2\/product_cat?post=689892"},{"taxonomy":"product_tag","embeddable":true,"href":"https:\/\/roveyayinevi.com.tr\/index.php\/wp-json\/wp\/v2\/product_tag?post=689892"}],"curies":[{"name":"wp","href":"https:\/\/api.w.org\/{rel}","templated":true}]}}