{"id":689887,"date":"2025-08-27T13:48:47","date_gmt":"2025-08-27T10:48:47","guid":{"rendered":"https:\/\/roveyayinevi.com.tr\/index.php\/urun\/satranc-ciltli\/"},"modified":"2025-10-19T02:06:03","modified_gmt":"2025-10-18T23:06:03","slug":"satranc-ciltli","status":"publish","type":"product","link":"https:\/\/roveyayinevi.com.tr\/index.php\/urun\/satranc-ciltli\/","title":{"rendered":"Satran\u00e7 (Ciltli)"},"content":{"rendered":"<p>Stefan Zweig, \u00e7ok geni\u015f bir psikoloji birikimini eserlerinde b\u00fct\u00fcn\u00fcyle kullanm\u0131\u015f ender yazarlardand\u0131r. Onun d\u00fcnya edebiyat\u0131nda bir biyografi yazar\u0131 olarak kazand\u0131\u011f\u0131 hakl\u0131 \u00fcn\u00fcn temelinde de bu \u00f6zelli\u011fi, yani yazarl\u0131\u011f\u0131n\u0131n yan\u0131 s\u0131ra \u00e7ok usta bir psikolog olmas\u0131 yatar. <\/p>\n","protected":false},"excerpt":{"rendered":"<p>Stefan Zweig, \u00e7ok geni\u015f bir psikoloji birikimini eserlerinde b\u00fct\u00fcn\u00fcyle kullanm\u0131\u015f ender yazarlardand\u0131r. Onun d\u00fcnya edebiyat\u0131nda bir biyografi yazar\u0131 olarak kazand\u0131\u011f\u0131 hakl\u0131 \u00fcn\u00fcn temelinde de bu \u00f6zelli\u011fi,<span class=\"excerpt-hellip\"> [\u2026]<\/span><\/p>\n","protected":false},"featured_media":0,"template":"","meta":{"_monsterinsights_skip_tracking":false,"_monsterinsights_sitenote_active":false,"_monsterinsights_sitenote_note":"","_monsterinsights_sitenote_category":0},"product_brand":[],"product_cat":[12782,12291],"product_tag":[],"class_list":{"0":"post-689887","1":"product","2":"type-product","3":"status-publish","5":"product_cat-alman-edebiyati","6":"product_cat-edebiyat","7":"pa_cilt-ciltli","8":"pa_tur-kitap","9":"pa_yayinevi-is-bankasi-kultur-yayinlari","10":"pa_yazar-stefan-zweig","12":"first","13":"instock","14":"sale","15":"shipping-taxable","16":"purchasable","17":"product-type-simple"},"_links":{"self":[{"href":"https:\/\/roveyayinevi.com.tr\/index.php\/wp-json\/wp\/v2\/product\/689887","targetHints":{"allow":["GET"]}}],"collection":[{"href":"https:\/\/roveyayinevi.com.tr\/index.php\/wp-json\/wp\/v2\/product"}],"about":[{"href":"https:\/\/roveyayinevi.com.tr\/index.php\/wp-json\/wp\/v2\/types\/product"}],"wp:attachment":[{"href":"https:\/\/roveyayinevi.com.tr\/index.php\/wp-json\/wp\/v2\/media?parent=689887"}],"wp:term":[{"taxonomy":"product_brand","embeddable":true,"href":"https:\/\/roveyayinevi.com.tr\/index.php\/wp-json\/wp\/v2\/product_brand?post=689887"},{"taxonomy":"product_cat","embeddable":true,"href":"https:\/\/roveyayinevi.com.tr\/index.php\/wp-json\/wp\/v2\/product_cat?post=689887"},{"taxonomy":"product_tag","embeddable":true,"href":"https:\/\/roveyayinevi.com.tr\/index.php\/wp-json\/wp\/v2\/product_tag?post=689887"}],"curies":[{"name":"wp","href":"https:\/\/api.w.org\/{rel}","templated":true}]}}