{"id":689886,"date":"2025-08-27T13:48:47","date_gmt":"2025-08-27T10:48:47","guid":{"rendered":"https:\/\/roveyayinevi.com.tr\/index.php\/urun\/sanat-nedir\/"},"modified":"2026-04-16T01:59:26","modified_gmt":"2026-04-15T22:59:26","slug":"sanat-nedir","status":"publish","type":"product","link":"https:\/\/roveyayinevi.com.tr\/index.php\/urun\/sanat-nedir\/","title":{"rendered":"Sanat Nedir?"},"content":{"rendered":"<p>Lev Nikolayevi\u00e7 Tolstoy (1829 &#8211; 1910): Anna Karenina, Sava\u015f ve Bar\u0131\u015f, Dirili\u015f gibi romanlar\u0131n b\u00fcy\u00fck yazar\u0131, \u00f6mr\u00fcn\u00fcn son otuz y\u0131l\u0131nda kendini t\u00fcm\u00fcyle kuramsal \u00e7al\u0131\u015fmalara vermi\u015f, insan, aile, din, devlet, toplum, \u00f6zg\u00fcrl\u00fck, sanat, estetik gibi konular \u00fczerinde yazmaya y\u00f6nelmi\u015ftir. Sanat \u00dczerine, Tolstoy&#8217;un kuramsal yap\u0131tlar\u0131 aras\u0131nda dikkati \u00e7ekici bir yere sahiptir. \u0130lk kez 1897&#8217;de yay\u0131mland\u0131. Rusya&#8217;da hep sans\u00fcre u\u011frad\u0131. Sans\u00fcrs\u00fcz ilk bask\u0131s\u0131 1898 y\u0131l\u0131nda Londra&#8217;da, \u0130ngilizce olarak yap\u0131ld\u0131; Tolstoy da bu bask\u0131ya bir \u00f6ns\u00f6z yazd\u0131. On be\u015f y\u0131ll\u0131k yo\u011fun bir \u00e7al\u0131\u015fman\u0131n \u00fcr\u00fcn\u00fc olan Sanat \u00dczerine yazar\u0131n \u00fczerinde en fazla u\u011fra\u015ft\u0131\u011f\u0131 yap\u0131t\u0131d\u0131r. Mazlum Beyhan (1948); Yay\u0131mlam\u0131\u015f oldu\u011fu Dostoyevski&#8217;den Su\u00e7 ve Ceza ve Budala, Tolstoy&#8217;dan \u00c7ocukluk, \u0130lkgen\u00e7lik, Gen\u00e7lik ve Gogol&#8217;dan Arabeskler benzeri \u00e7al\u0131\u015fmalard\u00fc\u015f\u00fcn\u00fcld\u00fc\u011f\u00fcnde, Beyhan, hi\u00e7 tart\u0131\u015fmas\u0131z son 35 y\u0131l\u0131n en \u00f6nemli Rus edebiyat\u0131 \u00e7evirmenlerinden biridir. Metni<\/p>\n","protected":false},"excerpt":{"rendered":"<p>Lev Nikolayevi\u00e7 Tolstoy (1829 &#8211; 1910): Anna Karenina, Sava\u015f ve Bar\u0131\u015f, Dirili\u015f gibi romanlar\u0131n b\u00fcy\u00fck yazar\u0131, \u00f6mr\u00fcn\u00fcn son otuz y\u0131l\u0131nda kendini t\u00fcm\u00fcyle kuramsal \u00e7al\u0131\u015fmalara vermi\u015f, insan,<span class=\"excerpt-hellip\"> [\u2026]<\/span><\/p>\n","protected":false},"featured_media":0,"template":"","meta":{"_monsterinsights_skip_tracking":false,"_monsterinsights_sitenote_active":false,"_monsterinsights_sitenote_note":"","_monsterinsights_sitenote_category":0},"product_brand":[],"product_cat":[12312,12304],"product_tag":[],"class_list":{"0":"post-689886","1":"product","2":"type-product","3":"status-publish","5":"product_cat-diger","6":"product_cat-tarih","7":"pa_cilt-ciltsiz","8":"pa_tur-kitap","9":"pa_yayinevi-is-bankasi-kultur-yayinlari","10":"pa_yazar-lev-nikolayevic-tolstoy","12":"first","13":"instock","14":"sale","15":"shipping-taxable","16":"purchasable","17":"product-type-simple"},"_links":{"self":[{"href":"https:\/\/roveyayinevi.com.tr\/index.php\/wp-json\/wp\/v2\/product\/689886","targetHints":{"allow":["GET"]}}],"collection":[{"href":"https:\/\/roveyayinevi.com.tr\/index.php\/wp-json\/wp\/v2\/product"}],"about":[{"href":"https:\/\/roveyayinevi.com.tr\/index.php\/wp-json\/wp\/v2\/types\/product"}],"wp:attachment":[{"href":"https:\/\/roveyayinevi.com.tr\/index.php\/wp-json\/wp\/v2\/media?parent=689886"}],"wp:term":[{"taxonomy":"product_brand","embeddable":true,"href":"https:\/\/roveyayinevi.com.tr\/index.php\/wp-json\/wp\/v2\/product_brand?post=689886"},{"taxonomy":"product_cat","embeddable":true,"href":"https:\/\/roveyayinevi.com.tr\/index.php\/wp-json\/wp\/v2\/product_cat?post=689886"},{"taxonomy":"product_tag","embeddable":true,"href":"https:\/\/roveyayinevi.com.tr\/index.php\/wp-json\/wp\/v2\/product_tag?post=689886"}],"curies":[{"name":"wp","href":"https:\/\/api.w.org\/{rel}","templated":true}]}}