{"id":689885,"date":"2025-08-27T13:48:47","date_gmt":"2025-08-27T10:48:47","guid":{"rendered":"https:\/\/roveyayinevi.com.tr\/index.php\/urun\/suyu-bulandiran-kiz\/"},"modified":"2026-04-16T01:59:26","modified_gmt":"2026-04-15T22:59:26","slug":"suyu-bulandiran-kiz","status":"publish","type":"product","link":"https:\/\/roveyayinevi.com.tr\/index.php\/urun\/suyu-bulandiran-kiz\/","title":{"rendered":"Suyu Buland\u0131ran K\u0131z"},"content":{"rendered":"<p>Honore de Balzac (1799-1850): Fransa&#8217;n\u0131n 19. y\u00fczy\u0131ldaki sosyal yap\u0131s\u0131n\u0131n tarihsel bir tablosunu \u00e7\u0131kard\u0131\u011f\u0131 eski ve yeni romanlar\u0131n\u0131 1830&#8217;dan sonra \u0130nsanl\u0131k Komedyas\u0131 ba\u015fl\u0131\u011f\u0131 alt\u0131nda toplam\u0131\u015ft\u0131r. Suyu Buland\u0131ran K\u0131z bu an\u0131tsal eserin T\u00f6re \u0130ncelemeleri k\u0131sm\u0131n\u0131n Ta\u015fa Ya\u015fam\u0131ndan Sahneler b\u00f6l\u00fcm\u00fcnde yer almaktad\u0131r. Edebi ger\u00e7ekli\u00e7ili\u011fin en b\u00fcy\u00fck yazarlar\u0131ndan biri olan Balzac, roman\u0131ndaki kahramanlar\u0131n bireysel \u00f6zelliklerini, tutum ve davran\u0131\u015flar\u0131ndan giyim ku\u015fmalar\u0131na kadar ayr\u0131nt\u0131l\u0131 olarak tasvir etmektedir. Balzac, Suyu Buland\u0131ran K\u0131z&#8217;da toplumsal \u00e7alkant\u0131 d\u00f6nemlerinde ya\u015fam\u0131n zorluklar\u0131n\u0131, b\u00fct\u00fcn \u00e7\u0131plakl\u0131\u011f\u0131yla ortaya \u00e7\u0131kan bencillikleri, h\u0131rslar\u0131 ve tutkular\u0131 sergilemektedir. <\/p>\n","protected":false},"excerpt":{"rendered":"<p>Honore de Balzac (1799-1850): Fransa&#8217;n\u0131n 19. y\u00fczy\u0131ldaki sosyal yap\u0131s\u0131n\u0131n tarihsel bir tablosunu \u00e7\u0131kard\u0131\u011f\u0131 eski ve yeni romanlar\u0131n\u0131 1830&#8217;dan sonra \u0130nsanl\u0131k Komedyas\u0131 ba\u015fl\u0131\u011f\u0131 alt\u0131nda toplam\u0131\u015ft\u0131r. Suyu Buland\u0131ran<span class=\"excerpt-hellip\"> [\u2026]<\/span><\/p>\n","protected":false},"featured_media":0,"template":"","meta":{"_monsterinsights_skip_tracking":false,"_monsterinsights_sitenote_active":false,"_monsterinsights_sitenote_note":"","_monsterinsights_sitenote_category":0},"product_brand":[],"product_cat":[12291,13376],"product_tag":[],"class_list":{"0":"post-689885","1":"product","2":"type-product","3":"status-publish","5":"product_cat-edebiyat","6":"product_cat-fransiz-edebiyati","7":"pa_cilt-ciltsiz","8":"pa_tur-kitap","9":"pa_yayinevi-is-bankasi-kultur-yayinlari","10":"pa_yazar-honore-de-balzac","12":"first","13":"instock","14":"sale","15":"shipping-taxable","16":"purchasable","17":"product-type-simple"},"_links":{"self":[{"href":"https:\/\/roveyayinevi.com.tr\/index.php\/wp-json\/wp\/v2\/product\/689885","targetHints":{"allow":["GET"]}}],"collection":[{"href":"https:\/\/roveyayinevi.com.tr\/index.php\/wp-json\/wp\/v2\/product"}],"about":[{"href":"https:\/\/roveyayinevi.com.tr\/index.php\/wp-json\/wp\/v2\/types\/product"}],"wp:attachment":[{"href":"https:\/\/roveyayinevi.com.tr\/index.php\/wp-json\/wp\/v2\/media?parent=689885"}],"wp:term":[{"taxonomy":"product_brand","embeddable":true,"href":"https:\/\/roveyayinevi.com.tr\/index.php\/wp-json\/wp\/v2\/product_brand?post=689885"},{"taxonomy":"product_cat","embeddable":true,"href":"https:\/\/roveyayinevi.com.tr\/index.php\/wp-json\/wp\/v2\/product_cat?post=689885"},{"taxonomy":"product_tag","embeddable":true,"href":"https:\/\/roveyayinevi.com.tr\/index.php\/wp-json\/wp\/v2\/product_tag?post=689885"}],"curies":[{"name":"wp","href":"https:\/\/api.w.org\/{rel}","templated":true}]}}