{"id":689884,"date":"2025-08-27T13:48:46","date_gmt":"2025-08-27T10:48:46","guid":{"rendered":"https:\/\/roveyayinevi.com.tr\/index.php\/urun\/sokratesin-savunmasi\/"},"modified":"2026-04-16T01:59:26","modified_gmt":"2026-04-15T22:59:26","slug":"sokratesin-savunmasi","status":"publish","type":"product","link":"https:\/\/roveyayinevi.com.tr\/index.php\/urun\/sokratesin-savunmasi\/","title":{"rendered":"Sokrates&#8217;in Savunmas\u0131"},"content":{"rendered":"<p>Platon (M\u00d6 yakla\u015f\u0131k 428-M\u00d6 yakla\u015f\u0131k 348): Bug\u00fcnk\u00fc \u00fcniversitenin atas\u0131 say\u0131lan Akademia\u2019n\u0131n kurucusu ve hocas\u0131 Sokrates\u2019i konu\u015fturdu\u011fu diyaloglarla felsefeyi yaz\u0131ya en iyi aktarm\u0131\u015f ustalardan biridir. Bu kitapta birbirini tamamlayan d\u00f6rt diyalog yer almaktad\u0131r. \u0130lk diyalog olan Euthyphron\u2019da yarg\u0131lan\u0131\u015f\u0131n\u0131n \u00f6ncesi anlat\u0131l\u0131r ve dinsizlikle su\u00e7lanan Sokrates\u2019in inan\u00e7lar\u0131 hakk\u0131nda bilgi verilir. Sokrates\u2019in Savunmas\u0131\u2019nda ise yarg\u0131 s\u00fcreci anlat\u0131lmaktad\u0131r. Kriton\u2019da h\u00fck\u00fcm sonras\u0131 anlat\u0131l\u0131r, bir yurtta\u015f\u0131n sayg\u0131 duymas\u0131 gereken ilkeler tart\u0131\u015f\u0131l\u0131r. Platon\u2019un en \u015fiirsel eserlerinden biri olan Phaidon\u2019daysa Sokrates\u2019in son g\u00fcn\u00fc anlat\u0131l\u0131rken ruh hakk\u0131ndaki d\u00fc\u015f\u00fcnceleri yans\u0131t\u0131lmaktad\u0131r. <\/p>\n","protected":false},"excerpt":{"rendered":"<p>Platon (M\u00d6 yakla\u015f\u0131k 428-M\u00d6 yakla\u015f\u0131k 348): Bug\u00fcnk\u00fc \u00fcniversitenin atas\u0131 say\u0131lan Akademia\u2019n\u0131n kurucusu ve hocas\u0131 Sokrates\u2019i konu\u015fturdu\u011fu diyaloglarla felsefeyi yaz\u0131ya en iyi aktarm\u0131\u015f ustalardan biridir. Bu kitapta<span class=\"excerpt-hellip\"> [\u2026]<\/span><\/p>\n","protected":false},"featured_media":0,"template":"","meta":{"_monsterinsights_skip_tracking":false,"_monsterinsights_sitenote_active":false,"_monsterinsights_sitenote_note":"","_monsterinsights_sitenote_category":0},"product_brand":[],"product_cat":[13835],"product_tag":[],"class_list":{"0":"post-689884","1":"product","2":"type-product","3":"status-publish","5":"product_cat-cok-satanlar","6":"pa_cilt-ciltsiz","7":"pa_tur-kitap","8":"pa_yayinevi-is-bankasi-kultur-yayinlari","9":"pa_yazar-platon-eflatun","11":"first","12":"instock","13":"sale","14":"shipping-taxable","15":"purchasable","16":"product-type-simple"},"_links":{"self":[{"href":"https:\/\/roveyayinevi.com.tr\/index.php\/wp-json\/wp\/v2\/product\/689884","targetHints":{"allow":["GET"]}}],"collection":[{"href":"https:\/\/roveyayinevi.com.tr\/index.php\/wp-json\/wp\/v2\/product"}],"about":[{"href":"https:\/\/roveyayinevi.com.tr\/index.php\/wp-json\/wp\/v2\/types\/product"}],"wp:attachment":[{"href":"https:\/\/roveyayinevi.com.tr\/index.php\/wp-json\/wp\/v2\/media?parent=689884"}],"wp:term":[{"taxonomy":"product_brand","embeddable":true,"href":"https:\/\/roveyayinevi.com.tr\/index.php\/wp-json\/wp\/v2\/product_brand?post=689884"},{"taxonomy":"product_cat","embeddable":true,"href":"https:\/\/roveyayinevi.com.tr\/index.php\/wp-json\/wp\/v2\/product_cat?post=689884"},{"taxonomy":"product_tag","embeddable":true,"href":"https:\/\/roveyayinevi.com.tr\/index.php\/wp-json\/wp\/v2\/product_tag?post=689884"}],"curies":[{"name":"wp","href":"https:\/\/api.w.org\/{rel}","templated":true}]}}