{"id":689883,"date":"2025-08-27T13:48:46","date_gmt":"2025-08-27T10:48:46","guid":{"rendered":"https:\/\/roveyayinevi.com.tr\/index.php\/urun\/mariannein-kalbi\/"},"modified":"2026-04-16T01:59:26","modified_gmt":"2026-04-15T22:59:26","slug":"mariannein-kalbi","status":"publish","type":"product","link":"https:\/\/roveyayinevi.com.tr\/index.php\/urun\/mariannein-kalbi\/","title":{"rendered":"Marianne\u2019in Kalbi"},"content":{"rendered":"<p>Alfred de Musset (1810-1857): \u0130lk \u015fiirleri yirmi ya\u015f\u0131nda yay\u0131mlanan sanat\u00e7\u0131, daha sonra oyun, roman ve \u00f6yk\u00fcler yazsa da \u015fair olarak \u00fcn kazand\u0131. Oyunlar\u0131n\u0131 sahnelenmek \u00fczere de\u011fil, daha \u00e7ok okunmas\u0131 i\u00e7in yazd\u0131. Bununla birlikte g\u00fcn\u00fcm\u00fczde dahi sahneye konulan oyunlar\u0131 eserlerinin ta\u015f\u0131d\u0131\u011f\u0131 dramatik de\u011feri kan\u0131tlamaktad\u0131r. Dili ve duygular\u0131ndaki i\u00e7tenlik, seyirciyi kavrayan bir \u015fiir ve r\u00fcya havas\u0131 oyunlar\u0131n\u0131n hep canl\u0131 ve yeni kalmas\u0131n\u0131 sa\u011flam\u0131\u015ft\u0131r. Marianne\u2019in Kalbi, Alfred de Musset\u2019nin \u00e7ok be\u011fenilen ve en s\u0131k oynanan birka\u00e7 dram\u0131ndan biridir. Yazar\u0131n tiyatro anlay\u0131\u015f\u0131n\u0131n iyi bir \u00f6rne\u011fi olan bu oyun romantik Frans\u0131z dram\u0131n\u0131n yapmac\u0131\u011fa ka\u00e7mayan, bu y\u00fczden eskimeyen eserleri aras\u0131nda yer al\u0131r. \ufffcTan\u0131t\u0131m Metni<\/p>\n","protected":false},"excerpt":{"rendered":"<p>Alfred de Musset (1810-1857): \u0130lk \u015fiirleri yirmi ya\u015f\u0131nda yay\u0131mlanan sanat\u00e7\u0131, daha sonra oyun, roman ve \u00f6yk\u00fcler yazsa da \u015fair olarak \u00fcn kazand\u0131. Oyunlar\u0131n\u0131 sahnelenmek \u00fczere de\u011fil,<span class=\"excerpt-hellip\"> [\u2026]<\/span><\/p>\n","protected":false},"featured_media":0,"template":"","meta":{"_monsterinsights_skip_tracking":false,"_monsterinsights_sitenote_active":false,"_monsterinsights_sitenote_note":"","_monsterinsights_sitenote_category":0},"product_brand":[],"product_cat":[12291,13376],"product_tag":[],"class_list":{"0":"post-689883","1":"product","2":"type-product","3":"status-publish","5":"product_cat-edebiyat","6":"product_cat-fransiz-edebiyati","7":"pa_cilt-ciltsiz","8":"pa_tur-kitap","9":"pa_yayinevi-is-bankasi-kultur-yayinlari","10":"pa_yazar-alfred-de-musset","12":"first","13":"instock","14":"sale","15":"shipping-taxable","16":"purchasable","17":"product-type-simple"},"_links":{"self":[{"href":"https:\/\/roveyayinevi.com.tr\/index.php\/wp-json\/wp\/v2\/product\/689883","targetHints":{"allow":["GET"]}}],"collection":[{"href":"https:\/\/roveyayinevi.com.tr\/index.php\/wp-json\/wp\/v2\/product"}],"about":[{"href":"https:\/\/roveyayinevi.com.tr\/index.php\/wp-json\/wp\/v2\/types\/product"}],"wp:attachment":[{"href":"https:\/\/roveyayinevi.com.tr\/index.php\/wp-json\/wp\/v2\/media?parent=689883"}],"wp:term":[{"taxonomy":"product_brand","embeddable":true,"href":"https:\/\/roveyayinevi.com.tr\/index.php\/wp-json\/wp\/v2\/product_brand?post=689883"},{"taxonomy":"product_cat","embeddable":true,"href":"https:\/\/roveyayinevi.com.tr\/index.php\/wp-json\/wp\/v2\/product_cat?post=689883"},{"taxonomy":"product_tag","embeddable":true,"href":"https:\/\/roveyayinevi.com.tr\/index.php\/wp-json\/wp\/v2\/product_tag?post=689883"}],"curies":[{"name":"wp","href":"https:\/\/api.w.org\/{rel}","templated":true}]}}