{"id":689881,"date":"2025-08-27T13:48:46","date_gmt":"2025-08-27T10:48:46","guid":{"rendered":"https:\/\/roveyayinevi.com.tr\/index.php\/urun\/mahkeme-kayitlari-isiginda-17-yuzyil-istanbulunda-sosyo-ekonomik-yasam-cilt-4-social-and-economic-life-in-seveteenth-centu\/"},"modified":"2026-04-16T01:59:26","modified_gmt":"2026-04-15T22:59:26","slug":"mahkeme-kayitlari-isiginda-17-yuzyil-istanbulunda-sosyo-ekonomik-yasam-cilt-4-social-and-economic-life-in-seveteenth-centu","status":"publish","type":"product","link":"https:\/\/roveyayinevi.com.tr\/index.php\/urun\/mahkeme-kayitlari-isiginda-17-yuzyil-istanbulunda-sosyo-ekonomik-yasam-cilt-4-social-and-economic-life-in-seveteenth-centu\/","title":{"rendered":"Mahkeme Kay\u0131tlar\u0131 I\u015f\u0131\u011f\u0131nda 17. Y\u00fczy\u0131l \u0130stanbul\u2019unda Sosyo-Ekonomik Ya\u015fam Cilt 4 \/ Social and Economic Life In Seveteenth &#8211; Centu"},"content":{"rendered":"<p>Modern k\u00fcresel ekonomik sistemin geli\u015fmeye ba\u015flad\u0131\u011f\u0131 17. Y\u00fczy\u0131lda Do\u011fu Akdeniz\u2019de sosyo ekonomik ya\u015fam\u0131n kurumsal temelleri nelerdi? B\u00f6lge ekonomisinin geleneksel kurumlar\u0131 de\u011fi\u015fmekte miydi? 2003\u2019te ba\u015flayan ve bu sorular\u0131n y\u00f6nlendirdi\u011fi bir veri derleme projesi, sa\u011fl\u0131kl\u0131 yan\u0131tlar geli\u015ftirmeye yard\u0131mc\u0131 olacak \u00f6zg\u00fcn kaynaklar i\u00e7eren bu \u00e7al\u0131\u015fmayla sonu\u00e7land\u0131. On ciltlik bu yap\u0131t, Osmanl\u0131 \u0130mparatorlu\u011fu\u2019nun ba\u015fkenti ve Do\u011fu Akdeniz\u2019in ticari merkezi olan \u0130stanbul\u2019un o d\u00f6neme ait 15 \u015fer\u2019i mahkeme defterindeki binlerce h\u00fckm\u00fcn g\u00fcn\u00fcm\u00fcz yaz\u0131s\u0131na aktar\u0131lmas\u0131, T\u00fcrk\u00e7e ile \u0130ngilizce \u00f6zetlerinin haz\u0131rlanmas\u0131 ve yedi ana ba\u015fl\u0131kta tasnif edilmesiyle ortaya \u00e7\u0131kt\u0131. Konu Cilt Loncalar ve Esnaf 1 H\u0131ristiyan ve Yahudi Cemaat \u0130\u015fleri 1 Yabanc\u0131lar \/ Foreigners 1 Ticari Ortakl\u0131klar 2 Devlet-Toplum \u0130li\u015fkileri, Vergi Dahil 3-4 Vak\u0131flar 5-6-7-8 Kredi Piyasalar\u0131 ve Faiz Uygulamalar\u0131 9-10 In the seventeenth century, when the the modern global economy began to take shape, what institutions governed socio-economic life in the Eastern Mediterranean? Were the region&#8217;s traditional economic institutions in flux? This ten-volume set, the culmination of a data-gathering project started in 2003, presents original historical sources that can help to generate sound answers. The set contains transliterations, along with turkish and english summaries,of thousands of cases found in 15 seventeenth-century Islamic court regiters from Istanbul,then the capital of the Ottoman Empire and the commercial center of the Eastern Mediterranean.The cases are grouped under seven topical headings Topic Volume Guilds and Guildsmen 1 Communal Affairs of Christians and Jews 1 foreigners 1 Commercial Partnerships 2 State-Individual Relations,including Taxation 3-4 Wagfs 5-6-7-8 Credit Markets and Used of Interest 9-10 \ufffcTan\u0131t\u0131m Metni<\/p>\n","protected":false},"excerpt":{"rendered":"<p>Modern k\u00fcresel ekonomik sistemin geli\u015fmeye ba\u015flad\u0131\u011f\u0131 17. Y\u00fczy\u0131lda Do\u011fu Akdeniz\u2019de sosyo ekonomik ya\u015fam\u0131n kurumsal temelleri nelerdi? B\u00f6lge ekonomisinin geleneksel kurumlar\u0131 de\u011fi\u015fmekte miydi? 2003\u2019te ba\u015flayan ve bu<span class=\"excerpt-hellip\"> [\u2026]<\/span><\/p>\n","protected":false},"featured_media":0,"template":"","meta":{"_monsterinsights_skip_tracking":false,"_monsterinsights_sitenote_active":false,"_monsterinsights_sitenote_note":"","_monsterinsights_sitenote_category":0},"product_brand":[],"product_cat":[12305,12304],"product_tag":[],"class_list":{"0":"post-689881","1":"product","2":"type-product","3":"status-publish","5":"product_cat-dunya-tarihi","6":"product_cat-tarih","7":"pa_cilt-ciltli","8":"pa_tur-kitap","9":"pa_yayinevi-is-bankasi-kultur-yayinlari","10":"pa_yazar-timur-kuran","12":"first","13":"instock","14":"sale","15":"shipping-taxable","16":"purchasable","17":"product-type-simple"},"_links":{"self":[{"href":"https:\/\/roveyayinevi.com.tr\/index.php\/wp-json\/wp\/v2\/product\/689881","targetHints":{"allow":["GET"]}}],"collection":[{"href":"https:\/\/roveyayinevi.com.tr\/index.php\/wp-json\/wp\/v2\/product"}],"about":[{"href":"https:\/\/roveyayinevi.com.tr\/index.php\/wp-json\/wp\/v2\/types\/product"}],"wp:attachment":[{"href":"https:\/\/roveyayinevi.com.tr\/index.php\/wp-json\/wp\/v2\/media?parent=689881"}],"wp:term":[{"taxonomy":"product_brand","embeddable":true,"href":"https:\/\/roveyayinevi.com.tr\/index.php\/wp-json\/wp\/v2\/product_brand?post=689881"},{"taxonomy":"product_cat","embeddable":true,"href":"https:\/\/roveyayinevi.com.tr\/index.php\/wp-json\/wp\/v2\/product_cat?post=689881"},{"taxonomy":"product_tag","embeddable":true,"href":"https:\/\/roveyayinevi.com.tr\/index.php\/wp-json\/wp\/v2\/product_tag?post=689881"}],"curies":[{"name":"wp","href":"https:\/\/api.w.org\/{rel}","templated":true}]}}