{"id":689879,"date":"2025-08-27T13:48:45","date_gmt":"2025-08-27T10:48:45","guid":{"rendered":"https:\/\/roveyayinevi.com.tr\/index.php\/urun\/medea-latince-turkce-seneca\/"},"modified":"2026-04-14T02:00:02","modified_gmt":"2026-04-13T23:00:02","slug":"medea-latince-turkce-seneca","status":"publish","type":"product","link":"https:\/\/roveyayinevi.com.tr\/index.php\/urun\/medea-latince-turkce-seneca\/","title":{"rendered":"Medea Latince &#8211; T\u00fcrk\u00e7e (Seneca)"},"content":{"rendered":"<p>Seneca (M\u00d6 4 &#8211; MS 65): Devlet adam\u0131 ve filozoflu\u011funun yan\u0131 s\u0131ra Roma tarihinin en \u00f6nemli s\u00f6ylev ustalar\u0131ndan biri ve tragedya yazar\u0131d\u0131r. Antik Yunan tragedyalar\u0131na ait temalar\u0131 Roma&#8217;ya \u00f6zg\u00fc s\u00fcslemelerle bir kez daha ele alm\u0131\u015ft\u0131r. Sahneye konmak i\u00e7in de\u011fil, daha \u00e7ok okunmak i\u00e7in yaz\u0131lan bu tragedyalar 16. y\u00fczy\u0131lda \u0130talyan h\u00fcmanistleri taraf\u0131ndan yeniden ke\u015ffedilmi\u015f, R\u00f6nesans yazarlar\u0131na \u00f6rnek olu\u015fturmu\u015ftur. Medea ise, \u00e7evirmeninin de vurgusuyla antik\u00e7a\u011f a\u015fk\u0131n\u0131n kara \u00e7\u0131\u011fl\u0131\u011f\u0131 , a\u015fk ve ihanet \u00fczerine bir ba\u015fyap\u0131tt\u0131r. \u00c7i\u011fdem D\u00fcr\u00fc\u015fken: \u0130\u00dc Edebiyat Fak\u00fcltesi latin Dili ve Edebiyat\u0131 \u00f6\u011fretim \u00fcyesidir. Augustinus, Seneca, Obvidus ve Cicero&#8217;dan, Alciatus, Ersmus, More, Canpanella ve Bacon&#8217;a kadar bir\u00e7ok \u00fcnl\u00fc yazar ve \u015fairin ba\u015fyap\u0131tlar\u0131n\u0131 T\u00fcrk\u00e7eye kazand\u0131rm\u0131\u015ft\u0131r. Pek \u00e7ok telif eserinin aras\u0131nda Roma&#8217;n\u0131n Gizem Dinleri, Paulus&#8217;un Kutsal G\u00f6rev Gezileri ve Anadolu Halklar\u0131na Mektuplar\u0131 da bulunmaktad\u0131r. \ufffc<\/p>\n","protected":false},"excerpt":{"rendered":"<p>Seneca (M\u00d6 4 &#8211; MS 65): Devlet adam\u0131 ve filozoflu\u011funun yan\u0131 s\u0131ra Roma tarihinin en \u00f6nemli s\u00f6ylev ustalar\u0131ndan biri ve tragedya yazar\u0131d\u0131r. Antik Yunan tragedyalar\u0131na ait<span class=\"excerpt-hellip\"> [\u2026]<\/span><\/p>\n","protected":false},"featured_media":0,"template":"","meta":{"_monsterinsights_skip_tracking":false,"_monsterinsights_sitenote_active":false,"_monsterinsights_sitenote_note":"","_monsterinsights_sitenote_category":0},"product_brand":[],"product_cat":[12291,14272],"product_tag":[],"class_list":{"0":"post-689879","1":"product","2":"type-product","3":"status-publish","5":"product_cat-edebiyat","6":"product_cat-tiyatro","7":"pa_cilt-ciltsiz","8":"pa_tur-kitap","9":"pa_yayinevi-is-bankasi-kultur-yayinlari","10":"pa_yazar-lucius-annaeus-seneca","12":"first","13":"instock","14":"sale","15":"shipping-taxable","16":"purchasable","17":"product-type-simple"},"_links":{"self":[{"href":"https:\/\/roveyayinevi.com.tr\/index.php\/wp-json\/wp\/v2\/product\/689879","targetHints":{"allow":["GET"]}}],"collection":[{"href":"https:\/\/roveyayinevi.com.tr\/index.php\/wp-json\/wp\/v2\/product"}],"about":[{"href":"https:\/\/roveyayinevi.com.tr\/index.php\/wp-json\/wp\/v2\/types\/product"}],"wp:attachment":[{"href":"https:\/\/roveyayinevi.com.tr\/index.php\/wp-json\/wp\/v2\/media?parent=689879"}],"wp:term":[{"taxonomy":"product_brand","embeddable":true,"href":"https:\/\/roveyayinevi.com.tr\/index.php\/wp-json\/wp\/v2\/product_brand?post=689879"},{"taxonomy":"product_cat","embeddable":true,"href":"https:\/\/roveyayinevi.com.tr\/index.php\/wp-json\/wp\/v2\/product_cat?post=689879"},{"taxonomy":"product_tag","embeddable":true,"href":"https:\/\/roveyayinevi.com.tr\/index.php\/wp-json\/wp\/v2\/product_tag?post=689879"}],"curies":[{"name":"wp","href":"https:\/\/api.w.org\/{rel}","templated":true}]}}