{"id":689878,"date":"2025-08-27T13:48:45","date_gmt":"2025-08-27T10:48:45","guid":{"rendered":"https:\/\/roveyayinevi.com.tr\/index.php\/urun\/macbeth\/"},"modified":"2026-04-16T01:59:26","modified_gmt":"2026-04-15T22:59:26","slug":"macbeth","status":"publish","type":"product","link":"https:\/\/roveyayinevi.com.tr\/index.php\/urun\/macbeth\/","title":{"rendered":"Macbeth"},"content":{"rendered":"<p>William Shakespeare (1564-1616): Oyunlar\u0131 ve \u015fiirlerinde insanl\u0131k durumlar\u0131n\u0131 dile getiri\u015f g\u00fcc\u00fcyle yakla\u015f\u0131k 400 y\u0131ld\u0131r b\u00fct\u00fcn d\u00fcnya okur ve seyircilerini etkilemeyi s\u00fcrd\u00fcren bu efsanevi yazar, b\u00fcy\u00fck olas\u0131l\u0131kla 1606 y\u0131l\u0131nda yazd\u0131\u011f\u0131 Macbeth\u2019le y\u00fckselme arzusu ve politik h\u0131rs\u0131n ki\u015fiyi neye d\u00f6n\u00fc\u015ft\u00fcrebilece\u011fini d\u00fcn\u00fc, bug\u00fcn\u00fc ve yar\u0131n\u0131 kapsayacak bir derinlikle \u00f6ng\u00f6rm\u00fc\u015ft\u00fcr. Sabahattin Ey\u00fcbo\u011flu (1990-1973): Hasan \u00c2li Y\u00fccel&#8217;in kurdu\u011fu Terc\u00fcme B\u00fcrosu&#8217;nun ba\u015fkan yard\u0131mc\u0131s\u0131 ve Cumhuriyet d\u00f6neminin en \u00f6nemli k\u00fclt\u00fcr insanlar\u0131ndan biriydi. Tek ba\u015f\u0131na ya da imece usul\u00fc yapt\u0131\u011f\u0131 \u00e7eviriler, Hayyam&#8217;dan Montaigne&#8217;e, Platon&#8217;dan Shakespeare&#8217;w kadar, d\u00fcnya k\u00fclt\u00fcr\u00fcn\u00fcn doruk adlar\u0131ndand\u0131. <\/p>\n","protected":false},"excerpt":{"rendered":"<p>William Shakespeare (1564-1616): Oyunlar\u0131 ve \u015fiirlerinde insanl\u0131k durumlar\u0131n\u0131 dile getiri\u015f g\u00fcc\u00fcyle yakla\u015f\u0131k 400 y\u0131ld\u0131r b\u00fct\u00fcn d\u00fcnya okur ve seyircilerini etkilemeyi s\u00fcrd\u00fcren bu efsanevi yazar, b\u00fcy\u00fck olas\u0131l\u0131kla<span class=\"excerpt-hellip\"> [\u2026]<\/span><\/p>\n","protected":false},"featured_media":0,"template":"","meta":{"_monsterinsights_skip_tracking":false,"_monsterinsights_sitenote_active":false,"_monsterinsights_sitenote_note":"","_monsterinsights_sitenote_category":0},"product_brand":[],"product_cat":[12291,14272],"product_tag":[],"class_list":{"0":"post-689878","1":"product","2":"type-product","3":"status-publish","5":"product_cat-edebiyat","6":"product_cat-tiyatro","7":"pa_cilt-ciltsiz","8":"pa_tur-kitap","9":"pa_yayinevi-is-bankasi-kultur-yayinlari","10":"pa_yazar-william-shakespeare","12":"first","13":"instock","14":"sale","15":"shipping-taxable","16":"purchasable","17":"product-type-simple"},"_links":{"self":[{"href":"https:\/\/roveyayinevi.com.tr\/index.php\/wp-json\/wp\/v2\/product\/689878","targetHints":{"allow":["GET"]}}],"collection":[{"href":"https:\/\/roveyayinevi.com.tr\/index.php\/wp-json\/wp\/v2\/product"}],"about":[{"href":"https:\/\/roveyayinevi.com.tr\/index.php\/wp-json\/wp\/v2\/types\/product"}],"wp:attachment":[{"href":"https:\/\/roveyayinevi.com.tr\/index.php\/wp-json\/wp\/v2\/media?parent=689878"}],"wp:term":[{"taxonomy":"product_brand","embeddable":true,"href":"https:\/\/roveyayinevi.com.tr\/index.php\/wp-json\/wp\/v2\/product_brand?post=689878"},{"taxonomy":"product_cat","embeddable":true,"href":"https:\/\/roveyayinevi.com.tr\/index.php\/wp-json\/wp\/v2\/product_cat?post=689878"},{"taxonomy":"product_tag","embeddable":true,"href":"https:\/\/roveyayinevi.com.tr\/index.php\/wp-json\/wp\/v2\/product_tag?post=689878"}],"curies":[{"name":"wp","href":"https:\/\/api.w.org\/{rel}","templated":true}]}}