{"id":689877,"date":"2025-08-27T13:48:45","date_gmt":"2025-08-27T10:48:45","guid":{"rendered":"https:\/\/roveyayinevi.com.tr\/index.php\/urun\/satrancta-kazandiran-oyun-sonlari\/"},"modified":"2026-04-16T01:59:26","modified_gmt":"2026-04-15T22:59:26","slug":"satrancta-kazandiran-oyun-sonlari","status":"publish","type":"product","link":"https:\/\/roveyayinevi.com.tr\/index.php\/urun\/satrancta-kazandiran-oyun-sonlari\/","title":{"rendered":"Satran\u00e7ta Kazand\u0131ran Oyun Sonlar\u0131"},"content":{"rendered":"<p>Oyunsonuna ili\u015fkin deneyiminiz artt\u0131k\u00e7a oyun ortas\u0131ndaki ba\u015far\u0131n\u0131z da artar. Oyunsonuyla ilgili bilginizi geni\u015fletmek, oyununuzu t\u00fcm\u00fcyle geli\u015ftirir. \ufffcTan\u0131t\u0131m Metni<\/p>\n","protected":false},"excerpt":{"rendered":"<p>Oyunsonuna ili\u015fkin deneyiminiz artt\u0131k\u00e7a oyun ortas\u0131ndaki ba\u015far\u0131n\u0131z da artar. Oyunsonuyla ilgili bilginizi geni\u015fletmek, oyununuzu t\u00fcm\u00fcyle geli\u015ftirir. \ufffcTan\u0131t\u0131m Metni<\/p>\n","protected":false},"featured_media":0,"template":"","meta":{"_monsterinsights_skip_tracking":false,"_monsterinsights_sitenote_active":false,"_monsterinsights_sitenote_note":"","_monsterinsights_sitenote_category":0},"product_brand":[],"product_cat":[12291,14272],"product_tag":[],"class_list":{"0":"post-689877","1":"product","2":"type-product","3":"status-publish","5":"product_cat-edebiyat","6":"product_cat-tiyatro","7":"pa_cilt-ciltsiz","8":"pa_tur-kitap","9":"pa_yayinevi-is-bankasi-kultur-yayinlari","10":"pa_yazar-yasser-seirawan","12":"first","13":"instock","14":"sale","15":"shipping-taxable","16":"purchasable","17":"product-type-simple"},"_links":{"self":[{"href":"https:\/\/roveyayinevi.com.tr\/index.php\/wp-json\/wp\/v2\/product\/689877","targetHints":{"allow":["GET"]}}],"collection":[{"href":"https:\/\/roveyayinevi.com.tr\/index.php\/wp-json\/wp\/v2\/product"}],"about":[{"href":"https:\/\/roveyayinevi.com.tr\/index.php\/wp-json\/wp\/v2\/types\/product"}],"wp:attachment":[{"href":"https:\/\/roveyayinevi.com.tr\/index.php\/wp-json\/wp\/v2\/media?parent=689877"}],"wp:term":[{"taxonomy":"product_brand","embeddable":true,"href":"https:\/\/roveyayinevi.com.tr\/index.php\/wp-json\/wp\/v2\/product_brand?post=689877"},{"taxonomy":"product_cat","embeddable":true,"href":"https:\/\/roveyayinevi.com.tr\/index.php\/wp-json\/wp\/v2\/product_cat?post=689877"},{"taxonomy":"product_tag","embeddable":true,"href":"https:\/\/roveyayinevi.com.tr\/index.php\/wp-json\/wp\/v2\/product_tag?post=689877"}],"curies":[{"name":"wp","href":"https:\/\/api.w.org\/{rel}","templated":true}]}}