{"id":689876,"date":"2025-08-27T13:48:45","date_gmt":"2025-08-27T10:48:45","guid":{"rendered":"https:\/\/roveyayinevi.com.tr\/index.php\/urun\/satrancta-kazandiran-oyun-felsefesi\/"},"modified":"2026-04-16T01:59:26","modified_gmt":"2026-04-15T22:59:26","slug":"satrancta-kazandiran-oyun-felsefesi","status":"publish","type":"product","link":"https:\/\/roveyayinevi.com.tr\/index.php\/urun\/satrancta-kazandiran-oyun-felsefesi\/","title":{"rendered":"Satran\u00e7ta Kazand\u0131ran Oyun Felsefesi"},"content":{"rendered":"<p>Bu kitab\u0131n ger\u00e7ek amac\u0131, Seirawan metodunun d\u00f6rt ana ilkesini \u00f6\u011frenmenizi sa\u011flamakt\u0131r: kuvvet, zaman, alan ve piyon yap\u0131lanmas\u0131. Bunlar anla\u015f\u0131lmas\u0131 kolay ilkelerdir ve her biri elinizde g\u00fc\u00e7l\u00fc birer silaha d\u00f6n\u00fc\u015ferek kar\u015f\u0131m\u0131za kim \u00e7\u0131karsa \u00e7\u0131ks\u0131n alt etmenizi sa\u011flayacakt\u0131r. Yasser Seirawan Satran\u00e7ta Kazand\u0131ran Oyun Felsefesi, hamlelerinizde cesaret ve yarat\u0131c\u0131l\u0131\u011f\u0131 birle\u015ftirmenizi sa\u011flayacak, heyecan verici bir giri\u015f kitab\u0131d\u0131r. Ta\u015flar\u0131n hareketleri Satran\u00e7ta notasyon Temel kurallar Temel taktikler Ktaptaki \u00f6rnekler, soru-cevap b\u00f6l\u00fcmleri, psikolojik numaralar ve basit oyunlar sayesinde bir yandan e\u011flenirken di\u011fer yandan da \u00e7e\u015fitli stratejileri \u00f6\u011frenecek ve oyunculu\u011funuzu geli\u015ftireceksiniz. Zekice ataklar ve ince savunma hamleleri satran\u00e7 tahtas\u0131n\u0131 sizin i\u00e7in basit bir m\u00fcsabaka alan\u0131 olmaktan \u00e7\u0131karacak ve sanat\u0131n yarat\u0131c\u0131l\u0131\u011f\u0131n\u0131 i\u015fin i\u00e7ine katman\u0131z\u0131 sa\u011flayacak. Unutmay\u0131n! Bu y\u00f6ntemle, Beyaz da oynasan\u0131z, Siyah da oynasan\u0131z avantaj sizde Yasser Seirawan, ABD\u2019nin en y\u00fcksek puanl\u0131 satran\u00e7 oyuncular\u0131ndand\u0131r. Bobby Fischer\u2019den sonra d\u00fcnya \u015fampiyonlu\u011funa aday olan ilk Amerikal\u0131 satran\u00e7\u00e7\u0131d\u0131r. 1989 y\u0131l\u0131nda Bat\u0131 Yar\u0131k\u00fcre \u015eampiyonu olmu\u015f, d\u00f6rt kez ABD \u015fampiyonlu\u011funu kazanm\u0131\u015f, on kez de ABD Satran\u00e7 Olimpiyat\u0131 tak\u0131m\u0131na se\u00e7ilmi\u015ftir. D\u00fcnya \u015fampiyonu Anatoli Karpov ile Gari Kasparov\u2019u yenebilmi\u015f az say\u0131da oyuncudan biri olarak satran\u00e7 d\u00fcnyas\u0131nda se\u00e7kin bir yere sahiptir. \ufffcTan\u0131t\u0131m Metni<\/p>\n","protected":false},"excerpt":{"rendered":"<p>Bu kitab\u0131n ger\u00e7ek amac\u0131, Seirawan metodunun d\u00f6rt ana ilkesini \u00f6\u011frenmenizi sa\u011flamakt\u0131r: kuvvet, zaman, alan ve piyon yap\u0131lanmas\u0131. Bunlar anla\u015f\u0131lmas\u0131 kolay ilkelerdir ve her biri elinizde g\u00fc\u00e7l\u00fc<span class=\"excerpt-hellip\"> [\u2026]<\/span><\/p>\n","protected":false},"featured_media":0,"template":"","meta":{"_monsterinsights_skip_tracking":false,"_monsterinsights_sitenote_active":false,"_monsterinsights_sitenote_note":"","_monsterinsights_sitenote_category":0},"product_brand":[],"product_cat":[12291,15566],"product_tag":[],"class_list":{"0":"post-689876","1":"product","2":"type-product","3":"status-publish","5":"product_cat-edebiyat","6":"product_cat-oyun","7":"pa_cilt-ciltsiz","8":"pa_tur-kitap","9":"pa_yayinevi-is-bankasi-kultur-yayinlari","10":"pa_yazar-yasser-seirawan","12":"first","13":"instock","14":"sale","15":"shipping-taxable","16":"purchasable","17":"product-type-simple"},"_links":{"self":[{"href":"https:\/\/roveyayinevi.com.tr\/index.php\/wp-json\/wp\/v2\/product\/689876","targetHints":{"allow":["GET"]}}],"collection":[{"href":"https:\/\/roveyayinevi.com.tr\/index.php\/wp-json\/wp\/v2\/product"}],"about":[{"href":"https:\/\/roveyayinevi.com.tr\/index.php\/wp-json\/wp\/v2\/types\/product"}],"wp:attachment":[{"href":"https:\/\/roveyayinevi.com.tr\/index.php\/wp-json\/wp\/v2\/media?parent=689876"}],"wp:term":[{"taxonomy":"product_brand","embeddable":true,"href":"https:\/\/roveyayinevi.com.tr\/index.php\/wp-json\/wp\/v2\/product_brand?post=689876"},{"taxonomy":"product_cat","embeddable":true,"href":"https:\/\/roveyayinevi.com.tr\/index.php\/wp-json\/wp\/v2\/product_cat?post=689876"},{"taxonomy":"product_tag","embeddable":true,"href":"https:\/\/roveyayinevi.com.tr\/index.php\/wp-json\/wp\/v2\/product_tag?post=689876"}],"curies":[{"name":"wp","href":"https:\/\/api.w.org\/{rel}","templated":true}]}}