{"id":689875,"date":"2025-08-27T13:48:45","date_gmt":"2025-08-27T10:48:45","guid":{"rendered":"https:\/\/roveyayinevi.com.tr\/index.php\/urun\/satrancta-kazandiran-acilislar\/"},"modified":"2026-04-16T01:59:26","modified_gmt":"2026-04-15T22:59:26","slug":"satrancta-kazandiran-acilislar","status":"publish","type":"product","link":"https:\/\/roveyayinevi.com.tr\/index.php\/urun\/satrancta-kazandiran-acilislar\/","title":{"rendered":"Satran\u00e7ta Kazand\u0131ran A\u00e7\u0131l\u0131\u015flar"},"content":{"rendered":"<p>Seirawan ile Beyaz Siyah Fark Etmez: Avantaj Hep Sizde! Satran\u00e7 oyuncular\u0131n\u0131 en \u00e7ok zorlayan iki nokta: <\/p>\n","protected":false},"excerpt":{"rendered":"<p>Seirawan ile Beyaz Siyah Fark Etmez: Avantaj Hep Sizde! Satran\u00e7 oyuncular\u0131n\u0131 en \u00e7ok zorlayan iki nokta:<\/p>\n","protected":false},"featured_media":0,"template":"","meta":{"_monsterinsights_skip_tracking":false,"_monsterinsights_sitenote_active":false,"_monsterinsights_sitenote_note":"","_monsterinsights_sitenote_category":0},"product_brand":[],"product_cat":[15563,15564],"product_tag":[],"class_list":{"0":"post-689875","1":"product","2":"type-product","3":"status-publish","5":"product_cat-hobi","6":"product_cat-spor","7":"pa_cilt-ciltsiz","8":"pa_tur-kitap","9":"pa_yayinevi-is-bankasi-kultur-yayinlari","10":"pa_yazar-yasser-seirawan","12":"first","13":"instock","14":"sale","15":"shipping-taxable","16":"purchasable","17":"product-type-simple"},"_links":{"self":[{"href":"https:\/\/roveyayinevi.com.tr\/index.php\/wp-json\/wp\/v2\/product\/689875","targetHints":{"allow":["GET"]}}],"collection":[{"href":"https:\/\/roveyayinevi.com.tr\/index.php\/wp-json\/wp\/v2\/product"}],"about":[{"href":"https:\/\/roveyayinevi.com.tr\/index.php\/wp-json\/wp\/v2\/types\/product"}],"wp:attachment":[{"href":"https:\/\/roveyayinevi.com.tr\/index.php\/wp-json\/wp\/v2\/media?parent=689875"}],"wp:term":[{"taxonomy":"product_brand","embeddable":true,"href":"https:\/\/roveyayinevi.com.tr\/index.php\/wp-json\/wp\/v2\/product_brand?post=689875"},{"taxonomy":"product_cat","embeddable":true,"href":"https:\/\/roveyayinevi.com.tr\/index.php\/wp-json\/wp\/v2\/product_cat?post=689875"},{"taxonomy":"product_tag","embeddable":true,"href":"https:\/\/roveyayinevi.com.tr\/index.php\/wp-json\/wp\/v2\/product_tag?post=689875"}],"curies":[{"name":"wp","href":"https:\/\/api.w.org\/{rel}","templated":true}]}}