{"id":689870,"date":"2025-08-27T13:48:44","date_gmt":"2025-08-27T10:48:44","guid":{"rendered":"https:\/\/roveyayinevi.com.tr\/index.php\/urun\/secme-oykuler-2\/"},"modified":"2026-04-16T01:59:26","modified_gmt":"2026-04-15T22:59:26","slug":"secme-oykuler-2","status":"publish","type":"product","link":"https:\/\/roveyayinevi.com.tr\/index.php\/urun\/secme-oykuler-2\/","title":{"rendered":"Se\u00e7me \u00d6yk\u00fcler"},"content":{"rendered":"<p>Mark Twain (Samuel langhorne Clemens, 1835-1910): D\u00f6neminin en \u00fcnl\u00fc Amerikan edebiyat\u00e7\u0131s\u0131yd\u0131. Pek \u00e7ok roman, \u00f6yk\u00fc ve deneme yazd\u0131. En tan\u0131nm\u0131\u015f eserleri aras\u0131nda Tom Sawyer&#8217;\u0131n Maceralar\u0131, Huckleberry Finn&#8217;in Maceralar\u0131 ve Adem ile Havva&#8217;n\u0131n Cennet G\u00fcnl\u00fc\u011f\u00fc yer al\u0131r. Ya\u015fam\u0131n\u0131n son d\u00f6neminde kap\u0131ld\u0131\u011f\u0131 k\u00f6t\u00fcmserlik ve insan sevmezlik eserlerine de yans\u0131m\u0131\u015ft\u0131r. William Faulkner&#8217;in Amerikan edebiyat\u0131n\u0131n kurucusu olarak niteledi\u011fi Mark Twain, dil ustal\u0131\u011f\u0131n\u0131n yan\u0131 s\u0131ra derin ve zaman zaman ac\u0131 mizah\u0131 ile g\u00fcn\u00fcm\u00fczde de hayranl\u0131k duyulan yazarlardand\u0131r. Yurdanur Salman (1937): \u0130stanbul \u00dcniversitesi \u0130ngiliz Dili ve Edebiyat\u0131 B\u00f6l\u00fcm\u00fc&#8217;n\u00fc bitirdi. Edebiyat, yaz\u0131n kuramlar\u0131 ve psikanaliz gibi pek \u00e7ok alanda yapt\u0131\u011f\u0131 \u00e7evirilerle J. Berger, S. Sontag, E.A. Poe, E. Fromm, G. Steiner&#8217;in de yap\u0131tlar\u0131n\u0131n yer ald\u0131\u011f\u0131 otuzdan fazla kitab\u0131 T\u00fcrk\u00e7eye kazand\u0131rd\u0131. \u0130stanbul, Bo\u011fazi\u00e7i ve Atat\u00fcrk \u00fcniversitelerinde \u00e7eviri ve \u0130ngilizce dersleri verdi. Kuram dergisini \u00e7\u0131kard\u0131, Yeni Dalga, Adam \u00d6yk\u00fc, Yazko \u00c7eviri dergilerinde \u00e7eviri ve yaz\u0131lar\u0131 yay\u0131mlad\u0131. Titiz ve verimli \u00e7al\u0131\u015fmalar\u0131yla k\u00fclt\u00fcr hayat\u0131m\u0131za katk\u0131da bulunmay\u0131 s\u00fcrd\u00fcr\u00fcyor. \ufffcTan\u0131t\u0131m Metni<\/p>\n","protected":false},"excerpt":{"rendered":"<p>Mark Twain (Samuel langhorne Clemens, 1835-1910): D\u00f6neminin en \u00fcnl\u00fc Amerikan edebiyat\u00e7\u0131s\u0131yd\u0131. Pek \u00e7ok roman, \u00f6yk\u00fc ve deneme yazd\u0131. En tan\u0131nm\u0131\u015f eserleri aras\u0131nda Tom Sawyer&#8217;\u0131n Maceralar\u0131, Huckleberry<span class=\"excerpt-hellip\"> [\u2026]<\/span><\/p>\n","protected":false},"featured_media":0,"template":"","meta":{"_monsterinsights_skip_tracking":false,"_monsterinsights_sitenote_active":false,"_monsterinsights_sitenote_note":"","_monsterinsights_sitenote_category":0},"product_brand":[],"product_cat":[12891,12291],"product_tag":[],"class_list":{"0":"post-689870","1":"product","2":"type-product","3":"status-publish","5":"product_cat-amerikan-edebiyati","6":"product_cat-edebiyat","7":"pa_cilt-ciltsiz","8":"pa_tur-kitap","9":"pa_yayinevi-is-bankasi-kultur-yayinlari","10":"pa_yazar-mark-twain","12":"first","13":"instock","14":"sale","15":"shipping-taxable","16":"purchasable","17":"product-type-simple"},"_links":{"self":[{"href":"https:\/\/roveyayinevi.com.tr\/index.php\/wp-json\/wp\/v2\/product\/689870","targetHints":{"allow":["GET"]}}],"collection":[{"href":"https:\/\/roveyayinevi.com.tr\/index.php\/wp-json\/wp\/v2\/product"}],"about":[{"href":"https:\/\/roveyayinevi.com.tr\/index.php\/wp-json\/wp\/v2\/types\/product"}],"wp:attachment":[{"href":"https:\/\/roveyayinevi.com.tr\/index.php\/wp-json\/wp\/v2\/media?parent=689870"}],"wp:term":[{"taxonomy":"product_brand","embeddable":true,"href":"https:\/\/roveyayinevi.com.tr\/index.php\/wp-json\/wp\/v2\/product_brand?post=689870"},{"taxonomy":"product_cat","embeddable":true,"href":"https:\/\/roveyayinevi.com.tr\/index.php\/wp-json\/wp\/v2\/product_cat?post=689870"},{"taxonomy":"product_tag","embeddable":true,"href":"https:\/\/roveyayinevi.com.tr\/index.php\/wp-json\/wp\/v2\/product_tag?post=689870"}],"curies":[{"name":"wp","href":"https:\/\/api.w.org\/{rel}","templated":true}]}}