{"id":689869,"date":"2025-08-27T13:48:43","date_gmt":"2025-08-27T10:48:43","guid":{"rendered":"https:\/\/roveyayinevi.com.tr\/index.php\/urun\/satrancta-kazandiran-stratejiler\/"},"modified":"2026-04-16T01:59:26","modified_gmt":"2026-04-15T22:59:26","slug":"satrancta-kazandiran-stratejiler","status":"publish","type":"product","link":"https:\/\/roveyayinevi.com.tr\/index.php\/urun\/satrancta-kazandiran-stratejiler\/","title":{"rendered":"Satran\u00e7ta Kazand\u0131ran Stratejiler"},"content":{"rendered":"<p>Satran\u00e7ta iyi bir strateji en \u00f6nemli avantajd\u0131r: G\u00f6z\u00fc pek a\u00e7\u0131l\u0131\u015f hamleleriyle rakibinizin dengelerini alt\u00fcst edin Daha oyun ortas\u0131na eri\u015fmeden, genel bir oyun stratejisi olu\u015fturun Rakibinizin her hamlesinin ard\u0131ndaki niyeti yorumlay\u0131n Kendinizi kazanan bir \u2018oyunsonu\u2019na eri\u015fecek \u015fekilde konumland\u0131r\u0131n Strateji, d\u00fcnyan\u0131n her y\u00f6resinde \u015fampiyonlu\u011fa oynayan oyuncular\u0131n en y\u0131k\u0131c\u0131 gizli silah\u0131d\u0131r. Uluslararas\u0131 B\u00fcy\u00fck Usta Yasser Seirawan, Satran\u00e7ta Kazand\u0131ran Stratejiler\u2019de turnuvalardaki paha bi\u00e7ilmez deneyimlerinden hareketle, esnek kurallar\u0131 oyunun her a\u015famas\u0131na nas\u0131l uygulayabilece\u011finizi g\u00f6steriyor. Basit ama etkili planlama ve analiz teknikleri \u00d6zg\u00fcveninizi art\u0131racak ve rakibinizi zora ko\u015facak ak\u0131ll\u0131ca oyunlar Tarihin en b\u00fcy\u00fck satran\u00e7 stratejilerinden \u00f6rnekler Oyunculu\u011funuzu geli\u015ftirmekte vazge\u00e7ilmez bir rehber Yasser Seirawan\u2019\u0131n e\u011flenceli ve kolay izlenen y\u00f6ntemiyle b\u00fct\u00fcn oyunlar\u0131n\u0131zda kullanabilece\u011finiz strateji ilkelerini b\u00fcy\u00fck ustalar\u0131n hamlelerini izleyerek \u00f6\u011frenecek, yarat\u0131c\u0131 bir \u015fekilde uygulayabileceksiniz. Unutmay\u0131n! Bu y\u00f6ntemle, Beyaz da oynasan\u0131z, Siyah da oynasan\u0131z avantaj sizde! Yasser Seirawan, ABD&#8217;nin en y\u00fcksek puanl\u0131 satran\u00e7 oyuncular\u0131ndand\u0131r. Bobby Fischer&#8217;den sonra d\u00fcnya \u015fampiyonlu\u011funa aday olan ilk Amerikal\u0131 satran\u00e7\u00e7\u0131d\u0131r. 1989 y\u0131l\u0131nda Bat\u0131 Yar\u0131k\u00fcre \u015eampiyonu olmu\u015f, d\u00f6rt kez ABD \u015fampiyonlu\u011funu kazanm\u0131\u015f, on kez de ABD Satran\u00e7 Olimpiyat\u0131 tak\u0131m\u0131na se\u00e7ilmi\u015ftir. D\u00fcnya \u015fampiyonu Anatoli Karpov ile Gari Kasparov&#8217;u yenebilmi\u015f az say\u0131da oyuncudan biri olarak satran\u00e7 d\u00fcnyas\u0131nda se\u00e7kin bir yere sahiptir. \ufffcTan\u0131t\u0131m Metni<\/p>\n","protected":false},"excerpt":{"rendered":"<p>Satran\u00e7ta iyi bir strateji en \u00f6nemli avantajd\u0131r: G\u00f6z\u00fc pek a\u00e7\u0131l\u0131\u015f hamleleriyle rakibinizin dengelerini alt\u00fcst edin Daha oyun ortas\u0131na eri\u015fmeden, genel bir oyun stratejisi olu\u015fturun Rakibinizin her<span class=\"excerpt-hellip\"> [\u2026]<\/span><\/p>\n","protected":false},"featured_media":0,"template":"","meta":{"_monsterinsights_skip_tracking":false,"_monsterinsights_sitenote_active":false,"_monsterinsights_sitenote_note":"","_monsterinsights_sitenote_category":0},"product_brand":[],"product_cat":[12312,12304],"product_tag":[],"class_list":{"0":"post-689869","1":"product","2":"type-product","3":"status-publish","5":"product_cat-diger","6":"product_cat-tarih","7":"pa_cilt-ciltsiz","8":"pa_tur-kitap","9":"pa_yayinevi-is-bankasi-kultur-yayinlari","10":"pa_yazar-yasser-seirawan","12":"first","13":"instock","14":"sale","15":"shipping-taxable","16":"purchasable","17":"product-type-simple"},"_links":{"self":[{"href":"https:\/\/roveyayinevi.com.tr\/index.php\/wp-json\/wp\/v2\/product\/689869","targetHints":{"allow":["GET"]}}],"collection":[{"href":"https:\/\/roveyayinevi.com.tr\/index.php\/wp-json\/wp\/v2\/product"}],"about":[{"href":"https:\/\/roveyayinevi.com.tr\/index.php\/wp-json\/wp\/v2\/types\/product"}],"wp:attachment":[{"href":"https:\/\/roveyayinevi.com.tr\/index.php\/wp-json\/wp\/v2\/media?parent=689869"}],"wp:term":[{"taxonomy":"product_brand","embeddable":true,"href":"https:\/\/roveyayinevi.com.tr\/index.php\/wp-json\/wp\/v2\/product_brand?post=689869"},{"taxonomy":"product_cat","embeddable":true,"href":"https:\/\/roveyayinevi.com.tr\/index.php\/wp-json\/wp\/v2\/product_cat?post=689869"},{"taxonomy":"product_tag","embeddable":true,"href":"https:\/\/roveyayinevi.com.tr\/index.php\/wp-json\/wp\/v2\/product_tag?post=689869"}],"curies":[{"name":"wp","href":"https:\/\/api.w.org\/{rel}","templated":true}]}}