{"id":689868,"date":"2025-08-27T13:48:43","date_gmt":"2025-08-27T10:48:43","guid":{"rendered":"https:\/\/roveyayinevi.com.tr\/index.php\/urun\/rubailer\/"},"modified":"2026-04-16T01:59:26","modified_gmt":"2026-04-15T22:59:26","slug":"rubailer","status":"publish","type":"product","link":"https:\/\/roveyayinevi.com.tr\/index.php\/urun\/rubailer\/","title":{"rendered":"Rubailer"},"content":{"rendered":"<p>Mevl\u00e2n\u00e2 Celaleddin Rum\u00ee (1207-1273): Harezm ba\u015fkenti Belh&#8217;te do\u011fdu. Sayg\u0131n bir \u00e2lim olan babas\u0131n\u0131n siyasi anla\u015fmazl\u0131klar ve yakla\u015fan Mo\u011fol istilas\u0131 y\u00fcz\u00fcnden g\u00f6\u00e7 etmesiyle Sel\u00e7uklu Anadolusu&#8217;na geldi. Alaadin Keykubat&#8217;\u0131n davetiyle ba\u015fkent Konya&#8217;ya yerle\u015fti. Babas\u0131n\u0131n vefat\u0131yla, onun makam\u0131n\u0131 ve g\u00f6revlerini devrald\u0131. Dokuz y\u0131l T\u0131rm\u0131zl\u0131 Seyid Burhanettin&#8217;e \u00f6\u011frencilik yapt\u0131. 1240&#8217;l\u0131 y\u0131llarda Tebrizli \u015eems ile tan\u0131\u015ft\u0131. Mesnevi ve Divan-\u0131 Kebir ile tasavvuf edebiyat\u0131n\u0131n en b\u00fcy\u00fck \u015fairlerimdem biri olarak tarihe ge\u00e7ti. Hasan \u00c2li Y\u00fccel (1897- 1961); Klasikler&#8217;den K\u00f6y Enstit\u00fcleri&#8217;ne,1938 sonundan 1946 A\u011fustosu&#8217;na dek s\u00fcren Milli E\u011fitim Bakanl\u0131\u011f\u0131 d\u00f6neminde kurduklar\u0131yla Cumhuriyet Ayd\u0131nlanmas\u0131&#8217;n\u0131n en \u00f6nemli ve kal\u0131c\u0131 orkestra \u015fefi ydi. Telif ve \u00e7evirileriyle de son derece nitelikli bir k\u00fclt\u00fcr insan\u0131 olan Y\u00fccel&#8217;in Mevl\u00e2n\u00e2 \u00e7evirileri, \u015fairin 800. do\u011fum y\u0131l\u0131nda yeniden okurla bulu\u015ftu. \ufffcTan\u0131t\u0131m Metni<\/p>\n","protected":false},"excerpt":{"rendered":"<p>Mevl\u00e2n\u00e2 Celaleddin Rum\u00ee (1207-1273): Harezm ba\u015fkenti Belh&#8217;te do\u011fdu. Sayg\u0131n bir \u00e2lim olan babas\u0131n\u0131n siyasi anla\u015fmazl\u0131klar ve yakla\u015fan Mo\u011fol istilas\u0131 y\u00fcz\u00fcnden g\u00f6\u00e7 etmesiyle Sel\u00e7uklu Anadolusu&#8217;na geldi. Alaadin<span class=\"excerpt-hellip\"> [\u2026]<\/span><\/p>\n","protected":false},"featured_media":0,"template":"","meta":{"_monsterinsights_skip_tracking":false,"_monsterinsights_sitenote_active":false,"_monsterinsights_sitenote_note":"","_monsterinsights_sitenote_category":0},"product_brand":[],"product_cat":[12718,12719,15238],"product_tag":[],"class_list":{"0":"post-689868","1":"product","2":"type-product","3":"status-publish","5":"product_cat-din","6":"product_cat-islam","7":"product_cat-tasavvuf","8":"pa_cilt-ciltsiz","9":"pa_tur-kitap","10":"pa_yayinevi-is-bankasi-kultur-yayinlari","11":"pa_yazar-mevlana-celaleddin-rumi","13":"first","14":"instock","15":"sale","16":"shipping-taxable","17":"purchasable","18":"product-type-simple"},"_links":{"self":[{"href":"https:\/\/roveyayinevi.com.tr\/index.php\/wp-json\/wp\/v2\/product\/689868","targetHints":{"allow":["GET"]}}],"collection":[{"href":"https:\/\/roveyayinevi.com.tr\/index.php\/wp-json\/wp\/v2\/product"}],"about":[{"href":"https:\/\/roveyayinevi.com.tr\/index.php\/wp-json\/wp\/v2\/types\/product"}],"wp:attachment":[{"href":"https:\/\/roveyayinevi.com.tr\/index.php\/wp-json\/wp\/v2\/media?parent=689868"}],"wp:term":[{"taxonomy":"product_brand","embeddable":true,"href":"https:\/\/roveyayinevi.com.tr\/index.php\/wp-json\/wp\/v2\/product_brand?post=689868"},{"taxonomy":"product_cat","embeddable":true,"href":"https:\/\/roveyayinevi.com.tr\/index.php\/wp-json\/wp\/v2\/product_cat?post=689868"},{"taxonomy":"product_tag","embeddable":true,"href":"https:\/\/roveyayinevi.com.tr\/index.php\/wp-json\/wp\/v2\/product_tag?post=689868"}],"curies":[{"name":"wp","href":"https:\/\/api.w.org\/{rel}","templated":true}]}}