{"id":689864,"date":"2025-08-27T13:48:42","date_gmt":"2025-08-27T10:48:42","guid":{"rendered":"https:\/\/roveyayinevi.com.tr\/index.php\/urun\/rengahenk\/"},"modified":"2026-04-16T01:59:25","modified_gmt":"2026-04-15T22:59:25","slug":"rengahenk","status":"publish","type":"product","link":"https:\/\/roveyayinevi.com.tr\/index.php\/urun\/rengahenk\/","title":{"rendered":"Rengahenk"},"content":{"rendered":"<p>YAPRAK D\u00d6K\u00dcM\u00dc   Sarar\u0131p d\u00f6k\u00fclmeden \u00f6nce k\u0131zaran yapraklar ki onlar \u015ean verdiler ortal\u0131\u011fa b\u00fct\u00fcn bir sonbahar Mevsim d\u00f6n\u00fcp de yeniden ye\u015fermeye ba\u015flay\u0131nca r\u00fczg\u00e2r \u00c7\u0131pla\u011f\u0131nda o at\u0131n yine onlar ko\u015facaklar O \u00e7ocuklar O yapraklar O \u015farab\u00ee e\u015fk\u0131yalar Onlar da olmasalar benim gayr\u0131 kimim var? <\/p>\n","protected":false},"excerpt":{"rendered":"<p>YAPRAK D\u00d6K\u00dcM\u00dc Sarar\u0131p d\u00f6k\u00fclmeden \u00f6nce k\u0131zaran yapraklar ki onlar \u015ean verdiler ortal\u0131\u011fa b\u00fct\u00fcn bir sonbahar Mevsim d\u00f6n\u00fcp de yeniden ye\u015fermeye ba\u015flay\u0131nca r\u00fczg\u00e2r \u00c7\u0131pla\u011f\u0131nda o at\u0131n yine<span class=\"excerpt-hellip\"> [\u2026]<\/span><\/p>\n","protected":false},"featured_media":0,"template":"","meta":{"_monsterinsights_skip_tracking":false,"_monsterinsights_sitenote_active":false,"_monsterinsights_sitenote_note":"","_monsterinsights_sitenote_category":0},"product_brand":[],"product_cat":[12291,12509],"product_tag":[],"class_list":{"0":"post-689864","1":"product","2":"type-product","3":"status-publish","5":"product_cat-edebiyat","6":"product_cat-siir","7":"pa_cilt-ciltsiz","8":"pa_tur-kitap","9":"pa_yayinevi-is-bankasi-kultur-yayinlari","10":"pa_yazar-can-yucel","12":"first","13":"instock","14":"sale","15":"shipping-taxable","16":"purchasable","17":"product-type-simple"},"_links":{"self":[{"href":"https:\/\/roveyayinevi.com.tr\/index.php\/wp-json\/wp\/v2\/product\/689864","targetHints":{"allow":["GET"]}}],"collection":[{"href":"https:\/\/roveyayinevi.com.tr\/index.php\/wp-json\/wp\/v2\/product"}],"about":[{"href":"https:\/\/roveyayinevi.com.tr\/index.php\/wp-json\/wp\/v2\/types\/product"}],"wp:attachment":[{"href":"https:\/\/roveyayinevi.com.tr\/index.php\/wp-json\/wp\/v2\/media?parent=689864"}],"wp:term":[{"taxonomy":"product_brand","embeddable":true,"href":"https:\/\/roveyayinevi.com.tr\/index.php\/wp-json\/wp\/v2\/product_brand?post=689864"},{"taxonomy":"product_cat","embeddable":true,"href":"https:\/\/roveyayinevi.com.tr\/index.php\/wp-json\/wp\/v2\/product_cat?post=689864"},{"taxonomy":"product_tag","embeddable":true,"href":"https:\/\/roveyayinevi.com.tr\/index.php\/wp-json\/wp\/v2\/product_tag?post=689864"}],"curies":[{"name":"wp","href":"https:\/\/api.w.org\/{rel}","templated":true}]}}