{"id":689863,"date":"2025-08-27T13:48:42","date_gmt":"2025-08-27T10:48:42","guid":{"rendered":"https:\/\/roveyayinevi.com.tr\/index.php\/urun\/devlet-2\/"},"modified":"2026-04-16T01:59:25","modified_gmt":"2026-04-15T22:59:25","slug":"devlet-2","status":"publish","type":"product","link":"https:\/\/roveyayinevi.com.tr\/index.php\/urun\/devlet-2\/","title":{"rendered":"Devlet"},"content":{"rendered":"<p>Platon (Eflatun, \u0130\u00d6 yakla\u015f\u0131k 428-\u0130\u00d6 yakla\u015f\u0131k 348): \u00dcniversitenin atas\u0131 say\u0131lan Akademia\u2019n\u0131n kurucusu (\u0130\u00d6 387) ve hocas\u0131 Sokrates\u2019i konu\u015fturdu\u011fu diyaloglar la felsefeyi yaz\u0131ya en iyi aktarm\u0131\u015f olan ustalardan biridir. Sokrates\u2019in Savunmas\u0131 (Apologia) ile birlikte diyaloglar\u0131n\u0131n en tan\u0131nm\u0131\u015f\u0131 olan Devlet (Politeia)\u2019te ise Platon, iyilik , e\u015fitlik , g\u00fc\u00e7l\u00fcl\u00fck ve hakl\u0131l\u0131k gibi insanl\u0131k durumlar\u0131 n\u0131 irdeleyerek d\u00fc\u015fledi\u011fi en iyi devletti anlatm\u0131\u015f, ve bu temel yap\u0131t, ister yan\u0131nda ister kar\u015f\u0131s\u0131nda olsunlar, 2000 y\u0131l\u0131 a\u015fk\u0131n s\u00fcredir ortaya konan b\u00fct\u00fcn devlet kuram\u0131 ya da toplum d\u00fczenlerinin ba\u015fvuru kaynaklar\u0131 aras\u0131nda yer alm\u0131\u015ft\u0131r.<\/p>\n","protected":false},"excerpt":{"rendered":"<p>Platon (Eflatun, \u0130\u00d6 yakla\u015f\u0131k 428-\u0130\u00d6 yakla\u015f\u0131k 348): \u00dcniversitenin atas\u0131 say\u0131lan Akademia\u2019n\u0131n kurucusu (\u0130\u00d6 387) ve hocas\u0131 Sokrates\u2019i konu\u015fturdu\u011fu diyaloglar la felsefeyi yaz\u0131ya en iyi aktarm\u0131\u015f olan<span class=\"excerpt-hellip\"> [\u2026]<\/span><\/p>\n","protected":false},"featured_media":0,"template":"","meta":{"_monsterinsights_skip_tracking":false,"_monsterinsights_sitenote_active":false,"_monsterinsights_sitenote_note":"","_monsterinsights_sitenote_category":0},"product_brand":[],"product_cat":[12388,15536],"product_tag":[],"class_list":{"0":"post-689863","1":"product","2":"type-product","3":"status-publish","5":"product_cat-felsefe","6":"product_cat-siyaset-felsefesi","7":"pa_cilt-ciltsiz","8":"pa_tur-kitap","9":"pa_yayinevi-is-bankasi-kultur-yayinlari","10":"pa_yazar-platon-eflatun","12":"first","13":"instock","14":"sale","15":"shipping-taxable","16":"purchasable","17":"product-type-simple"},"_links":{"self":[{"href":"https:\/\/roveyayinevi.com.tr\/index.php\/wp-json\/wp\/v2\/product\/689863","targetHints":{"allow":["GET"]}}],"collection":[{"href":"https:\/\/roveyayinevi.com.tr\/index.php\/wp-json\/wp\/v2\/product"}],"about":[{"href":"https:\/\/roveyayinevi.com.tr\/index.php\/wp-json\/wp\/v2\/types\/product"}],"wp:attachment":[{"href":"https:\/\/roveyayinevi.com.tr\/index.php\/wp-json\/wp\/v2\/media?parent=689863"}],"wp:term":[{"taxonomy":"product_brand","embeddable":true,"href":"https:\/\/roveyayinevi.com.tr\/index.php\/wp-json\/wp\/v2\/product_brand?post=689863"},{"taxonomy":"product_cat","embeddable":true,"href":"https:\/\/roveyayinevi.com.tr\/index.php\/wp-json\/wp\/v2\/product_cat?post=689863"},{"taxonomy":"product_tag","embeddable":true,"href":"https:\/\/roveyayinevi.com.tr\/index.php\/wp-json\/wp\/v2\/product_tag?post=689863"}],"curies":[{"name":"wp","href":"https:\/\/api.w.org\/{rel}","templated":true}]}}