{"id":689859,"date":"2025-08-27T13:48:42","date_gmt":"2025-08-27T10:48:42","guid":{"rendered":"https:\/\/roveyayinevi.com.tr\/index.php\/urun\/nutukun-desifresi\/"},"modified":"2026-04-16T01:59:25","modified_gmt":"2026-04-15T22:59:25","slug":"nutukun-desifresi","status":"publish","type":"product","link":"https:\/\/roveyayinevi.com.tr\/index.php\/urun\/nutukun-desifresi\/","title":{"rendered":"Nutuk\u2019un De\u015fifresi"},"content":{"rendered":"<p>Cumhuriyet tarihinin \u015fifreleri \u00e7\u00f6z\u00fcl\u00fcyor&#8230; Nutuk\u2019taki Atat\u00fcrk yeniden ete ve kemi\u011fe b\u00fcr\u00fcn\u00fcyor&#8230; Nutuk\u2019un De\u015fifresi, Atat\u00fcrk\u2019\u00fc, Kurtulu\u015f Sava\u015f\u0131\u2019n\u0131 ve sonras\u0131ndaki ulusla\u015fma ve \u00e7a\u011fda\u015fla\u015fma hareketlerini, Nutuk\u2019a dayal\u0131 olarak anlatan; Nutuk\u2019un yaz\u0131l\u0131\u015f\u0131n\u0131, okunu\u015funu, i\u00e7eri\u011fini ve bilinmeyen \u00f6zelliklerini a\u00e7\u0131k\u00e7a ortaya koyan ve Atat\u00fcrk\u2019\u00fcn Nutuk\u2019taki de\u011ferlendirmelerinin bug\u00fcn\u00fcn T\u00fcrkiye\u2019sine \u0131\u015f\u0131k tuttu\u011funu g\u00f6steren resmi tarih d\u0131\u015f\u0131 bilimsel bir ara\u015ft\u0131rmad\u0131r. &#8211; Nutuk nedir, ne de\u011fildir? Atat\u00fcrk, Nutuk\u2019u neden ve nas\u0131l kaleme alm\u0131\u015ft\u0131r? &#8211; Nutuk\u2019un D\u00fcnya Rekorlar Kitab\u0131\u2019na girecek \u00e7ok \u00f6nemli \u00f6zelli\u011fi nedir? &#8211; Atat\u00fcrk\u2019\u00fcn Nutuk\u2019taki devrim stratejisi ve liderlik s\u0131rlar\u0131 nelerdir? &#8211; Nutuk\u2019un g\u00f6zden ka\u00e7an iki b\u00fcy\u00fck s\u0131rr\u0131 nedir? &#8211; Atat\u00fcrk\u2019\u00fcn ba\u011f\u0131ms\u0131zl\u0131k ve demokrasi anlay\u0131\u015f\u0131 Nutuk\u2019a nas\u0131l yans\u0131m\u0131\u015ft\u0131r? &#8211; Nutuk\u2019taki mandac\u0131lar ve cumhuriyet d\u00fc\u015fmanlar\u0131 kimlerdir? &#8211; Cumhuriyetin ilan\u0131 Nutuk\u2019ta nas\u0131l \u015fifrelenmi\u015ftir? &#8211; Atat\u00fcrk\u2019\u00fcn d\u00fc\u015f\u00fcnsel yaln\u0131zl\u0131\u011f\u0131 Nutuk\u2019a nas\u0131l yans\u0131m\u0131\u015ft\u0131r? &#8211; Atat\u00fcrk Nutuk\u2019ta kimleri, fikir ve ruhlar\u0131n\u0131n kavrama s\u0131n\u0131rlar\u0131 bitenler diye adland\u0131rm\u0131\u015ft\u0131r? &#8211; Atat\u00fcrk\u2019\u00fcn Nutuk\u2019ta, silah arkada\u015flar\u0131na y\u00f6nelik a\u011f\u0131r ele\u015ftirileri nelerdir? &#8211; Atat\u00fcrk\u2019ten sonra Nutuk\u2019taki baz\u0131 b\u00f6l\u00fcmler neden unutturulmaya \u00e7al\u0131\u015f\u0131lm\u0131\u015ft\u0131r? \u0130nsan b\u00fct\u00fcn bunlar\u0131 okurken, insan k\u00fcmelerini ve insan fertlerini avucunun i\u00e7inde istedi\u011fi gibi kullanabilen, \u00f6l\u00e7\u00fclmez bir kuvvete sahip bir ruhlar h\u00fck\u00fcmdar\u0131n\u0131n huzurunda bulundu\u011funu hayraniyet ve tebcil ile duyuyor. -Yusuf Ak\u00e7ura- \ufffcTan\u0131t\u0131m Metni<\/p>\n","protected":false},"excerpt":{"rendered":"<p>Cumhuriyet tarihinin \u015fifreleri \u00e7\u00f6z\u00fcl\u00fcyor&#8230; Nutuk\u2019taki Atat\u00fcrk yeniden ete ve kemi\u011fe b\u00fcr\u00fcn\u00fcyor&#8230; Nutuk\u2019un De\u015fifresi, Atat\u00fcrk\u2019\u00fc, Kurtulu\u015f Sava\u015f\u0131\u2019n\u0131 ve sonras\u0131ndaki ulusla\u015fma ve \u00e7a\u011fda\u015fla\u015fma hareketlerini, Nutuk\u2019a dayal\u0131 olarak anlatan;<span class=\"excerpt-hellip\"> [\u2026]<\/span><\/p>\n","protected":false},"featured_media":0,"template":"","meta":{"_monsterinsights_skip_tracking":false,"_monsterinsights_sitenote_active":false,"_monsterinsights_sitenote_note":"","_monsterinsights_sitenote_category":0},"product_brand":[],"product_cat":[12530,12304],"product_tag":[],"class_list":{"0":"post-689859","1":"product","2":"type-product","3":"status-publish","5":"product_cat-mustafa-kemal-ataturk","6":"product_cat-tarih","7":"pa_cilt-ciltsiz","8":"pa_tur-kitap","9":"pa_yayinevi-inkilap-kitabevi","10":"pa_yazar-sinan-meydan","12":"first","13":"instock","14":"sale","15":"shipping-taxable","16":"purchasable","17":"product-type-simple"},"_links":{"self":[{"href":"https:\/\/roveyayinevi.com.tr\/index.php\/wp-json\/wp\/v2\/product\/689859","targetHints":{"allow":["GET"]}}],"collection":[{"href":"https:\/\/roveyayinevi.com.tr\/index.php\/wp-json\/wp\/v2\/product"}],"about":[{"href":"https:\/\/roveyayinevi.com.tr\/index.php\/wp-json\/wp\/v2\/types\/product"}],"wp:attachment":[{"href":"https:\/\/roveyayinevi.com.tr\/index.php\/wp-json\/wp\/v2\/media?parent=689859"}],"wp:term":[{"taxonomy":"product_brand","embeddable":true,"href":"https:\/\/roveyayinevi.com.tr\/index.php\/wp-json\/wp\/v2\/product_brand?post=689859"},{"taxonomy":"product_cat","embeddable":true,"href":"https:\/\/roveyayinevi.com.tr\/index.php\/wp-json\/wp\/v2\/product_cat?post=689859"},{"taxonomy":"product_tag","embeddable":true,"href":"https:\/\/roveyayinevi.com.tr\/index.php\/wp-json\/wp\/v2\/product_tag?post=689859"}],"curies":[{"name":"wp","href":"https:\/\/api.w.org\/{rel}","templated":true}]}}