{"id":689858,"date":"2025-08-27T13:48:41","date_gmt":"2025-08-27T10:48:41","guid":{"rendered":"https:\/\/roveyayinevi.com.tr\/index.php\/urun\/iki-buyuk-dunya-sistemi-hakkinda-diyalog\/"},"modified":"2026-04-16T01:59:25","modified_gmt":"2026-04-15T22:59:25","slug":"iki-buyuk-dunya-sistemi-hakkinda-diyalog","status":"publish","type":"product","link":"https:\/\/roveyayinevi.com.tr\/index.php\/urun\/iki-buyuk-dunya-sistemi-hakkinda-diyalog\/","title":{"rendered":"\u0130ki B\u00fcy\u00fck D\u00fcnya Sistemi Hakk\u0131nda Diyalog"},"content":{"rendered":"<p>Galileo Galilei (1564-1642 ): \u00dczerinde on alt\u0131 y\u0131l \u00e7al\u0131\u015ft\u0131\u011f\u0131 \u0130ki B\u00fcy\u00fck D\u00fcnya Sistemi Hakk\u0131nda Diyalog nedeniyle engizisyonda yarg\u0131land\u0131, ev hapsine mahk\u00fbm edildi. Mahk\u00fbmiyeti s\u0131ras\u0131nda ikinci ba\u015fyap\u0131t\u0131 \u0130ki Yeni Bilim \u00dczerine Diyalog\u2019u tamamlad\u0131. Her iki yap\u0131t da k\u0131sa s\u00fcrede pek \u00e7ok dile \u00e7evrildi ve modern bilimin ba\u015flang\u0131c\u0131 olarak tarihe ge\u00e7ti. Diyaloglar ne yaln\u0131zca astronomi ne de fizik kitab\u0131d\u0131r. Otoriteyi temsil eden Aristoteles d\u00fc\u015f\u00fcncesiyle s\u0131k\u0131 bir polemik y\u00fcr\u00fct\u00fcrken, ayn\u0131 zamanda g\u00f6zlemsel, deneysel, kuramsal birikimiyle Galileo, &#8220;do\u011fan\u0131n yaz\u0131ld\u0131\u011f\u0131 dili&#8221; yeniden ke\u015ffederek, matemati\u011fi temel alan kendi yeni fizi\u011fini kurar. Galileo\u2019nun hakim s\u0131n\u0131fa de\u011fil, s\u0131radan okura sundu\u011fu diyaloglar anla\u015f\u0131lmas\u0131 kayg\u0131s\u0131yla Latince yerine \u0130talyanca kaleme al\u0131nm\u0131\u015ft\u0131r. \ufffc<\/p>\n","protected":false},"excerpt":{"rendered":"<p>Galileo Galilei (1564-1642 ): \u00dczerinde on alt\u0131 y\u0131l \u00e7al\u0131\u015ft\u0131\u011f\u0131 \u0130ki B\u00fcy\u00fck D\u00fcnya Sistemi Hakk\u0131nda Diyalog nedeniyle engizisyonda yarg\u0131land\u0131, ev hapsine mahk\u00fbm edildi. Mahk\u00fbmiyeti s\u0131ras\u0131nda ikinci ba\u015fyap\u0131t\u0131<span class=\"excerpt-hellip\"> [\u2026]<\/span><\/p>\n","protected":false},"featured_media":0,"template":"","meta":{"_monsterinsights_skip_tracking":false,"_monsterinsights_sitenote_active":false,"_monsterinsights_sitenote_note":"","_monsterinsights_sitenote_category":0},"product_brand":[],"product_cat":[13005,13010],"product_tag":[],"class_list":{"0":"post-689858","1":"product","2":"type-product","3":"status-publish","5":"product_cat-bilim-muhendislik","6":"product_cat-doga-bilimleri","7":"pa_cilt-ciltsiz","8":"pa_tur-kitap","9":"pa_yayinevi-is-bankasi-kultur-yayinlari","10":"pa_yazar-galileo-galilei","12":"first","13":"instock","14":"sale","15":"shipping-taxable","16":"purchasable","17":"product-type-simple"},"_links":{"self":[{"href":"https:\/\/roveyayinevi.com.tr\/index.php\/wp-json\/wp\/v2\/product\/689858","targetHints":{"allow":["GET"]}}],"collection":[{"href":"https:\/\/roveyayinevi.com.tr\/index.php\/wp-json\/wp\/v2\/product"}],"about":[{"href":"https:\/\/roveyayinevi.com.tr\/index.php\/wp-json\/wp\/v2\/types\/product"}],"wp:attachment":[{"href":"https:\/\/roveyayinevi.com.tr\/index.php\/wp-json\/wp\/v2\/media?parent=689858"}],"wp:term":[{"taxonomy":"product_brand","embeddable":true,"href":"https:\/\/roveyayinevi.com.tr\/index.php\/wp-json\/wp\/v2\/product_brand?post=689858"},{"taxonomy":"product_cat","embeddable":true,"href":"https:\/\/roveyayinevi.com.tr\/index.php\/wp-json\/wp\/v2\/product_cat?post=689858"},{"taxonomy":"product_tag","embeddable":true,"href":"https:\/\/roveyayinevi.com.tr\/index.php\/wp-json\/wp\/v2\/product_tag?post=689858"}],"curies":[{"name":"wp","href":"https:\/\/api.w.org\/{rel}","templated":true}]}}