{"id":689856,"date":"2025-08-27T13:48:41","date_gmt":"2025-08-27T10:48:41","guid":{"rendered":"https:\/\/roveyayinevi.com.tr\/index.php\/urun\/sapho\/"},"modified":"2026-04-16T01:59:25","modified_gmt":"2026-04-15T22:59:25","slug":"sapho","status":"publish","type":"product","link":"https:\/\/roveyayinevi.com.tr\/index.php\/urun\/sapho\/","title":{"rendered":"Sapho"},"content":{"rendered":"<p>Alphonse Daudet (1840-1897): Roman ve hik\u00e2yelerinde ya\u015fam\u0131n \u00e7eli\u015fik \u00f6\u011felerini bir araya getiren yazar, tutkunun da insanlar \u00fczerinde yazg\u0131 gibi \u00f6n\u00fcne ge\u00e7ilmez bir g\u00fcc\u00fc oldu\u011funa eserlerinde s\u0131k\u00e7a yer verir. \u0130nsan davran\u0131\u015flar\u0131n\u0131 dikkatle g\u00f6zlemleyen ve \u00f6zenle i\u015fleyen Alphonse Daudet, ya\u015fam\u0131 ve insanlar\u0131 duygulu bir alayc\u0131l\u0131kla anlatm\u0131\u015ft\u0131r. Tutku dolu bir a\u015fk \u00f6yk\u00fcs\u00fcn\u00fcn konu edildi\u011fi Sapho, yazar\u0131n model Marie Rieu ile ya\u015fad\u0131\u011f\u0131 uzun ve f\u0131rt\u0131nal\u0131 ili\u015fkiden izler ta\u015f\u0131r. Bu eserde ger\u00e7ek ve d\u00fc\u015f, kabul ve reddedi\u015f, istek ve kayg\u0131 i\u00e7 i\u00e7e ge\u00e7erek \u015fiir y\u00fckl\u00fc bir \u00fcslupla metne yans\u0131m\u0131\u015ft\u0131r. \ufffcTan\u0131t\u0131m Metni<\/p>\n","protected":false},"excerpt":{"rendered":"<p>Alphonse Daudet (1840-1897): Roman ve hik\u00e2yelerinde ya\u015fam\u0131n \u00e7eli\u015fik \u00f6\u011felerini bir araya getiren yazar, tutkunun da insanlar \u00fczerinde yazg\u0131 gibi \u00f6n\u00fcne ge\u00e7ilmez bir g\u00fcc\u00fc oldu\u011funa eserlerinde s\u0131k\u00e7a<span class=\"excerpt-hellip\"> [\u2026]<\/span><\/p>\n","protected":false},"featured_media":0,"template":"","meta":{"_monsterinsights_skip_tracking":false,"_monsterinsights_sitenote_active":false,"_monsterinsights_sitenote_note":"","_monsterinsights_sitenote_category":0},"product_brand":[],"product_cat":[12291,13376],"product_tag":[],"class_list":{"0":"post-689856","1":"product","2":"type-product","3":"status-publish","5":"product_cat-edebiyat","6":"product_cat-fransiz-edebiyati","7":"pa_cilt-ciltsiz","8":"pa_tur-kitap","9":"pa_yayinevi-is-bankasi-kultur-yayinlari","10":"pa_yazar-alphonse-daudet","12":"first","13":"instock","14":"sale","15":"shipping-taxable","16":"purchasable","17":"product-type-simple"},"_links":{"self":[{"href":"https:\/\/roveyayinevi.com.tr\/index.php\/wp-json\/wp\/v2\/product\/689856","targetHints":{"allow":["GET"]}}],"collection":[{"href":"https:\/\/roveyayinevi.com.tr\/index.php\/wp-json\/wp\/v2\/product"}],"about":[{"href":"https:\/\/roveyayinevi.com.tr\/index.php\/wp-json\/wp\/v2\/types\/product"}],"wp:attachment":[{"href":"https:\/\/roveyayinevi.com.tr\/index.php\/wp-json\/wp\/v2\/media?parent=689856"}],"wp:term":[{"taxonomy":"product_brand","embeddable":true,"href":"https:\/\/roveyayinevi.com.tr\/index.php\/wp-json\/wp\/v2\/product_brand?post=689856"},{"taxonomy":"product_cat","embeddable":true,"href":"https:\/\/roveyayinevi.com.tr\/index.php\/wp-json\/wp\/v2\/product_cat?post=689856"},{"taxonomy":"product_tag","embeddable":true,"href":"https:\/\/roveyayinevi.com.tr\/index.php\/wp-json\/wp\/v2\/product_tag?post=689856"}],"curies":[{"name":"wp","href":"https:\/\/api.w.org\/{rel}","templated":true}]}}