{"id":689851,"date":"2025-08-27T13:48:40","date_gmt":"2025-08-27T10:48:40","guid":{"rendered":"https:\/\/roveyayinevi.com.tr\/index.php\/urun\/nazi-imparatorlugu-2\/"},"modified":"2026-04-16T01:59:25","modified_gmt":"2026-04-15T22:59:25","slug":"nazi-imparatorlugu-2","status":"publish","type":"product","link":"https:\/\/roveyayinevi.com.tr\/index.php\/urun\/nazi-imparatorlugu-2\/","title":{"rendered":"Nazi \u0130mparatorlu\u011fu 2"},"content":{"rendered":"<p>Bu kitapta Hitler Almanyas\u0131n\u0131n do\u011fu\u015fu, y\u00fckseli\u015fi ve \u00e7\u00f6k\u00fc\u015f\u00fc anlat\u0131l\u0131yor. William Shirer \u0130kinci D\u00fcnya Sava\u015f\u0131ndan sonra m\u00fcttefiklerin eline ge\u00e7en orijinal Alman belgeleri \u00fczerinde uzun y\u0131llar \u00e7al\u0131\u015ft\u0131ktan sonra bu kitab\u0131 yazd\u0131. Almanya\u2019da 1930-45 y\u0131llar\u0131 aras\u0131nda ne olup bitti\u011fini merak edenler Shirer\u2019in anlatt\u0131klar\u0131nda b\u00fct\u00fcn \u00f6\u011frenmek istediklerini bulacaklar ve bu \u00f6nemli y\u0131llar\u0131n ni\u00e7in hi\u00e7 bir zaman ak\u0131llardan \u00e7\u0131kmamas\u0131 gerekti\u011fini g\u00f6recekler. Naziler, iktidar i\u00e7in nas\u0131l sava\u015ft\u0131lar? \u0130ktidar\u0131 -kimlerle ittifak kurarak- nas\u0131l ele ge\u00e7irdiler? Sonradan neler yapt\u0131lar? Kendi aralar\u0131ndaki kanl\u0131 m\u00fccadeleler oldu? Hitler ve arkada\u015flar\u0131n\u0131n \u00f6zel hayatlar\u0131 nas\u0131ld\u0131? \u0130kinci D\u00fcnya Sava\u015f\u0131 nas\u0131l ba\u015flad\u0131? Almanlar neden yenildiler? \u00dc\u00e7 ciltten olu\u015fan  Nazi \u0130mparatorlu\u011fu nda bu sorular\u0131n hepsi en ufak ayr\u0131nt\u0131lar\u0131na kadar inceleniyor ve ayd\u0131nl\u0131\u011fa kavu\u015fuyor&#8230; <\/p>\n","protected":false},"excerpt":{"rendered":"<p>Bu kitapta Hitler Almanyas\u0131n\u0131n do\u011fu\u015fu, y\u00fckseli\u015fi ve \u00e7\u00f6k\u00fc\u015f\u00fc anlat\u0131l\u0131yor. William Shirer \u0130kinci D\u00fcnya Sava\u015f\u0131ndan sonra m\u00fcttefiklerin eline ge\u00e7en orijinal Alman belgeleri \u00fczerinde uzun y\u0131llar \u00e7al\u0131\u015ft\u0131ktan sonra<span class=\"excerpt-hellip\"> [\u2026]<\/span><\/p>\n","protected":false},"featured_media":0,"template":"","meta":{"_monsterinsights_skip_tracking":false,"_monsterinsights_sitenote_active":false,"_monsterinsights_sitenote_note":"","_monsterinsights_sitenote_category":0},"product_brand":[],"product_cat":[12305,12304],"product_tag":[],"class_list":{"0":"post-689851","1":"product","2":"type-product","3":"status-publish","5":"product_cat-dunya-tarihi","6":"product_cat-tarih","7":"pa_cilt-ciltsiz","8":"pa_tur-kitap","9":"pa_yayinevi-inkilap-kitabevi","10":"pa_yazar-william-l-shirer","12":"first","13":"instock","14":"sale","15":"shipping-taxable","16":"purchasable","17":"product-type-simple"},"_links":{"self":[{"href":"https:\/\/roveyayinevi.com.tr\/index.php\/wp-json\/wp\/v2\/product\/689851","targetHints":{"allow":["GET"]}}],"collection":[{"href":"https:\/\/roveyayinevi.com.tr\/index.php\/wp-json\/wp\/v2\/product"}],"about":[{"href":"https:\/\/roveyayinevi.com.tr\/index.php\/wp-json\/wp\/v2\/types\/product"}],"wp:attachment":[{"href":"https:\/\/roveyayinevi.com.tr\/index.php\/wp-json\/wp\/v2\/media?parent=689851"}],"wp:term":[{"taxonomy":"product_brand","embeddable":true,"href":"https:\/\/roveyayinevi.com.tr\/index.php\/wp-json\/wp\/v2\/product_brand?post=689851"},{"taxonomy":"product_cat","embeddable":true,"href":"https:\/\/roveyayinevi.com.tr\/index.php\/wp-json\/wp\/v2\/product_cat?post=689851"},{"taxonomy":"product_tag","embeddable":true,"href":"https:\/\/roveyayinevi.com.tr\/index.php\/wp-json\/wp\/v2\/product_tag?post=689851"}],"curies":[{"name":"wp","href":"https:\/\/api.w.org\/{rel}","templated":true}]}}