{"id":689850,"date":"2025-08-27T13:48:40","date_gmt":"2025-08-27T10:48:40","guid":{"rendered":"https:\/\/roveyayinevi.com.tr\/index.php\/urun\/modern-turk-edebiyatinin-ana-cizgileri\/"},"modified":"2026-04-16T01:59:25","modified_gmt":"2026-04-15T22:59:25","slug":"modern-turk-edebiyatinin-ana-cizgileri","status":"publish","type":"product","link":"https:\/\/roveyayinevi.com.tr\/index.php\/urun\/modern-turk-edebiyatinin-ana-cizgileri\/","title":{"rendered":"Modern T\u00fcrk Edebiyat\u0131n\u0131n Ana \u00c7izgileri"},"content":{"rendered":"<p>T\u00fcrk edebiyat\u0131n\u0131n islam medeniyeti kadrosu i\u00e7inde do\u011fmu\u015f olan Divan Edebiyat\u0131ndan s\u0131yr\u0131larak avrupai bir karaktere b\u00fcr\u00fcnmeye ba\u015flamas\u0131 19. asr\u0131n ikinci yar\u0131s\u0131na rastlar. \u0130slami edebiyat\u0131n b\u00fct\u00fcn \u00f6zelliklerine sahip olabilmek i\u00e7in 11. as\u0131rdan 15. as\u0131ra kadar uzun bir intibak devresi ge\u00e7irdikten sonra 19. asr\u0131n ortalar\u0131na kadar geli\u015fip k\u00f6kle\u015ferek T\u00fcrk ayd\u0131nlar\u0131n\u0131n g\u00f6z\u00fcndeki de\u011ferini koruyan Divan Edebiyat\u0131, bu asr\u0131n ikinci yar\u0131s\u0131nda yeti\u015fen idealist, \u00e7ok kabileyetli yazarlarla \u015fairlerin \u00e7ok dinamik ve s\u00fcrekli \u00e7abalar\u0131 ile, k\u0131rk y\u0131l gibi k\u0131sa bir s\u00fcre i\u00e7inde, yerini h\u0131zla bat\u0131l\u0131 bir edebiyata b\u0131rakt\u0131. \ufffcTan\u0131t\u0131m Metni<\/p>\n","protected":false},"excerpt":{"rendered":"<p>T\u00fcrk edebiyat\u0131n\u0131n islam medeniyeti kadrosu i\u00e7inde do\u011fmu\u015f olan Divan Edebiyat\u0131ndan s\u0131yr\u0131larak avrupai bir karaktere b\u00fcr\u00fcnmeye ba\u015flamas\u0131 19. asr\u0131n ikinci yar\u0131s\u0131na rastlar. \u0130slami edebiyat\u0131n b\u00fct\u00fcn \u00f6zelliklerine sahip<span class=\"excerpt-hellip\"> [\u2026]<\/span><\/p>\n","protected":false},"featured_media":0,"template":"","meta":{"_monsterinsights_skip_tracking":false,"_monsterinsights_sitenote_active":false,"_monsterinsights_sitenote_note":"","_monsterinsights_sitenote_category":0},"product_brand":[],"product_cat":[13590,12337],"product_tag":[],"class_list":{"0":"post-689850","1":"product","2":"type-product","3":"status-publish","5":"product_cat-arastirma-inceleme-politika-siyaset","6":"product_cat-politika-siyaset","7":"pa_cilt-ciltsiz","8":"pa_tur-kitap","9":"pa_yayinevi-inkilap-kitabevi","10":"pa_yazar-kenan-akyuz","12":"first","13":"instock","14":"sale","15":"shipping-taxable","16":"purchasable","17":"product-type-simple"},"_links":{"self":[{"href":"https:\/\/roveyayinevi.com.tr\/index.php\/wp-json\/wp\/v2\/product\/689850","targetHints":{"allow":["GET"]}}],"collection":[{"href":"https:\/\/roveyayinevi.com.tr\/index.php\/wp-json\/wp\/v2\/product"}],"about":[{"href":"https:\/\/roveyayinevi.com.tr\/index.php\/wp-json\/wp\/v2\/types\/product"}],"wp:attachment":[{"href":"https:\/\/roveyayinevi.com.tr\/index.php\/wp-json\/wp\/v2\/media?parent=689850"}],"wp:term":[{"taxonomy":"product_brand","embeddable":true,"href":"https:\/\/roveyayinevi.com.tr\/index.php\/wp-json\/wp\/v2\/product_brand?post=689850"},{"taxonomy":"product_cat","embeddable":true,"href":"https:\/\/roveyayinevi.com.tr\/index.php\/wp-json\/wp\/v2\/product_cat?post=689850"},{"taxonomy":"product_tag","embeddable":true,"href":"https:\/\/roveyayinevi.com.tr\/index.php\/wp-json\/wp\/v2\/product_tag?post=689850"}],"curies":[{"name":"wp","href":"https:\/\/api.w.org\/{rel}","templated":true}]}}