{"id":689849,"date":"2025-08-27T13:48:40","date_gmt":"2025-08-27T10:48:40","guid":{"rendered":"https:\/\/roveyayinevi.com.tr\/index.php\/urun\/mesneviden-secmeler\/"},"modified":"2026-04-16T01:59:25","modified_gmt":"2026-04-15T22:59:25","slug":"mesneviden-secmeler","status":"publish","type":"product","link":"https:\/\/roveyayinevi.com.tr\/index.php\/urun\/mesneviden-secmeler\/","title":{"rendered":"Mesnevi\u2019den Se\u00e7meler"},"content":{"rendered":"<p>Harf nedir ki sen onu d\u00fc\u015f\u00fcn\u00fcyorsun! Harf nedir? \u00dcz\u00fcm ba\u011f\u0131n\u0131n dikenden duvar\u0131! Harfi, sesi, s\u00f6z\u00fc birbirine vurup par\u00e7alayay\u0131m da seninle bu \u00fc\u00e7\u00fc olmaks\u0131z\u0131n konu\u015fay\u0131m. Mevlana! Kendisinden \u00f6nce gelen \u015fairlerin s\u00f6z\u00fcn\u00fc tamamlayan ve sonraya a\u015fk\u0131n b\u00fct\u00fcn hallerini bir bir hat\u0131rlatan b\u00fcy\u00fck a\u015fk insan\u0131&#8230; \u015eair, d\u00fc\u015f\u00fcnce insan\u0131, mutasavv\u0131f gibi s\u0131fatlar yaln\u0131zca bir s\u0131fat olarak kal\u0131r onda. Yunus Emre, nas\u0131l insanla\u015fm\u0131\u015f Anadolu ise Mevlana, insanla\u015fm\u0131\u015f a\u015fkt\u0131r. A\u015fka binlerce kap\u0131 a\u00e7m\u0131\u015f ve b\u00f6ylelikle b\u00fct\u00fcn \u00fcmitsizlik kuyular\u0131n\u0131 kapatm\u0131\u015f olan bir g\u00f6n\u00fcl insan\u0131d\u0131r. A\u015fk, son s\u00f6zd\u00fcr \u00e7\u00fcnk\u00fc a\u015fk gelince di\u011ferleri varl\u0131k alemini terk eder. T\u0131pk\u0131 a\u015fkla bu alem yarat\u0131ld\u0131\u011f\u0131nda yoklu\u011fun yerini varl\u0131\u011fa b\u0131rakmas\u0131 gibi&#8230; Alem, a\u015fkla ba\u015flang\u0131\u00e7tad\u0131r. Ve insan, bu a\u015fk\u0131 dillendiren biricik sestir! S\u00f6z \u0131rma\u011f\u0131n\u0131n sonu denizdir. Deniz ise Mevlana\u2019d\u0131r. Ne mutlu ki Mevlana gibi bir m\u00fccevherin par\u0131lt\u0131s\u0131n\u0131 tekrar okuyup bu par\u0131lt\u0131dan yine binlerce dersler ald\u0131k. Sizler de bu yolda kalbinizin inleyi\u015fini duyar, melali anlayan nesillerden olursunuz. <\/p>\n","protected":false},"excerpt":{"rendered":"<p>Harf nedir ki sen onu d\u00fc\u015f\u00fcn\u00fcyorsun! Harf nedir? \u00dcz\u00fcm ba\u011f\u0131n\u0131n dikenden duvar\u0131! Harfi, sesi, s\u00f6z\u00fc birbirine vurup par\u00e7alayay\u0131m da seninle bu \u00fc\u00e7\u00fc olmaks\u0131z\u0131n konu\u015fay\u0131m. Mevlana! Kendisinden<span class=\"excerpt-hellip\"> [\u2026]<\/span><\/p>\n","protected":false},"featured_media":0,"template":"","meta":{"_monsterinsights_skip_tracking":false,"_monsterinsights_sitenote_active":false,"_monsterinsights_sitenote_note":"","_monsterinsights_sitenote_category":0},"product_brand":[],"product_cat":[12718,12719,15238],"product_tag":[],"class_list":{"0":"post-689849","1":"product","2":"type-product","3":"status-publish","5":"product_cat-din","6":"product_cat-islam","7":"product_cat-tasavvuf","8":"pa_cilt-ciltsiz","9":"pa_tur-kitap","10":"pa_yayinevi-inkilap-kitabevi","11":"pa_yazar-mevlana-celaleddin-rumi","13":"first","14":"instock","15":"sale","16":"shipping-taxable","17":"purchasable","18":"product-type-simple"},"_links":{"self":[{"href":"https:\/\/roveyayinevi.com.tr\/index.php\/wp-json\/wp\/v2\/product\/689849","targetHints":{"allow":["GET"]}}],"collection":[{"href":"https:\/\/roveyayinevi.com.tr\/index.php\/wp-json\/wp\/v2\/product"}],"about":[{"href":"https:\/\/roveyayinevi.com.tr\/index.php\/wp-json\/wp\/v2\/types\/product"}],"wp:attachment":[{"href":"https:\/\/roveyayinevi.com.tr\/index.php\/wp-json\/wp\/v2\/media?parent=689849"}],"wp:term":[{"taxonomy":"product_brand","embeddable":true,"href":"https:\/\/roveyayinevi.com.tr\/index.php\/wp-json\/wp\/v2\/product_brand?post=689849"},{"taxonomy":"product_cat","embeddable":true,"href":"https:\/\/roveyayinevi.com.tr\/index.php\/wp-json\/wp\/v2\/product_cat?post=689849"},{"taxonomy":"product_tag","embeddable":true,"href":"https:\/\/roveyayinevi.com.tr\/index.php\/wp-json\/wp\/v2\/product_tag?post=689849"}],"curies":[{"name":"wp","href":"https:\/\/api.w.org\/{rel}","templated":true}]}}