{"id":689848,"date":"2025-08-27T13:48:40","date_gmt":"2025-08-27T10:48:40","guid":{"rendered":"https:\/\/roveyayinevi.com.tr\/index.php\/urun\/stepancikovo-koyu\/"},"modified":"2026-04-16T01:59:25","modified_gmt":"2026-04-15T22:59:25","slug":"stepancikovo-koyu","status":"publish","type":"product","link":"https:\/\/roveyayinevi.com.tr\/index.php\/urun\/stepancikovo-koyu\/","title":{"rendered":"Stepan\u00e7ikovo K\u00f6y\u00fc"},"content":{"rendered":"<p>Fyodor Mihaylovi\u00e7 Dostoyevski (1821-1881): \u0130lk roman\u0131 \u0130nsanc\u0131klar 1846\u2019da yay\u0131mland\u0131. \u00dcnl\u00fc ele\u015ftirmen V. Belinski bu eser \u00fczerine Dostoyevski\u2019den gelece\u011fin b\u00fcy\u00fck yazar\u0131 olarak s\u00f6z etti. Ancak daha sonra yay\u0131mlanan eserleri o d\u00f6nemde fazla ilgi g\u00f6rmedi. Yazar 1849\u2019da I. Nikola\u2019n\u0131n bask\u0131c\u0131 rejimine muhalif Petra\u015fevski grubunun \u00fcyesi oldu\u011fu gerek\u00e7esiyle tutukland\u0131. Kur\u015funa dizilmek \u00fczereyken cezas\u0131 s\u00fcrg\u00fcn ve zorunlu askerli\u011fe \u00e7evrildi. Cezas\u0131n\u0131 tamamlay\u0131p Sibirya\u2019dan d\u00f6nd\u00fckten sonra Petersburg\u2019da Vremya dergisini \u00e7\u0131karmaya ba\u015flad\u0131. Dostoyevski, 1859\u2019da yay\u0131mlanan Stepan\u00e7ikovo K\u00f6y\u00fc\u2019nde \u00e7izdi\u011fi karakterlerle Rus ki\u015fili\u011finin k\u00f6yde de \u015fehirdekinden farks\u0131z oldu\u011funu sergiler. \ufffc<\/p>\n","protected":false},"excerpt":{"rendered":"<p>Fyodor Mihaylovi\u00e7 Dostoyevski (1821-1881): \u0130lk roman\u0131 \u0130nsanc\u0131klar 1846\u2019da yay\u0131mland\u0131. \u00dcnl\u00fc ele\u015ftirmen V. Belinski bu eser \u00fczerine Dostoyevski\u2019den gelece\u011fin b\u00fcy\u00fck yazar\u0131 olarak s\u00f6z etti. Ancak daha sonra<span class=\"excerpt-hellip\"> [\u2026]<\/span><\/p>\n","protected":false},"featured_media":0,"template":"","meta":{"_monsterinsights_skip_tracking":false,"_monsterinsights_sitenote_active":false,"_monsterinsights_sitenote_note":"","_monsterinsights_sitenote_category":0},"product_brand":[],"product_cat":[12291,13570],"product_tag":[],"class_list":{"0":"post-689848","1":"product","2":"type-product","3":"status-publish","5":"product_cat-edebiyat","6":"product_cat-rus-edebiyati","7":"pa_cilt-ciltsiz","8":"pa_tur-kitap","9":"pa_yayinevi-is-bankasi-kultur-yayinlari","10":"pa_yazar-fyodor-mihaylovic-dostoyevski","12":"first","13":"instock","14":"sale","15":"shipping-taxable","16":"purchasable","17":"product-type-simple"},"_links":{"self":[{"href":"https:\/\/roveyayinevi.com.tr\/index.php\/wp-json\/wp\/v2\/product\/689848","targetHints":{"allow":["GET"]}}],"collection":[{"href":"https:\/\/roveyayinevi.com.tr\/index.php\/wp-json\/wp\/v2\/product"}],"about":[{"href":"https:\/\/roveyayinevi.com.tr\/index.php\/wp-json\/wp\/v2\/types\/product"}],"wp:attachment":[{"href":"https:\/\/roveyayinevi.com.tr\/index.php\/wp-json\/wp\/v2\/media?parent=689848"}],"wp:term":[{"taxonomy":"product_brand","embeddable":true,"href":"https:\/\/roveyayinevi.com.tr\/index.php\/wp-json\/wp\/v2\/product_brand?post=689848"},{"taxonomy":"product_cat","embeddable":true,"href":"https:\/\/roveyayinevi.com.tr\/index.php\/wp-json\/wp\/v2\/product_cat?post=689848"},{"taxonomy":"product_tag","embeddable":true,"href":"https:\/\/roveyayinevi.com.tr\/index.php\/wp-json\/wp\/v2\/product_tag?post=689848"}],"curies":[{"name":"wp","href":"https:\/\/api.w.org\/{rel}","templated":true}]}}