{"id":689843,"date":"2025-08-27T13:48:39","date_gmt":"2025-08-27T10:48:39","guid":{"rendered":"https:\/\/roveyayinevi.com.tr\/index.php\/urun\/lykurgosun-hayati\/"},"modified":"2026-04-16T01:59:25","modified_gmt":"2026-04-15T22:59:25","slug":"lykurgosun-hayati","status":"publish","type":"product","link":"https:\/\/roveyayinevi.com.tr\/index.php\/urun\/lykurgosun-hayati\/","title":{"rendered":"Lykurgos\u2019un Hayat\u0131"},"content":{"rendered":"<p>Plutarkhos (46-119?): Eserleri 16. y\u00fczy\u0131ldan 19. y\u00fczy\u0131la kadar Avrupa\u2019da tarih ve deneme yaz\u0131m\u0131n\u0131 b\u00fcy\u00fck \u00f6l\u00e7\u00fcde etkileyen \u00e7ok verimli bir yazard\u0131r. Plutarkhos\u2019un Lamprias adl\u0131 kataloga g\u00f6re 227 eseri vard\u0131. Ahlak, din, do\u011fa, politika ve sanat \u00fczerine yazd\u0131klar\u0131ndan g\u00fcn\u00fcm\u00fcze ula\u015fanlar Ethika ad\u0131yla an\u0131l\u0131r. Yazar as\u0131l \u00fcn\u00fcn\u00fc Yunan ve Romal\u0131 kahramanlar\u0131 birbiriyle kar\u015f\u0131la\u015ft\u0131rd\u0131\u011f\u0131 Paralel Hayatlar adl\u0131 biyografik eseriyle kazanm\u0131\u015ft\u0131r. Bu eserde bir insan\u0131n ki\u015fili\u011finin kendi kaderine ve ba\u015fka insanlar\u0131n ya\u015famlar\u0131na olan etkilerini birbirine ba\u011flanmaya \u00e7al\u0131\u015fm\u0131\u015ft\u0131r. Lykurgos\u2019un Hayat\u0131 bu b\u00fcy\u00fck eserin bir b\u00f6l\u00fcm\u00fcd\u00fcr. <\/p>\n","protected":false},"excerpt":{"rendered":"<p>Plutarkhos (46-119?): Eserleri 16. y\u00fczy\u0131ldan 19. y\u00fczy\u0131la kadar Avrupa\u2019da tarih ve deneme yaz\u0131m\u0131n\u0131 b\u00fcy\u00fck \u00f6l\u00e7\u00fcde etkileyen \u00e7ok verimli bir yazard\u0131r. Plutarkhos\u2019un Lamprias adl\u0131 kataloga g\u00f6re 227<span class=\"excerpt-hellip\"> [\u2026]<\/span><\/p>\n","protected":false},"featured_media":0,"template":"","meta":{"_monsterinsights_skip_tracking":false,"_monsterinsights_sitenote_active":false,"_monsterinsights_sitenote_note":"","_monsterinsights_sitenote_category":0},"product_brand":[],"product_cat":[12388,14717],"product_tag":[],"class_list":{"0":"post-689843","1":"product","2":"type-product","3":"status-publish","5":"product_cat-felsefe","6":"product_cat-felsefe-tarihi","7":"pa_cilt-ciltsiz","8":"pa_tur-kitap","9":"pa_yayinevi-is-bankasi-kultur-yayinlari","10":"pa_yazar-plutarkhos","12":"first","13":"instock","14":"sale","15":"shipping-taxable","16":"purchasable","17":"product-type-simple"},"_links":{"self":[{"href":"https:\/\/roveyayinevi.com.tr\/index.php\/wp-json\/wp\/v2\/product\/689843","targetHints":{"allow":["GET"]}}],"collection":[{"href":"https:\/\/roveyayinevi.com.tr\/index.php\/wp-json\/wp\/v2\/product"}],"about":[{"href":"https:\/\/roveyayinevi.com.tr\/index.php\/wp-json\/wp\/v2\/types\/product"}],"wp:attachment":[{"href":"https:\/\/roveyayinevi.com.tr\/index.php\/wp-json\/wp\/v2\/media?parent=689843"}],"wp:term":[{"taxonomy":"product_brand","embeddable":true,"href":"https:\/\/roveyayinevi.com.tr\/index.php\/wp-json\/wp\/v2\/product_brand?post=689843"},{"taxonomy":"product_cat","embeddable":true,"href":"https:\/\/roveyayinevi.com.tr\/index.php\/wp-json\/wp\/v2\/product_cat?post=689843"},{"taxonomy":"product_tag","embeddable":true,"href":"https:\/\/roveyayinevi.com.tr\/index.php\/wp-json\/wp\/v2\/product_tag?post=689843"}],"curies":[{"name":"wp","href":"https:\/\/api.w.org\/{rel}","templated":true}]}}