{"id":689840,"date":"2025-08-27T13:48:38","date_gmt":"2025-08-27T10:48:38","guid":{"rendered":"https:\/\/roveyayinevi.com.tr\/index.php\/urun\/krizantem-ve-kilic\/"},"modified":"2026-04-16T01:59:25","modified_gmt":"2026-04-15T22:59:25","slug":"krizantem-ve-kilic","status":"publish","type":"product","link":"https:\/\/roveyayinevi.com.tr\/index.php\/urun\/krizantem-ve-kilic\/","title":{"rendered":"Krizantem ve K\u0131l\u0131\u00e7"},"content":{"rendered":"<p>Amerikan antropoloji okulunun en \u00f6nemli isimlerinden Ruth Benedict\u2019in bu eseri, ilk bas\u0131m\u0131n\u0131n \u00fczerinden altm\u0131\u015f y\u0131l ge\u00e7mesine kar\u015f\u0131n, Japonya\u2019ya ve genel anlamda k\u00fclt\u00fcr tarihine ilgi duyan herkesin ba\u015fvurdu\u011fu bir kaynak olmaya ve \u00e7e\u015fitli dillerde s\u00fcrekli yeni bask\u0131lar yapmaya devam ediyor. Japon toplumunun, g\u00fcnl\u00fck ya\u015fama, adetlere ve geleneklere yans\u0131yan davran\u0131\u015f bi\u00e7emi ve karakterini \u00e7ok parlak bir \u015fekilde tahlil eden Krizantem ve K\u0131l\u0131\u00e7, k\u00fclt\u00fcrel antropolojinin \u00e7\u0131\u011f\u0131r a\u00e7m\u0131\u015f kurucu metinlerinden biri olmay\u0131 s\u00fcrd\u00fcr\u00fcyor. Japonya\u2019n\u0131n siyasi, dini ve iktisadi ya\u015fam\u0131n\u0131n 7. y\u00fczy\u0131ldan \u0130kinci D\u00fcnya Sava\u015f\u0131\u2019na kadar i\u00e7inden ge\u00e7ti\u011fi \u00e7e\u015fitli evreleri de \u00e7al\u0131\u015fman\u0131n fonuna yerle\u015ftiren Benedict, Japon ideolojisinin geli\u015fimini g\u00f6zler \u00f6n\u00fcne sererken, ayn\u0131 zamanda bu karma\u015f\u0131k toplumu t\u00fcm b\u00fcy\u00fcleyicili\u011fiyle yan\u0131 ba\u015f\u0131m\u0131za getiriyor. Japon toplumu hakk\u0131nda bug\u00fcne kadar yaz\u0131lm\u0131\u015f en iyi eserlerden biri&#8230; -U.S News ve Report- Benzersiz ve \u00f6nemli&#8230; Bu \u00e7al\u0131\u015fma, sadeli\u011fin ayd\u0131nlat\u0131c\u0131 g\u00fcc\u00fcn\u00fc kan\u0131tl\u0131yor. -New York Times- Ruth Benedict (1887-1948), 20. y\u00fczy\u0131l\u0131n en \u00f6nemli antropologlar\u0131ndan biriydi. ABD&#8217;de k\u00fclt\u00fcrel antropolojinin kurucu isimlerinden biri olan Benedict, Columbia \u00dcniversitesi&#8217;nde okudu\u011fu d\u00f6nemde Amerikan antropolojisinin babas\u0131 olarak bilinen Franz Boas&#8217;\u0131n \u00f6\u011frencisi olmu\u015ftu. Y\u0131llar\u0131ca Amerikan Antropoloji Cemiyeti&#8217;nin ba\u015fkanl\u0131\u011f\u0131n\u0131 yapan Ruth Benedict, ayn\u0131 zamanda Amerikan Folklor Derne\u011fi&#8217;nin de \u00f6nde gelen \u00fcyelerinden biriydi. Krizantem ve K\u0131l\u0131\u00e7 kadar etki yapan ve \u00e7ok satan di\u011fer eseri de Patterns of Culture (1934) oldu. \ufffcTan\u0131t\u0131m Metni<\/p>\n","protected":false},"excerpt":{"rendered":"<p>Amerikan antropoloji okulunun en \u00f6nemli isimlerinden Ruth Benedict\u2019in bu eseri, ilk bas\u0131m\u0131n\u0131n \u00fczerinden altm\u0131\u015f y\u0131l ge\u00e7mesine kar\u015f\u0131n, Japonya\u2019ya ve genel anlamda k\u00fclt\u00fcr tarihine ilgi duyan herkesin<span class=\"excerpt-hellip\"> [\u2026]<\/span><\/p>\n","protected":false},"featured_media":0,"template":"","meta":{"_monsterinsights_skip_tracking":false,"_monsterinsights_sitenote_active":false,"_monsterinsights_sitenote_note":"","_monsterinsights_sitenote_category":0},"product_brand":[],"product_cat":[15499,13488],"product_tag":[],"class_list":{"0":"post-689840","1":"product","2":"type-product","3":"status-publish","5":"product_cat-antropoloji","6":"product_cat-toplum-ve-insan","7":"pa_cilt-ciltsiz","8":"pa_tur-kitap","9":"pa_yayinevi-is-bankasi-kultur-yayinlari","10":"pa_yazar-ruth-benedict","12":"first","13":"instock","14":"sale","15":"shipping-taxable","16":"purchasable","17":"product-type-simple"},"_links":{"self":[{"href":"https:\/\/roveyayinevi.com.tr\/index.php\/wp-json\/wp\/v2\/product\/689840","targetHints":{"allow":["GET"]}}],"collection":[{"href":"https:\/\/roveyayinevi.com.tr\/index.php\/wp-json\/wp\/v2\/product"}],"about":[{"href":"https:\/\/roveyayinevi.com.tr\/index.php\/wp-json\/wp\/v2\/types\/product"}],"wp:attachment":[{"href":"https:\/\/roveyayinevi.com.tr\/index.php\/wp-json\/wp\/v2\/media?parent=689840"}],"wp:term":[{"taxonomy":"product_brand","embeddable":true,"href":"https:\/\/roveyayinevi.com.tr\/index.php\/wp-json\/wp\/v2\/product_brand?post=689840"},{"taxonomy":"product_cat","embeddable":true,"href":"https:\/\/roveyayinevi.com.tr\/index.php\/wp-json\/wp\/v2\/product_cat?post=689840"},{"taxonomy":"product_tag","embeddable":true,"href":"https:\/\/roveyayinevi.com.tr\/index.php\/wp-json\/wp\/v2\/product_tag?post=689840"}],"curies":[{"name":"wp","href":"https:\/\/api.w.org\/{rel}","templated":true}]}}