{"id":689838,"date":"2025-08-27T13:48:38","date_gmt":"2025-08-27T10:48:38","guid":{"rendered":"https:\/\/roveyayinevi.com.tr\/index.php\/urun\/kopuk-ile-pitir\/"},"modified":"2026-04-16T01:59:25","modified_gmt":"2026-04-15T22:59:25","slug":"kopuk-ile-pitir","status":"publish","type":"product","link":"https:\/\/roveyayinevi.com.tr\/index.php\/urun\/kopuk-ile-pitir\/","title":{"rendered":"K\u00f6p\u00fck ile P\u0131t\u0131r"},"content":{"rendered":"<p>K\u00f6p\u00fck\u2019\u00fcn P\u0131t\u0131r ad\u0131nda k\u00fc\u00e7\u00fck bir k\u0131z karde\u015fi vard\u0131. P\u0131t\u0131r \u00e7ok sevimli, ama biraz yaramazd\u0131. Bam! diye minik kar kul\u00fcbesinin \u00fczerine atlard\u0131. Fo\u015fur! diye suya dalard\u0131. Bu yaramazl\u0131klardan b\u0131kan K\u00f6p\u00fck bazen, \u2018Ke\u015fke P\u0131t\u0131r ba\u015fka yerde oynasa,\u2019 diye d\u00fc\u015f\u00fcn\u00fcrd\u00fc. G\u00fcnlerden bir g\u00fcn, iki karde\u015f kar f\u0131rt\u0131nas\u0131na yakaland\u0131lar. Acaba K\u00f6p\u00fck karde\u015fini f\u0131rt\u0131nadan kurtar\u0131p, ne kadar harika bir a\u011fabey oldu\u011funu kan\u0131tlayabilecek mi? \ufffc<\/p>\n","protected":false},"excerpt":{"rendered":"<p>K\u00f6p\u00fck\u2019\u00fcn P\u0131t\u0131r ad\u0131nda k\u00fc\u00e7\u00fck bir k\u0131z karde\u015fi vard\u0131. P\u0131t\u0131r \u00e7ok sevimli, ama biraz yaramazd\u0131. Bam! diye minik kar kul\u00fcbesinin \u00fczerine atlard\u0131. Fo\u015fur! diye suya dalard\u0131. Bu<span class=\"excerpt-hellip\"> [\u2026]<\/span><\/p>\n","protected":false},"featured_media":0,"template":"","meta":{"_monsterinsights_skip_tracking":false,"_monsterinsights_sitenote_active":false,"_monsterinsights_sitenote_note":"","_monsterinsights_sitenote_category":0},"product_brand":[],"product_cat":[12913,12274],"product_tag":[],"class_list":{"0":"post-689838","1":"product","2":"type-product","3":"status-publish","5":"product_cat-3-6-yas-kitaplari","6":"product_cat-cocuk-ve-genclik-kitaplari","7":"pa_cilt-ciltsiz","8":"pa_tur-kitap","9":"pa_yayinevi-is-bankasi-kultur-yayinlari","10":"pa_yazar-david-bedford","12":"first","13":"instock","14":"sale","15":"shipping-taxable","16":"purchasable","17":"product-type-simple"},"_links":{"self":[{"href":"https:\/\/roveyayinevi.com.tr\/index.php\/wp-json\/wp\/v2\/product\/689838","targetHints":{"allow":["GET"]}}],"collection":[{"href":"https:\/\/roveyayinevi.com.tr\/index.php\/wp-json\/wp\/v2\/product"}],"about":[{"href":"https:\/\/roveyayinevi.com.tr\/index.php\/wp-json\/wp\/v2\/types\/product"}],"wp:attachment":[{"href":"https:\/\/roveyayinevi.com.tr\/index.php\/wp-json\/wp\/v2\/media?parent=689838"}],"wp:term":[{"taxonomy":"product_brand","embeddable":true,"href":"https:\/\/roveyayinevi.com.tr\/index.php\/wp-json\/wp\/v2\/product_brand?post=689838"},{"taxonomy":"product_cat","embeddable":true,"href":"https:\/\/roveyayinevi.com.tr\/index.php\/wp-json\/wp\/v2\/product_cat?post=689838"},{"taxonomy":"product_tag","embeddable":true,"href":"https:\/\/roveyayinevi.com.tr\/index.php\/wp-json\/wp\/v2\/product_tag?post=689838"}],"curies":[{"name":"wp","href":"https:\/\/api.w.org\/{rel}","templated":true}]}}